{"id":3388,"date":"2016-09-18T09:50:02","date_gmt":"2016-09-18T09:50:02","guid":{"rendered":"https:\/\/exim.ee\/automotive-fluids\/"},"modified":"2024-10-23T13:19:21","modified_gmt":"2024-10-23T13:19:21","slug":"huoltokemikaalit","status":"publish","type":"page","link":"https:\/\/exim.ee\/fi\/huoltokemikaalit\/","title":{"rendered":"HUOLTOKEMIKAALIT"},"content":{"rendered":"\t\t<div data-elementor-type=\"wp-page\" data-elementor-id=\"3388\" class=\"elementor elementor-3388\" data-elementor-post-type=\"page\">\n\t\t\t\t<div class=\"elementor-element elementor-element-6a260e9 e-flex e-con-boxed e-con e-parent\" data-id=\"6a260e9\" data-element_type=\"container\">\n\t\t\t\t\t<div class=\"e-con-inner\">\n\t\t<div class=\"elementor-element elementor-element-5a1cea7 e-con-full e-flex e-con e-child\" data-id=\"5a1cea7\" data-element_type=\"container\" data-settings=\"{&quot;background_background&quot;:&quot;classic&quot;}\">\n\t\t\t\t<div class=\"elementor-element elementor-element-8e40497 elementor-widget elementor-widget-heading\" data-id=\"8e40497\" data-element_type=\"widget\" data-widget_type=\"heading.default\">\n\t\t\t\t<div class=\"elementor-widget-container\">\n\t\t\t<style>\/*! elementor - v3.22.0 - 26-06-2024 *\/\n.elementor-heading-title{padding:0;margin:0;line-height:1}.elementor-widget-heading .elementor-heading-title[class*=elementor-size-]>a{color:inherit;font-size:inherit;line-height:inherit}.elementor-widget-heading .elementor-heading-title.elementor-size-small{font-size:15px}.elementor-widget-heading .elementor-heading-title.elementor-size-medium{font-size:19px}.elementor-widget-heading .elementor-heading-title.elementor-size-large{font-size:29px}.elementor-widget-heading .elementor-heading-title.elementor-size-xl{font-size:39px}.elementor-widget-heading .elementor-heading-title.elementor-size-xxl{font-size:59px}<\/style><h1 class=\"elementor-heading-title elementor-size-default\">HUOLTOKEMIKAALIT<\/h1>\t\t<\/div>\n\t\t\t\t<\/div>\n\t\t\t\t<div class=\"elementor-element elementor-element-4d2bb03 elementor-widget elementor-widget-html\" data-id=\"4d2bb03\" data-element_type=\"widget\" data-widget_type=\"html.default\">\n\t\t\t\t<div class=\"elementor-widget-container\">\n\t\t\t<style>\n    #main .fusion-row,.e-con>.e-con-inner{\n        max-width: 100vw !important;\n    }\n\n    #main,.e-con{\n        padding-left:0 !important;\n        padding-right:0 !important;\n    }\n    .kast{\n        max-width: 77vw !important;\n        margin-left: auto;\n        margin-right: auto;\n    }\n     @media only screen and (max-width: 768px) {\n              .valik  .elementor-image-box-wrapper {\n                    display: flex;\n                    text-align: left;\n                }\n                   .valik figure {\n                       padding-top:10px;\n                       \n                       \n                   }\n                   .valik .elementor-image-box-title{\n                       padding-left:20px;\n                   }\n                   .valik .elementor-image-box-wrapper{\n                       padding-left:10px;\n                   }\n            }\n<\/style>\t\t<\/div>\n\t\t\t\t<\/div>\n\t\t\t\t<\/div>\n\t\t\t\t\t<\/div>\n\t\t\t\t<\/div>\n\t\t<div class=\"elementor-element elementor-element-cfcc5db e-grid kast e-con-boxed e-con e-parent\" data-id=\"cfcc5db\" data-element_type=\"container\">\n\t\t\t\t\t<div class=\"e-con-inner\">\n\t\t\t\t<div class=\"elementor-element elementor-element-8d9f069 elementor-position-left elementor-vertical-align-middle valik elementor-widget elementor-widget-image-box\" data-id=\"8d9f069\" data-element_type=\"widget\" data-widget_type=\"image-box.default\">\n\t\t\t\t<div class=\"elementor-widget-container\">\n\t\t\t<style>\/*! elementor - v3.22.0 - 26-06-2024 *\/\n.elementor-widget-image-box .elementor-image-box-content{width:100%}@media (min-width:768px){.elementor-widget-image-box.elementor-position-left .elementor-image-box-wrapper,.elementor-widget-image-box.elementor-position-right .elementor-image-box-wrapper{display:flex}.elementor-widget-image-box.elementor-position-right .elementor-image-box-wrapper{text-align:end;flex-direction:row-reverse}.elementor-widget-image-box.elementor-position-left .elementor-image-box-wrapper{text-align:start;flex-direction:row}.elementor-widget-image-box.elementor-position-top .elementor-image-box-img{margin:auto}.elementor-widget-image-box.elementor-vertical-align-top .elementor-image-box-wrapper{align-items:flex-start}.elementor-widget-image-box.elementor-vertical-align-middle .elementor-image-box-wrapper{align-items:center}.elementor-widget-image-box.elementor-vertical-align-bottom .elementor-image-box-wrapper{align-items:flex-end}}@media (max-width:767px){.elementor-widget-image-box .elementor-image-box-img{margin-left:auto!important;margin-right:auto!important;margin-bottom:15px}}.elementor-widget-image-box .elementor-image-box-img{display:inline-block}.elementor-widget-image-box .elementor-image-box-title a{color:inherit}.elementor-widget-image-box .elementor-image-box-wrapper{text-align:center}.elementor-widget-image-box .elementor-image-box-description{margin:0}<\/style><div class=\"elementor-image-box-wrapper\"><figure class=\"elementor-image-box-img\"><a href=\"https:\/\/exim.ee\/fi\/huoltokemikaalit\/jaahdytinnesteet\/\" tabindex=\"-1\"><img fetchpriority=\"high\" decoding=\"async\" width=\"640\" height=\"640\" src=\"https:\/\/exim.ee\/wp-content\/uploads\/2024\/07\/Image-1-x-1000L-1-2.jpg\" class=\"attachment-full size-full wp-image-2043\" alt=\"\" srcset=\"https:\/\/exim.ee\/wp-content\/uploads\/2024\/07\/Image-1-x-1000L-1-2-66x66.jpg 66w, https:\/\/exim.ee\/wp-content\/uploads\/2024\/07\/Image-1-x-1000L-1-2-150x150.jpg 150w, https:\/\/exim.ee\/wp-content\/uploads\/2024\/07\/Image-1-x-1000L-1-2-200x200.jpg 200w, https:\/\/exim.ee\/wp-content\/uploads\/2024\/07\/Image-1-x-1000L-1-2-300x300.jpg 300w, https:\/\/exim.ee\/wp-content\/uploads\/2024\/07\/Image-1-x-1000L-1-2-400x400.jpg 400w, https:\/\/exim.ee\/wp-content\/uploads\/2024\/07\/Image-1-x-1000L-1-2-600x600.jpg 600w, https:\/\/exim.ee\/wp-content\/uploads\/2024\/07\/Image-1-x-1000L-1-2.jpg 640w\" sizes=\"(max-width: 640px) 100vw, 640px\" \/><\/a><\/figure><div class=\"elementor-image-box-content\"><span class=\"elementor-image-box-title\"><a href=\"https:\/\/exim.ee\/fi\/huoltokemikaalit\/jaahdytinnesteet\/\">J\u00c4\u00c4HDYTINNESTEET<\/a><\/span><\/div><\/div>\t\t<\/div>\n\t\t\t\t<\/div>\n\t\t\t\t<div class=\"elementor-element elementor-element-7e44347 elementor-position-left elementor-vertical-align-middle elementor-position-left elementor-vertical-align-top valik elementor-widget elementor-widget-image-box\" data-id=\"7e44347\" data-element_type=\"widget\" data-widget_type=\"image-box.default\">\n\t\t\t\t<div class=\"elementor-widget-container\">\n\t\t\t<div class=\"elementor-image-box-wrapper\"><figure class=\"elementor-image-box-img\"><a href=\"https:\/\/exim.ee\/fi\/huoltokemikaalit\/tuulilasinpesuneste\/\" tabindex=\"-1\"><img fetchpriority=\"high\" decoding=\"async\" width=\"640\" height=\"640\" src=\"https:\/\/exim.ee\/wp-content\/uploads\/2024\/07\/Image-1-x-1000L-1-2.jpg\" class=\"attachment-full size-full wp-image-2043\" alt=\"\" srcset=\"https:\/\/exim.ee\/wp-content\/uploads\/2024\/07\/Image-1-x-1000L-1-2-66x66.jpg 66w, https:\/\/exim.ee\/wp-content\/uploads\/2024\/07\/Image-1-x-1000L-1-2-150x150.jpg 150w, https:\/\/exim.ee\/wp-content\/uploads\/2024\/07\/Image-1-x-1000L-1-2-200x200.jpg 200w, https:\/\/exim.ee\/wp-content\/uploads\/2024\/07\/Image-1-x-1000L-1-2-300x300.jpg 300w, https:\/\/exim.ee\/wp-content\/uploads\/2024\/07\/Image-1-x-1000L-1-2-400x400.jpg 400w, https:\/\/exim.ee\/wp-content\/uploads\/2024\/07\/Image-1-x-1000L-1-2-600x600.jpg 600w, https:\/\/exim.ee\/wp-content\/uploads\/2024\/07\/Image-1-x-1000L-1-2.jpg 640w\" sizes=\"(max-width: 640px) 100vw, 640px\" \/><\/a><\/figure><div class=\"elementor-image-box-content\"><span class=\"elementor-image-box-title\"><a href=\"https:\/\/exim.ee\/fi\/huoltokemikaalit\/tuulilasinpesuneste\/\">TUULILASINPESUNESTEET<\/a><\/span><\/div><\/div>\t\t<\/div>\n\t\t\t\t<\/div>\n\t\t\t\t<div class=\"elementor-element elementor-element-f2b4900 elementor-position-left elementor-vertical-align-middle valik elementor-widget elementor-widget-image-box\" data-id=\"f2b4900\" data-element_type=\"widget\" data-widget_type=\"image-box.default\">\n\t\t\t\t<div class=\"elementor-widget-container\">\n\t\t\t<div class=\"elementor-image-box-wrapper\"><figure class=\"elementor-image-box-img\"><a href=\"https:\/\/exim.ee\/fi\/huoltokemikaalit\/jarrunpuhdistus\" tabindex=\"-1\"><img decoding=\"async\" width=\"1000\" height=\"1000\" src=\"https:\/\/exim.ee\/wp-content\/uploads\/2024\/07\/60l-metall-batrrel.jpg\" class=\"attachment-full size-full wp-image-2044\" alt=\"\" srcset=\"https:\/\/exim.ee\/wp-content\/uploads\/2024\/07\/60l-metall-batrrel-66x66.jpg 66w, https:\/\/exim.ee\/wp-content\/uploads\/2024\/07\/60l-metall-batrrel-150x150.jpg 150w, https:\/\/exim.ee\/wp-content\/uploads\/2024\/07\/60l-metall-batrrel-200x200.jpg 200w, https:\/\/exim.ee\/wp-content\/uploads\/2024\/07\/60l-metall-batrrel-300x300.jpg 300w, https:\/\/exim.ee\/wp-content\/uploads\/2024\/07\/60l-metall-batrrel-400x400.jpg 400w, https:\/\/exim.ee\/wp-content\/uploads\/2024\/07\/60l-metall-batrrel-600x600.jpg 600w, https:\/\/exim.ee\/wp-content\/uploads\/2024\/07\/60l-metall-batrrel-768x768.jpg 768w, https:\/\/exim.ee\/wp-content\/uploads\/2024\/07\/60l-metall-batrrel-800x800.jpg 800w, https:\/\/exim.ee\/wp-content\/uploads\/2024\/07\/60l-metall-batrrel.jpg 1000w\" sizes=\"(max-width: 1000px) 100vw, 1000px\" \/><\/a><\/figure><div class=\"elementor-image-box-content\"><span class=\"elementor-image-box-title\"><a href=\"https:\/\/exim.ee\/fi\/huoltokemikaalit\/jarrunpuhdistus\">JARRUNPUHDISTUS<\/a><\/span><\/div><\/div>\t\t<\/div>\n\t\t\t\t<\/div>\n\t\t\t\t<div class=\"elementor-element elementor-element-f7d36af elementor-position-left elementor-vertical-align-middle valik elementor-widget elementor-widget-image-box\" data-id=\"f7d36af\" data-element_type=\"widget\" data-widget_type=\"image-box.default\">\n\t\t\t\t<div class=\"elementor-widget-container\">\n\t\t\t<div class=\"elementor-image-box-wrapper\"><figure class=\"elementor-image-box-img\"><a href=\"https:\/\/exim.ee\/fi\/huoltokemikaalit\/jarrunesteet\/\" tabindex=\"-1\"><img fetchpriority=\"high\" decoding=\"async\" width=\"640\" height=\"640\" src=\"https:\/\/exim.ee\/wp-content\/uploads\/2024\/07\/Image-1-x-1000L-1-2.jpg\" class=\"attachment-full size-full wp-image-2043\" alt=\"\" srcset=\"https:\/\/exim.ee\/wp-content\/uploads\/2024\/07\/Image-1-x-1000L-1-2-66x66.jpg 66w, https:\/\/exim.ee\/wp-content\/uploads\/2024\/07\/Image-1-x-1000L-1-2-150x150.jpg 150w, https:\/\/exim.ee\/wp-content\/uploads\/2024\/07\/Image-1-x-1000L-1-2-200x200.jpg 200w, https:\/\/exim.ee\/wp-content\/uploads\/2024\/07\/Image-1-x-1000L-1-2-300x300.jpg 300w, https:\/\/exim.ee\/wp-content\/uploads\/2024\/07\/Image-1-x-1000L-1-2-400x400.jpg 400w, https:\/\/exim.ee\/wp-content\/uploads\/2024\/07\/Image-1-x-1000L-1-2-600x600.jpg 600w, https:\/\/exim.ee\/wp-content\/uploads\/2024\/07\/Image-1-x-1000L-1-2.jpg 640w\" sizes=\"(max-width: 640px) 100vw, 640px\" \/><\/a><\/figure><div class=\"elementor-image-box-content\"><span class=\"elementor-image-box-title\"><a href=\"https:\/\/exim.ee\/fi\/huoltokemikaalit\/jarrunesteet\/\">JARRUNESTEET<\/a><\/span><\/div><\/div>\t\t<\/div>\n\t\t\t\t<\/div>\n\t\t\t\t<div class=\"elementor-element elementor-element-2e25185 elementor-position-left elementor-vertical-align-middle elementor-position-left elementor-vertical-align-top valik elementor-widget elementor-widget-image-box\" data-id=\"2e25185\" data-element_type=\"widget\" data-widget_type=\"image-box.default\">\n\t\t\t\t<div class=\"elementor-widget-container\">\n\t\t\t<div class=\"elementor-image-box-wrapper\"><figure class=\"elementor-image-box-img\"><a href=\"https:\/\/exim.ee\/fi\/huoltokemikaalit\/adblue\/\" tabindex=\"-1\"><img fetchpriority=\"high\" decoding=\"async\" width=\"640\" height=\"640\" src=\"https:\/\/exim.ee\/wp-content\/uploads\/2024\/07\/Image-1-x-1000L-1-2.jpg\" class=\"attachment-full size-full wp-image-2043\" alt=\"\" srcset=\"https:\/\/exim.ee\/wp-content\/uploads\/2024\/07\/Image-1-x-1000L-1-2-66x66.jpg 66w, https:\/\/exim.ee\/wp-content\/uploads\/2024\/07\/Image-1-x-1000L-1-2-150x150.jpg 150w, https:\/\/exim.ee\/wp-content\/uploads\/2024\/07\/Image-1-x-1000L-1-2-200x200.jpg 200w, https:\/\/exim.ee\/wp-content\/uploads\/2024\/07\/Image-1-x-1000L-1-2-300x300.jpg 300w, https:\/\/exim.ee\/wp-content\/uploads\/2024\/07\/Image-1-x-1000L-1-2-400x400.jpg 400w, https:\/\/exim.ee\/wp-content\/uploads\/2024\/07\/Image-1-x-1000L-1-2-600x600.jpg 600w, https:\/\/exim.ee\/wp-content\/uploads\/2024\/07\/Image-1-x-1000L-1-2.jpg 640w\" sizes=\"(max-width: 640px) 100vw, 640px\" \/><\/a><\/figure><div class=\"elementor-image-box-content\"><span class=\"elementor-image-box-title\"><a href=\"https:\/\/exim.ee\/fi\/huoltokemikaalit\/adblue\/\">ADBLUE<\/a><\/span><\/div><\/div>\t\t<\/div>\n\t\t\t\t<\/div>\n\t\t\t\t<div class=\"elementor-element elementor-element-d2b16fe elementor-position-left elementor-vertical-align-middle valik elementor-widget elementor-widget-image-box\" data-id=\"d2b16fe\" data-element_type=\"widget\" data-widget_type=\"image-box.default\">\n\t\t\t\t<div class=\"elementor-widget-container\">\n\t\t\t<div class=\"elementor-image-box-wrapper\"><figure class=\"elementor-image-box-img\"><a href=\"https:\/\/exim.ee\/fi\/huoltokemikaalit\/akkuvesi\" tabindex=\"-1\"><img fetchpriority=\"high\" decoding=\"async\" width=\"640\" height=\"640\" src=\"https:\/\/exim.ee\/wp-content\/uploads\/2024\/07\/Image-1-x-1000L-1-2.jpg\" class=\"attachment-full size-full wp-image-2043\" alt=\"\" srcset=\"https:\/\/exim.ee\/wp-content\/uploads\/2024\/07\/Image-1-x-1000L-1-2-66x66.jpg 66w, https:\/\/exim.ee\/wp-content\/uploads\/2024\/07\/Image-1-x-1000L-1-2-150x150.jpg 150w, https:\/\/exim.ee\/wp-content\/uploads\/2024\/07\/Image-1-x-1000L-1-2-200x200.jpg 200w, https:\/\/exim.ee\/wp-content\/uploads\/2024\/07\/Image-1-x-1000L-1-2-300x300.jpg 300w, https:\/\/exim.ee\/wp-content\/uploads\/2024\/07\/Image-1-x-1000L-1-2-400x400.jpg 400w, https:\/\/exim.ee\/wp-content\/uploads\/2024\/07\/Image-1-x-1000L-1-2-600x600.jpg 600w, https:\/\/exim.ee\/wp-content\/uploads\/2024\/07\/Image-1-x-1000L-1-2.jpg 640w\" sizes=\"(max-width: 640px) 100vw, 640px\" \/><\/a><\/figure><div class=\"elementor-image-box-content\"><span class=\"elementor-image-box-title\"><a href=\"https:\/\/exim.ee\/fi\/huoltokemikaalit\/akkuvesi\">AKKUVESI<\/a><\/span><\/div><\/div>\t\t<\/div>\n\t\t\t\t<\/div>\n\t\t\t\t<div class=\"elementor-element elementor-element-275d1f2 elementor-position-left elementor-vertical-align-middle valik elementor-widget elementor-widget-image-box\" data-id=\"275d1f2\" data-element_type=\"widget\" data-widget_type=\"image-box.default\">\n\t\t\t\t<div class=\"elementor-widget-container\">\n\t\t\t<div class=\"elementor-image-box-wrapper\"><figure class=\"elementor-image-box-img\"><a href=\"https:\/\/exim.ee\/fi\/huoltokemikaalit\/dieseljaanesto\/\" tabindex=\"-1\"><img decoding=\"async\" width=\"640\" height=\"640\" src=\"https:\/\/exim.ee\/wp-content\/uploads\/2024\/07\/Image-1-x-1000L-1-3.jpg\" class=\"attachment-full size-full wp-image-2355\" alt=\"\" srcset=\"https:\/\/exim.ee\/wp-content\/uploads\/2024\/07\/Image-1-x-1000L-1-3-66x66.jpg 66w, https:\/\/exim.ee\/wp-content\/uploads\/2024\/07\/Image-1-x-1000L-1-3-150x150.jpg 150w, https:\/\/exim.ee\/wp-content\/uploads\/2024\/07\/Image-1-x-1000L-1-3-200x200.jpg 200w, https:\/\/exim.ee\/wp-content\/uploads\/2024\/07\/Image-1-x-1000L-1-3-300x300.jpg 300w, https:\/\/exim.ee\/wp-content\/uploads\/2024\/07\/Image-1-x-1000L-1-3-400x400.jpg 400w, https:\/\/exim.ee\/wp-content\/uploads\/2024\/07\/Image-1-x-1000L-1-3-600x600.jpg 600w, https:\/\/exim.ee\/wp-content\/uploads\/2024\/07\/Image-1-x-1000L-1-3.jpg 640w\" sizes=\"(max-width: 640px) 100vw, 640px\" \/><\/a><\/figure><div class=\"elementor-image-box-content\"><span class=\"elementor-image-box-title\"><a href=\"https:\/\/exim.ee\/fi\/huoltokemikaalit\/dieseljaanesto\/\">DIESELJ\u00c4\u00c4NESTO<\/a><\/span><\/div><\/div>\t\t<\/div>\n\t\t\t\t<\/div>\n\t\t\t\t<div class=\"elementor-element elementor-element-bc8f1ec elementor-position-left elementor-vertical-align-middle valik elementor-widget elementor-widget-image-box\" data-id=\"bc8f1ec\" data-element_type=\"widget\" data-widget_type=\"image-box.default\">\n\t\t\t\t<div class=\"elementor-widget-container\">\n\t\t\t<div class=\"elementor-image-box-wrapper\"><figure class=\"elementor-image-box-img\"><a href=\"https:\/\/exim.ee\/wp-content\/uploads\/2024\/10\/04-Automotive-chemicals-01.09.24-ENG-V4-.pdf\" target=\"_blank\" tabindex=\"-1\"><img loading=\"lazy\" decoding=\"async\" width=\"841\" height=\"526\" src=\"https:\/\/exim.ee\/wp-content\/uploads\/2024\/07\/automotive-fluids-catalog.png\" class=\"attachment-full size-full wp-image-2057\" alt=\"\" srcset=\"https:\/\/exim.ee\/wp-content\/uploads\/2024\/07\/automotive-fluids-catalog-200x125.png 200w, https:\/\/exim.ee\/wp-content\/uploads\/2024\/07\/automotive-fluids-catalog-300x188.png 300w, https:\/\/exim.ee\/wp-content\/uploads\/2024\/07\/automotive-fluids-catalog-400x250.png 400w, https:\/\/exim.ee\/wp-content\/uploads\/2024\/07\/automotive-fluids-catalog-600x375.png 600w, https:\/\/exim.ee\/wp-content\/uploads\/2024\/07\/automotive-fluids-catalog-768x480.png 768w, https:\/\/exim.ee\/wp-content\/uploads\/2024\/07\/automotive-fluids-catalog-800x500.png 800w, https:\/\/exim.ee\/wp-content\/uploads\/2024\/07\/automotive-fluids-catalog.png 841w\" sizes=\"(max-width: 841px) 100vw, 841px\" \/><\/a><\/figure><div class=\"elementor-image-box-content\"><span class=\"elementor-image-box-title\"><a href=\"https:\/\/exim.ee\/wp-content\/uploads\/2024\/10\/04-Automotive-chemicals-01.09.24-ENG-V4-.pdf\" target=\"_blank\">HUOLTOKEMIKAALIT LUETTELO<\/a><\/span><\/div><\/div>\t\t<\/div>\n\t\t\t\t<\/div>\n\t\t\t\t\t<\/div>\n\t\t\t\t<\/div>\n\t\t\t\t<\/div>\n\t\t","protected":false},"excerpt":{"rendered":"<p>HUOLTOKEMIKAALIT J\u00c4\u00c4HDYTINNESTEET TUULILASINPESUNESTEET JARRUNPUHDISTUS JARRUNESTEET ADBLUE AKKUVESI DIESELJ\u00c4\u00c4NESTO HUOLTOKEMIKAALIT LUETTELO<\/p>\n","protected":false},"author":2,"featured_media":0,"parent":0,"menu_order":0,"comment_status":"closed","ping_status":"closed","template":"100-width.php","meta":{"footnotes":""},"_links":{"self":[{"href":"https:\/\/exim.ee\/fi\/wp-json\/wp\/v2\/pages\/3388"}],"collection":[{"href":"https:\/\/exim.ee\/fi\/wp-json\/wp\/v2\/pages"}],"about":[{"href":"https:\/\/exim.ee\/fi\/wp-json\/wp\/v2\/types\/page"}],"author":[{"embeddable":true,"href":"https:\/\/exim.ee\/fi\/wp-json\/wp\/v2\/users\/2"}],"replies":[{"embeddable":true,"href":"https:\/\/exim.ee\/fi\/wp-json\/wp\/v2\/comments?post=3388"}],"version-history":[{"count":5,"href":"https:\/\/exim.ee\/fi\/wp-json\/wp\/v2\/pages\/3388\/revisions"}],"predecessor-version":[{"id":5199,"href":"https:\/\/exim.ee\/fi\/wp-json\/wp\/v2\/pages\/3388\/revisions\/5199"}],"wp:attachment":[{"href":"https:\/\/exim.ee\/fi\/wp-json\/wp\/v2\/media?parent=3388"}],"curies":[{"name":"wp","href":"https:\/\/api.w.org\/{rel}","templated":true}]}}