{"id":3430,"date":"2024-07-08T12:41:14","date_gmt":"2024-07-08T12:41:14","guid":{"rendered":"https:\/\/exim.ee\/huoltokemikaalit\/brake-cleaner\/"},"modified":"2026-02-12T19:25:30","modified_gmt":"2026-02-12T19:25:30","slug":"jarrunpuhdistus","status":"publish","type":"page","link":"https:\/\/exim.ee\/fi\/huoltokemikaalit\/jarrunpuhdistus\/","title":{"rendered":"JARRUNPUHDISTUS"},"content":{"rendered":"\t\t<div data-elementor-type=\"wp-page\" data-elementor-id=\"3430\" class=\"elementor elementor-3430\" data-elementor-post-type=\"page\">\n\t\t\t\t<div class=\"elementor-element elementor-element-6a260e9 e-flex e-con-boxed e-con e-parent\" data-id=\"6a260e9\" data-element_type=\"container\">\n\t\t\t\t\t<div class=\"e-con-inner\">\n\t\t<div class=\"elementor-element elementor-element-5a1cea7 e-con-full e-flex e-con e-child\" data-id=\"5a1cea7\" data-element_type=\"container\" data-settings=\"{&quot;background_background&quot;:&quot;classic&quot;}\">\n\t\t\t\t<div class=\"elementor-element elementor-element-8e40497 elementor-widget elementor-widget-heading\" data-id=\"8e40497\" data-element_type=\"widget\" data-widget_type=\"heading.default\">\n\t\t\t\t<div class=\"elementor-widget-container\">\n\t\t\t<style>\/*! elementor - v3.22.0 - 26-06-2024 *\/\n.elementor-heading-title{padding:0;margin:0;line-height:1}.elementor-widget-heading .elementor-heading-title[class*=elementor-size-]>a{color:inherit;font-size:inherit;line-height:inherit}.elementor-widget-heading .elementor-heading-title.elementor-size-small{font-size:15px}.elementor-widget-heading .elementor-heading-title.elementor-size-medium{font-size:19px}.elementor-widget-heading .elementor-heading-title.elementor-size-large{font-size:29px}.elementor-widget-heading .elementor-heading-title.elementor-size-xl{font-size:39px}.elementor-widget-heading .elementor-heading-title.elementor-size-xxl{font-size:59px}<\/style><h1 class=\"elementor-heading-title elementor-size-default\">HUOLTOKEMIKAALIT<\/h1>\t\t<\/div>\n\t\t\t\t<\/div>\n\t\t\t\t<div class=\"elementor-element elementor-element-57baa16 elementor-widget elementor-widget-html\" data-id=\"57baa16\" data-element_type=\"widget\" data-widget_type=\"html.default\">\n\t\t\t\t<div class=\"elementor-widget-container\">\n\t\t\t<style>\n    #main .fusion-row,.e-con>.e-con-inner{\n        max-width: 100vw !important;\n    }\n\n    #main,.e-con{\n        padding-left:0 !important;\n        padding-right:0 !important;\n    }\n    .kast{\n        max-width: 77vw !important;\n        margin-left: auto;\n        margin-right: auto;\n    }\n     @media only screen and (max-width: 768px) {\n              .valik  .elementor-image-box-wrapper {\n                    display: flex;\n                    text-align: left;\n                }\n                   .valik figure {\n                       padding-top:10px;\n                       \n                       \n                   }\n                   .valik .elementor-image-box-title{\n                       padding-left:20px;\n                   }\n                   .valik .elementor-image-box-wrapper{\n                       padding-left:10px;\n                   }\n            }\n<\/style>\t\t<\/div>\n\t\t\t\t<\/div>\n\t\t\t\t<\/div>\n\t\t\t\t\t<\/div>\n\t\t\t\t<\/div>\n\t\t<div class=\"elementor-element elementor-element-46e7f93 kast e-flex e-con-boxed e-con e-parent\" data-id=\"46e7f93\" data-element_type=\"container\">\n\t\t\t\t\t<div class=\"e-con-inner\">\n\t\t<div class=\"elementor-element elementor-element-1f863a0 e-con-full e-flex e-con e-child\" data-id=\"1f863a0\" data-element_type=\"container\">\n\t\t\t\t<div class=\"elementor-element elementor-element-c61c518 elementor-widget elementor-widget-text-editor\" data-id=\"c61c518\" data-element_type=\"widget\" data-widget_type=\"text-editor.default\">\n\t\t\t\t<div class=\"elementor-widget-container\">\n\t\t\t<style>\/*! elementor - v3.22.0 - 26-06-2024 *\/\n.elementor-widget-text-editor.elementor-drop-cap-view-stacked .elementor-drop-cap{background-color:#69727d;color:#fff}.elementor-widget-text-editor.elementor-drop-cap-view-framed .elementor-drop-cap{color:#69727d;border:3px solid;background-color:transparent}.elementor-widget-text-editor:not(.elementor-drop-cap-view-default) .elementor-drop-cap{margin-top:8px}.elementor-widget-text-editor:not(.elementor-drop-cap-view-default) .elementor-drop-cap-letter{width:1em;height:1em}.elementor-widget-text-editor .elementor-drop-cap{float:left;text-align:center;line-height:1;font-size:50px}.elementor-widget-text-editor .elementor-drop-cap-letter{display:inline-block}<\/style>\t\t\t\t<p><strong>JARRUNPUHDISTUS (BRAKE CLEANER )<\/strong><\/p><p>Jarruj\u00e4rjestelm\u00e4n puhdistusaine. Tehokas ja nopeasti kuivuva puhdistaja. Puhdistaa ja poistaa rasvan jarruista ja kytkimist\u00e4. Poistaa \u00f6ljyn, jarrunesteen, rasvan sek\u00e4 kovettuneen karstan. Ei j\u00e4t\u00e4 j\u00e4\u00e4nteit\u00e4.<\/p>\t\t\t\t\t\t<\/div>\n\t\t\t\t<\/div>\n\t\t\t\t<\/div>\n\t\t<div class=\"elementor-element elementor-element-10f4309 e-con-full e-flex e-con e-child\" data-id=\"10f4309\" data-element_type=\"container\">\n\t\t\t\t<div class=\"elementor-element elementor-element-6159b8e elementor-widget elementor-widget-image\" data-id=\"6159b8e\" data-element_type=\"widget\" data-widget_type=\"image.default\">\n\t\t\t\t<div class=\"elementor-widget-container\">\n\t\t\t<style>\/*! elementor - v3.22.0 - 26-06-2024 *\/\n.elementor-widget-image{text-align:center}.elementor-widget-image a{display:inline-block}.elementor-widget-image a img[src$=\".svg\"]{width:48px}.elementor-widget-image img{vertical-align:middle;display:inline-block}<\/style>\t\t\t\t\t\t\t\t\t\t<img fetchpriority=\"high\" decoding=\"async\" width=\"1000\" height=\"1000\" src=\"https:\/\/exim.ee\/wp-content\/uploads\/2024\/07\/60l-metall-batrrel.jpg\" class=\"attachment-large size-large wp-image-2044\" alt=\"\" srcset=\"https:\/\/exim.ee\/wp-content\/uploads\/2024\/07\/60l-metall-batrrel-66x66.jpg 66w, https:\/\/exim.ee\/wp-content\/uploads\/2024\/07\/60l-metall-batrrel-150x150.jpg 150w, https:\/\/exim.ee\/wp-content\/uploads\/2024\/07\/60l-metall-batrrel-200x200.jpg 200w, https:\/\/exim.ee\/wp-content\/uploads\/2024\/07\/60l-metall-batrrel-300x300.jpg 300w, https:\/\/exim.ee\/wp-content\/uploads\/2024\/07\/60l-metall-batrrel-400x400.jpg 400w, https:\/\/exim.ee\/wp-content\/uploads\/2024\/07\/60l-metall-batrrel-600x600.jpg 600w, https:\/\/exim.ee\/wp-content\/uploads\/2024\/07\/60l-metall-batrrel-768x768.jpg 768w, https:\/\/exim.ee\/wp-content\/uploads\/2024\/07\/60l-metall-batrrel-800x800.jpg 800w, https:\/\/exim.ee\/wp-content\/uploads\/2024\/07\/60l-metall-batrrel.jpg 1000w\" sizes=\"(max-width: 1000px) 100vw, 1000px\" \/>\t\t\t\t\t\t\t\t\t\t\t\t\t<\/div>\n\t\t\t\t<\/div>\n\t\t\t\t<\/div>\n\t\t\t\t\t<\/div>\n\t\t\t\t<\/div>\n\t\t<div class=\"elementor-element elementor-element-f5e2650 kast e-flex e-con-boxed e-con e-parent\" data-id=\"f5e2650\" data-element_type=\"container\">\n\t\t\t\t\t<div class=\"e-con-inner\">\n\t\t\t\t<div class=\"elementor-element elementor-element-1de27dd elementor-widget elementor-widget-text-editor\" data-id=\"1de27dd\" data-element_type=\"widget\" data-widget_type=\"text-editor.default\">\n\t\t\t\t<div class=\"elementor-widget-container\">\n\t\t\t\t\t\t\t<table style=\"height: 120px; width: 100%; border-collapse: collapse;\" border=\"1px\"><tbody><tr style=\"height: 72px;\"><td style=\"width: 25%; height: 72px; text-align: center;\">Tuote nr<\/td><td style=\"width: 25%; height: 72px; text-align: center;\">Tuote<\/td><td style=\"width: 25%; height: 72px; text-align: center;\">Pakkaus<\/td><td style=\"width: 25%; height: 72px; text-align: center;\">Kpl lavalla<\/td><\/tr><tr><td style=\"width: 25%; text-align: center;\">BC500<\/td><td style=\"width: 25%; text-align: center;\">Jarrunpuhdistus<\/td><td style=\"width: 25%; text-align: center;\">500 ml<\/td><td style=\"width: 25%; text-align: center;\">800<\/td><\/tr><tr><td style=\"width: 25%; text-align: center;\">BC010<\/td><td style=\"width: 25%; text-align: center;\">Jarrunpuhdistus<\/td><td style=\"width: 25%; text-align: center;\">5 L<\/td><td style=\"width: 25%; text-align: center;\">108<\/td><\/tr><tr style=\"height: 24px; background-color: #fff;\"><td style=\"width: 25%; height: 24px; text-align: center;\">BC010<\/td><td style=\"width: 25%; height: 24px; text-align: center;\">Jarrunpuhdistus<\/td><td style=\"width: 25%; height: 24px; text-align: center;\">10 L<\/td><td style=\"width: 25%; height: 24px; text-align: center;\">60<\/td><\/tr><tr style=\"height: 24px;\"><td style=\"width: 25%; height: 24px; text-align: center;\">BC060<\/td><td style=\"width: 25%; height: 24px; text-align: center;\">Jarrunpuhdistus<\/td><td style=\"width: 25%; height: 24px; text-align: center;\">60 L<\/td><td style=\"width: 25%; height: 24px; text-align: center;\">6<\/td><\/tr><\/tbody><\/table>\t\t\t\t\t\t<\/div>\n\t\t\t\t<\/div>\n\t\t\t\t\t<\/div>\n\t\t\t\t<\/div>\n\t\t\t\t<\/div>\n\t\t","protected":false},"excerpt":{"rendered":"<p>HUOLTOKEMIKAALIT JARRUNPUHDISTUS (BRAKE CLEANER ) Jarruj\u00e4rjestelm\u00e4n puhdistusaine. Tehokas ja nopeasti kuivuva puhdistaja. Puhdistaa ja poistaa rasvan jarruista ja kytkimist\u00e4. Poistaa \u00f6ljyn, jarrunesteen, rasvan sek\u00e4 kovettuneen karstan. Ei j\u00e4t\u00e4 j\u00e4\u00e4nteit\u00e4. Tuote nr Tuote Pakkaus Kpl lavalla BC500 Jarrunpuhdistus 500 ml 800 BC010 Jarrunpuhdistus 5 L 108 BC010 Jarrunpuhdistus 10 L 60 BC060 Jarrunpuhdistus 60 L 6<\/p>\n","protected":false},"author":2,"featured_media":0,"parent":3388,"menu_order":0,"comment_status":"closed","ping_status":"closed","template":"100-width.php","meta":{"footnotes":""},"_links":{"self":[{"href":"https:\/\/exim.ee\/fi\/wp-json\/wp\/v2\/pages\/3430"}],"collection":[{"href":"https:\/\/exim.ee\/fi\/wp-json\/wp\/v2\/pages"}],"about":[{"href":"https:\/\/exim.ee\/fi\/wp-json\/wp\/v2\/types\/page"}],"author":[{"embeddable":true,"href":"https:\/\/exim.ee\/fi\/wp-json\/wp\/v2\/users\/2"}],"replies":[{"embeddable":true,"href":"https:\/\/exim.ee\/fi\/wp-json\/wp\/v2\/comments?post=3430"}],"version-history":[{"count":5,"href":"https:\/\/exim.ee\/fi\/wp-json\/wp\/v2\/pages\/3430\/revisions"}],"predecessor-version":[{"id":6211,"href":"https:\/\/exim.ee\/fi\/wp-json\/wp\/v2\/pages\/3430\/revisions\/6211"}],"up":[{"embeddable":true,"href":"https:\/\/exim.ee\/fi\/wp-json\/wp\/v2\/pages\/3388"}],"wp:attachment":[{"href":"https:\/\/exim.ee\/fi\/wp-json\/wp\/v2\/media?parent=3430"}],"curies":[{"name":"wp","href":"https:\/\/api.w.org\/{rel}","templated":true}]}}