{"id":3482,"date":"2024-07-08T14:40:16","date_gmt":"2024-07-08T14:40:16","guid":{"rendered":"https:\/\/exim.ee\/huoltokemikaalit\/jarrunesteet\/brake-fluid-dot-4-lv\/"},"modified":"2025-05-04T16:34:24","modified_gmt":"2025-05-04T16:34:24","slug":"jarruneste-dot-4-lv","status":"publish","type":"page","link":"https:\/\/exim.ee\/fi\/huoltokemikaalit\/jarrunesteet\/jarruneste-dot-4-lv\/","title":{"rendered":"JARRUNESTE DOT-4 LV"},"content":{"rendered":"\t\t<div data-elementor-type=\"wp-page\" data-elementor-id=\"3482\" class=\"elementor elementor-3482\" data-elementor-post-type=\"page\">\n\t\t\t\t<div class=\"elementor-element elementor-element-dcf994d e-flex e-con-boxed e-con e-parent\" data-id=\"dcf994d\" data-element_type=\"container\">\n\t\t\t\t\t<div class=\"e-con-inner\">\n\t\t<div class=\"elementor-element elementor-element-e584ac8 e-con-full e-flex e-con e-child\" data-id=\"e584ac8\" data-element_type=\"container\" data-settings=\"{&quot;background_background&quot;:&quot;classic&quot;}\">\n\t\t\t\t<div class=\"elementor-element elementor-element-aebd252 elementor-widget elementor-widget-heading\" data-id=\"aebd252\" data-element_type=\"widget\" data-widget_type=\"heading.default\">\n\t\t\t\t<div class=\"elementor-widget-container\">\n\t\t\t<style>\/*! elementor - v3.22.0 - 26-06-2024 *\/\n.elementor-heading-title{padding:0;margin:0;line-height:1}.elementor-widget-heading .elementor-heading-title[class*=elementor-size-]>a{color:inherit;font-size:inherit;line-height:inherit}.elementor-widget-heading .elementor-heading-title.elementor-size-small{font-size:15px}.elementor-widget-heading .elementor-heading-title.elementor-size-medium{font-size:19px}.elementor-widget-heading .elementor-heading-title.elementor-size-large{font-size:29px}.elementor-widget-heading .elementor-heading-title.elementor-size-xl{font-size:39px}.elementor-widget-heading .elementor-heading-title.elementor-size-xxl{font-size:59px}<\/style><h1 class=\"elementor-heading-title elementor-size-default\">HUOLTOKEMIKAALIT<\/h1>\t\t<\/div>\n\t\t\t\t<\/div>\n\t\t\t\t<div class=\"elementor-element elementor-element-9f4899a elementor-widget elementor-widget-html\" data-id=\"9f4899a\" data-element_type=\"widget\" data-widget_type=\"html.default\">\n\t\t\t\t<div class=\"elementor-widget-container\">\n\t\t\t<style>\n    #main .fusion-row,.e-con>.e-con-inner{\n        max-width: 100vw !important;\n    }\n\n    #main,.e-con{\n        padding-left:0 !important;\n        padding-right:0 !important;\n    }\n    .kast{\n        max-width: 77vw !important;\n        margin-left: auto;\n        margin-right: auto;\n    }\n     @media only screen and (max-width: 768px) {\n              .valik  .elementor-image-box-wrapper {\n                    display: flex;\n                    text-align: left;\n                }\n                   .valik figure {\n                       padding-top:10px;\n                       \n                       \n                   }\n                   .valik .elementor-image-box-title{\n                       padding-left:20px;\n                   }\n                   .valik .elementor-image-box-wrapper{\n                       padding-left:10px;\n                   }\n            }\n<\/style>\t\t<\/div>\n\t\t\t\t<\/div>\n\t\t\t\t<\/div>\n\t\t\t\t\t<\/div>\n\t\t\t\t<\/div>\n\t\t<div class=\"elementor-element elementor-element-daad072 kast e-flex e-con-boxed e-con e-parent\" data-id=\"daad072\" data-element_type=\"container\">\n\t\t\t\t\t<div class=\"e-con-inner\">\n\t\t<div class=\"elementor-element elementor-element-f7ea939 e-con-full e-flex e-con e-child\" data-id=\"f7ea939\" data-element_type=\"container\">\n\t\t\t\t<div class=\"elementor-element elementor-element-ceb057c elementor-widget elementor-widget-text-editor\" data-id=\"ceb057c\" data-element_type=\"widget\" data-widget_type=\"text-editor.default\">\n\t\t\t\t<div class=\"elementor-widget-container\">\n\t\t\t<style>\/*! elementor - v3.22.0 - 26-06-2024 *\/\n.elementor-widget-text-editor.elementor-drop-cap-view-stacked .elementor-drop-cap{background-color:#69727d;color:#fff}.elementor-widget-text-editor.elementor-drop-cap-view-framed .elementor-drop-cap{color:#69727d;border:3px solid;background-color:transparent}.elementor-widget-text-editor:not(.elementor-drop-cap-view-default) .elementor-drop-cap{margin-top:8px}.elementor-widget-text-editor:not(.elementor-drop-cap-view-default) .elementor-drop-cap-letter{width:1em;height:1em}.elementor-widget-text-editor .elementor-drop-cap{float:left;text-align:center;line-height:1;font-size:50px}.elementor-widget-text-editor .elementor-drop-cap-letter{display:inline-block}<\/style>\t\t\t\t<p><strong>JARRUNESTE DOT-4 LV<\/strong><\/p><p>Jarruneste DOT-4 LV on moderni matalaviskositeettinen jarruneste. J\u00e4rjestelm\u00e4t saavuttavat optimaaliset vasteajat korkealaatuisen, matalaviskoosisen jarrunesteen ansiosta. Jarruneste DOT-4 LV -jarruneste t\u00e4ytt\u00e4\u00e4 kansainv\u00e4liset laatuvaatimukset DOT4 ja ISO4925. Jarruneste DOT-4 LV edut: alhainen viskositeetti,mahdollistaa ESP:n reagoinnin suurimmalla nopeudella. Kiehumispiste: 265\u00b0C ja m\u00e4rk\u00e4kiehumispiste: 175\u00b0C. Vaihtov\u00e4li 2 vuotta. T\u00e4ytt\u00e4\u00e4 vaatimukset: FMVSS 116, DOT 4 ja DOT 3, SAE J 1703, ISO 4925.<\/p>\t\t\t\t\t\t<\/div>\n\t\t\t\t<\/div>\n\t\t\t\t<\/div>\n\t\t<div class=\"elementor-element elementor-element-e72d93b e-con-full e-flex e-con e-child\" data-id=\"e72d93b\" data-element_type=\"container\">\n\t\t\t\t<div class=\"elementor-element elementor-element-9d4f5f6 elementor-widget elementor-widget-image\" data-id=\"9d4f5f6\" data-element_type=\"widget\" data-widget_type=\"image.default\">\n\t\t\t\t<div class=\"elementor-widget-container\">\n\t\t\t<style>\/*! elementor - v3.22.0 - 26-06-2024 *\/\n.elementor-widget-image{text-align:center}.elementor-widget-image a{display:inline-block}.elementor-widget-image a img[src$=\".svg\"]{width:48px}.elementor-widget-image img{vertical-align:middle;display:inline-block}<\/style>\t\t\t\t\t\t\t\t\t\t<img fetchpriority=\"high\" decoding=\"async\" width=\"828\" height=\"946\" src=\"https:\/\/exim.ee\/wp-content\/uploads\/2024\/07\/Image-8-valge-pudel-0.5l-koik-DOT.jpg\" class=\"attachment-full size-full wp-image-2375\" alt=\"\" srcset=\"https:\/\/exim.ee\/wp-content\/uploads\/2024\/07\/Image-8-valge-pudel-0.5l-koik-DOT-200x229.jpg 200w, https:\/\/exim.ee\/wp-content\/uploads\/2024\/07\/Image-8-valge-pudel-0.5l-koik-DOT-263x300.jpg 263w, https:\/\/exim.ee\/wp-content\/uploads\/2024\/07\/Image-8-valge-pudel-0.5l-koik-DOT-400x457.jpg 400w, https:\/\/exim.ee\/wp-content\/uploads\/2024\/07\/Image-8-valge-pudel-0.5l-koik-DOT-600x686.jpg 600w, https:\/\/exim.ee\/wp-content\/uploads\/2024\/07\/Image-8-valge-pudel-0.5l-koik-DOT-768x877.jpg 768w, https:\/\/exim.ee\/wp-content\/uploads\/2024\/07\/Image-8-valge-pudel-0.5l-koik-DOT-800x914.jpg 800w, https:\/\/exim.ee\/wp-content\/uploads\/2024\/07\/Image-8-valge-pudel-0.5l-koik-DOT.jpg 828w\" sizes=\"(max-width: 828px) 100vw, 828px\" \/>\t\t\t\t\t\t\t\t\t\t\t\t\t<\/div>\n\t\t\t\t<\/div>\n\t\t\t\t<\/div>\n\t\t\t\t\t<\/div>\n\t\t\t\t<\/div>\n\t\t<div class=\"elementor-element elementor-element-33c2fdc kast e-flex e-con-boxed e-con e-parent\" data-id=\"33c2fdc\" data-element_type=\"container\">\n\t\t\t\t\t<div class=\"e-con-inner\">\n\t\t\t\t<div class=\"elementor-element elementor-element-1f30b4c elementor-widget elementor-widget-text-editor\" data-id=\"1f30b4c\" data-element_type=\"widget\" data-widget_type=\"text-editor.default\">\n\t\t\t\t<div class=\"elementor-widget-container\">\n\t\t\t\t\t\t\t<table style=\"height: 168px; width: 101.178%; border-collapse: collapse;\" border=\"1px\"><tbody><tr style=\"height: 72px;\"><td style=\"width: 25%; height: 72px; text-align: center;\">Tuote numero<\/td><td style=\"width: 25%; height: 72px; text-align: center;\">Tuote<\/td><td style=\"width: 25%; height: 72px; text-align: center;\">Pakkaus<\/td><td style=\"width: 12.5%; height: 72px; text-align: center;\">Kpl laatikossa<\/td><td style=\"width: 12.5%; height: 72px; text-align: center;\">Kpl lavalla<\/td><\/tr><tr style=\"height: 24px; background-color: #fff;\"><td style=\"width: 25%; height: 24px; text-align: center;\">WKJ005LV<\/td><td style=\"width: 25%; height: 24px; text-align: center;\">Jarruneste DOT-4 LV<\/td><td style=\"width: 25%; height: 24px; text-align: center;\">0.5 L<\/td><td style=\"width: 12.5%; height: 24px; text-align: center;\">20<\/td><td style=\"width: 12.5%; height: 24px; text-align: center;\">800<\/td><\/tr><tr style=\"height: 24px;\"><td style=\"width: 25%; height: 24px; text-align: center;\">WKJ004LV<\/td><td style=\"width: 25%; height: 24px; text-align: center;\">Jarruneste DOT-4 LV<\/td><td style=\"width: 25%; height: 24px; text-align: center;\">4 L<\/td><td style=\"width: 12.5%; height: 24px; text-align: center;\">3<\/td><td style=\"width: 12.5%; height: 24px; text-align: center;\">144<\/td><\/tr><\/tbody><\/table>\t\t\t\t\t\t<\/div>\n\t\t\t\t<\/div>\n\t\t\t\t\t<\/div>\n\t\t\t\t<\/div>\n\t\t\t\t<\/div>\n\t\t","protected":false},"excerpt":{"rendered":"<p>HUOLTOKEMIKAALIT JARRUNESTE DOT-4 LV Jarruneste DOT-4 LV on moderni matalaviskositeettinen jarruneste. J\u00e4rjestelm\u00e4t saavuttavat optimaaliset vasteajat korkealaatuisen, matalaviskoosisen jarrunesteen ansiosta. Jarruneste DOT-4 LV -jarruneste t\u00e4ytt\u00e4\u00e4 kansainv\u00e4liset laatuvaatimukset DOT4 ja ISO4925. Jarruneste DOT-4 LV edut: alhainen viskositeetti,mahdollistaa ESP:n reagoinnin suurimmalla nopeudella. Kiehumispiste: 265\u00b0C ja m\u00e4rk\u00e4kiehumispiste: 175\u00b0C. Vaihtov\u00e4li 2 vuotta. T\u00e4ytt\u00e4\u00e4 vaatimukset: FMVSS 116, DOT 4 ja DOT [&hellip;]<\/p>\n","protected":false},"author":2,"featured_media":0,"parent":3449,"menu_order":0,"comment_status":"closed","ping_status":"closed","template":"100-width.php","meta":{"footnotes":""},"_links":{"self":[{"href":"https:\/\/exim.ee\/fi\/wp-json\/wp\/v2\/pages\/3482"}],"collection":[{"href":"https:\/\/exim.ee\/fi\/wp-json\/wp\/v2\/pages"}],"about":[{"href":"https:\/\/exim.ee\/fi\/wp-json\/wp\/v2\/types\/page"}],"author":[{"embeddable":true,"href":"https:\/\/exim.ee\/fi\/wp-json\/wp\/v2\/users\/2"}],"replies":[{"embeddable":true,"href":"https:\/\/exim.ee\/fi\/wp-json\/wp\/v2\/comments?post=3482"}],"version-history":[{"count":5,"href":"https:\/\/exim.ee\/fi\/wp-json\/wp\/v2\/pages\/3482\/revisions"}],"predecessor-version":[{"id":6012,"href":"https:\/\/exim.ee\/fi\/wp-json\/wp\/v2\/pages\/3482\/revisions\/6012"}],"up":[{"embeddable":true,"href":"https:\/\/exim.ee\/fi\/wp-json\/wp\/v2\/pages\/3449"}],"wp:attachment":[{"href":"https:\/\/exim.ee\/fi\/wp-json\/wp\/v2\/media?parent=3482"}],"curies":[{"name":"wp","href":"https:\/\/api.w.org\/{rel}","templated":true}]}}