{"id":3498,"date":"2024-07-08T14:38:32","date_gmt":"2024-07-08T14:38:32","guid":{"rendered":"https:\/\/exim.ee\/huoltokemikaalit\/jarrunesteet\/brake-fluid-dot-5-1\/"},"modified":"2025-05-04T16:39:22","modified_gmt":"2025-05-04T16:39:22","slug":"jarruneste-dot-5-1","status":"publish","type":"page","link":"https:\/\/exim.ee\/fi\/huoltokemikaalit\/jarrunesteet\/jarruneste-dot-5-1\/","title":{"rendered":"JARRUNESTE DOT-5.1"},"content":{"rendered":"\t\t<div data-elementor-type=\"wp-page\" data-elementor-id=\"3498\" class=\"elementor elementor-3498\" data-elementor-post-type=\"page\">\n\t\t\t\t<div class=\"elementor-element elementor-element-f1ef4c3 e-flex e-con-boxed e-con e-parent\" data-id=\"f1ef4c3\" data-element_type=\"container\">\n\t\t\t\t\t<div class=\"e-con-inner\">\n\t\t<div class=\"elementor-element elementor-element-c4c065f e-con-full e-flex e-con e-child\" data-id=\"c4c065f\" data-element_type=\"container\" data-settings=\"{&quot;background_background&quot;:&quot;classic&quot;}\">\n\t\t\t\t<div class=\"elementor-element elementor-element-c68653e elementor-widget elementor-widget-heading\" data-id=\"c68653e\" data-element_type=\"widget\" data-widget_type=\"heading.default\">\n\t\t\t\t<div class=\"elementor-widget-container\">\n\t\t\t<style>\/*! elementor - v3.22.0 - 26-06-2024 *\/\n.elementor-heading-title{padding:0;margin:0;line-height:1}.elementor-widget-heading .elementor-heading-title[class*=elementor-size-]>a{color:inherit;font-size:inherit;line-height:inherit}.elementor-widget-heading .elementor-heading-title.elementor-size-small{font-size:15px}.elementor-widget-heading .elementor-heading-title.elementor-size-medium{font-size:19px}.elementor-widget-heading .elementor-heading-title.elementor-size-large{font-size:29px}.elementor-widget-heading .elementor-heading-title.elementor-size-xl{font-size:39px}.elementor-widget-heading .elementor-heading-title.elementor-size-xxl{font-size:59px}<\/style><h1 class=\"elementor-heading-title elementor-size-default\">HUOLTOKEMIKAALIT<\/h1>\t\t<\/div>\n\t\t\t\t<\/div>\n\t\t\t\t<div class=\"elementor-element elementor-element-18f50bf elementor-widget elementor-widget-html\" data-id=\"18f50bf\" data-element_type=\"widget\" data-widget_type=\"html.default\">\n\t\t\t\t<div class=\"elementor-widget-container\">\n\t\t\t<style>\n    #main .fusion-row,.e-con>.e-con-inner{\n        max-width: 100vw !important;\n    }\n\n    #main,.e-con{\n        padding-left:0 !important;\n        padding-right:0 !important;\n    }\n    .kast{\n        max-width: 77vw !important;\n        margin-left: auto;\n        margin-right: auto;\n    }\n     @media only screen and (max-width: 768px) {\n              .valik  .elementor-image-box-wrapper {\n                    display: flex;\n                    text-align: left;\n                }\n                   .valik figure {\n                       padding-top:10px;\n                       \n                       \n                   }\n                   .valik .elementor-image-box-title{\n                       padding-left:20px;\n                   }\n                   .valik .elementor-image-box-wrapper{\n                       padding-left:10px;\n                   }\n            }\n<\/style>\t\t<\/div>\n\t\t\t\t<\/div>\n\t\t\t\t<\/div>\n\t\t\t\t\t<\/div>\n\t\t\t\t<\/div>\n\t\t<div class=\"elementor-element elementor-element-fcba207 kast e-flex e-con-boxed e-con e-parent\" data-id=\"fcba207\" data-element_type=\"container\">\n\t\t\t\t\t<div class=\"e-con-inner\">\n\t\t<div class=\"elementor-element elementor-element-30ce0d9 e-con-full e-flex e-con e-child\" data-id=\"30ce0d9\" data-element_type=\"container\">\n\t\t\t\t<div class=\"elementor-element elementor-element-07727f9 elementor-widget elementor-widget-text-editor\" data-id=\"07727f9\" data-element_type=\"widget\" data-widget_type=\"text-editor.default\">\n\t\t\t\t<div class=\"elementor-widget-container\">\n\t\t\t<style>\/*! elementor - v3.22.0 - 26-06-2024 *\/\n.elementor-widget-text-editor.elementor-drop-cap-view-stacked .elementor-drop-cap{background-color:#69727d;color:#fff}.elementor-widget-text-editor.elementor-drop-cap-view-framed .elementor-drop-cap{color:#69727d;border:3px solid;background-color:transparent}.elementor-widget-text-editor:not(.elementor-drop-cap-view-default) .elementor-drop-cap{margin-top:8px}.elementor-widget-text-editor:not(.elementor-drop-cap-view-default) .elementor-drop-cap-letter{width:1em;height:1em}.elementor-widget-text-editor .elementor-drop-cap{float:left;text-align:center;line-height:1;font-size:50px}.elementor-widget-text-editor .elementor-drop-cap-letter{display:inline-block}<\/style>\t\t\t\t<p><strong>JARRUNESTE DOT-5.1<\/strong><\/p><p>DOT5.1 jarruneste kaikkiin hydraulisiin jarru- ja kytkinj\u00e4rjestelmiin, joihin vaaditaan DOT5.1-luokan (ABS\/ESP) jarru- tai kytkinnesteen k\u00e4ytt\u00e4mist\u00e4. Kiehumispiste 260 \u00b0C. M\u00e4rk\u00e4kiehumispiste 180 \u00b0C. FMVSS 116 DOT 5.1,DOT 4, DOT 3, SAE J 1703, SAE J 1704 , ISO 4925 (Classes 3, 4 &amp; 5.1)<\/p>\t\t\t\t\t\t<\/div>\n\t\t\t\t<\/div>\n\t\t\t\t<\/div>\n\t\t<div class=\"elementor-element elementor-element-e48609a e-con-full e-flex e-con e-child\" data-id=\"e48609a\" data-element_type=\"container\">\n\t\t\t\t<div class=\"elementor-element elementor-element-f6da2e2 elementor-widget elementor-widget-image\" data-id=\"f6da2e2\" data-element_type=\"widget\" data-widget_type=\"image.default\">\n\t\t\t\t<div class=\"elementor-widget-container\">\n\t\t\t<style>\/*! elementor - v3.22.0 - 26-06-2024 *\/\n.elementor-widget-image{text-align:center}.elementor-widget-image a{display:inline-block}.elementor-widget-image a img[src$=\".svg\"]{width:48px}.elementor-widget-image img{vertical-align:middle;display:inline-block}<\/style>\t\t\t\t\t\t\t\t\t\t<img fetchpriority=\"high\" decoding=\"async\" width=\"828\" height=\"946\" src=\"https:\/\/exim.ee\/wp-content\/uploads\/2024\/07\/Image-8-valge-pudel-0.5l-koik-DOT.jpg\" class=\"attachment-full size-full wp-image-2375\" alt=\"\" srcset=\"https:\/\/exim.ee\/wp-content\/uploads\/2024\/07\/Image-8-valge-pudel-0.5l-koik-DOT-200x229.jpg 200w, https:\/\/exim.ee\/wp-content\/uploads\/2024\/07\/Image-8-valge-pudel-0.5l-koik-DOT-263x300.jpg 263w, https:\/\/exim.ee\/wp-content\/uploads\/2024\/07\/Image-8-valge-pudel-0.5l-koik-DOT-400x457.jpg 400w, https:\/\/exim.ee\/wp-content\/uploads\/2024\/07\/Image-8-valge-pudel-0.5l-koik-DOT-600x686.jpg 600w, https:\/\/exim.ee\/wp-content\/uploads\/2024\/07\/Image-8-valge-pudel-0.5l-koik-DOT-768x877.jpg 768w, https:\/\/exim.ee\/wp-content\/uploads\/2024\/07\/Image-8-valge-pudel-0.5l-koik-DOT-800x914.jpg 800w, https:\/\/exim.ee\/wp-content\/uploads\/2024\/07\/Image-8-valge-pudel-0.5l-koik-DOT.jpg 828w\" sizes=\"(max-width: 828px) 100vw, 828px\" \/>\t\t\t\t\t\t\t\t\t\t\t\t\t<\/div>\n\t\t\t\t<\/div>\n\t\t\t\t<\/div>\n\t\t\t\t\t<\/div>\n\t\t\t\t<\/div>\n\t\t<div class=\"elementor-element elementor-element-6722161 kast e-flex e-con-boxed e-con e-parent\" data-id=\"6722161\" data-element_type=\"container\">\n\t\t\t\t\t<div class=\"e-con-inner\">\n\t\t\t\t<div class=\"elementor-element elementor-element-2588c1b elementor-widget elementor-widget-text-editor\" data-id=\"2588c1b\" data-element_type=\"widget\" data-widget_type=\"text-editor.default\">\n\t\t\t\t<div class=\"elementor-widget-container\">\n\t\t\t\t\t\t\t<table style=\"height: 168px; width: 101.178%; border-collapse: collapse;\" border=\"1px\"><tbody><tr style=\"height: 72px;\"><td style=\"width: 25%; height: 72px; text-align: center;\">Tuote numero<\/td><td style=\"width: 25%; height: 72px; text-align: center;\">Tuote<\/td><td style=\"width: 25%; height: 72px; text-align: center;\">Pakkaus<\/td><td style=\"width: 12.5%; height: 72px; text-align: center;\">Kpl laatikko<\/td><td style=\"width: 12.5%; height: 72px; text-align: center;\">Kpl lavalla<\/td><\/tr><tr style=\"height: 24px; background-color: #fff;\"><td style=\"width: 25%; height: 24px; text-align: center;\">BFD005<\/td><td style=\"width: 25%; height: 24px; text-align: center;\">Jarruneste DOT-5.1<\/td><td style=\"width: 25%; height: 24px; text-align: center;\">0.5 L<\/td><td style=\"width: 12.5%; height: 24px; text-align: center;\">20<\/td><td style=\"width: 12.5%; height: 24px; text-align: center;\">800<\/td><\/tr><\/tbody><\/table>\t\t\t\t\t\t<\/div>\n\t\t\t\t<\/div>\n\t\t\t\t\t<\/div>\n\t\t\t\t<\/div>\n\t\t\t\t<\/div>\n\t\t","protected":false},"excerpt":{"rendered":"<p>HUOLTOKEMIKAALIT JARRUNESTE DOT-5.1 DOT5.1 jarruneste kaikkiin hydraulisiin jarru- ja kytkinj\u00e4rjestelmiin, joihin vaaditaan DOT5.1-luokan (ABS\/ESP) jarru- tai kytkinnesteen k\u00e4ytt\u00e4mist\u00e4. Kiehumispiste 260 \u00b0C. M\u00e4rk\u00e4kiehumispiste 180 \u00b0C. FMVSS 116 DOT 5.1,DOT 4, DOT 3, SAE J 1703, SAE J 1704 , ISO 4925 (Classes 3, 4 &amp; 5.1) Tuote numero Tuote Pakkaus Kpl laatikko Kpl lavalla BFD005 Jarruneste [&hellip;]<\/p>\n","protected":false},"author":2,"featured_media":0,"parent":3449,"menu_order":0,"comment_status":"closed","ping_status":"closed","template":"100-width.php","meta":{"footnotes":""},"_links":{"self":[{"href":"https:\/\/exim.ee\/fi\/wp-json\/wp\/v2\/pages\/3498"}],"collection":[{"href":"https:\/\/exim.ee\/fi\/wp-json\/wp\/v2\/pages"}],"about":[{"href":"https:\/\/exim.ee\/fi\/wp-json\/wp\/v2\/types\/page"}],"author":[{"embeddable":true,"href":"https:\/\/exim.ee\/fi\/wp-json\/wp\/v2\/users\/2"}],"replies":[{"embeddable":true,"href":"https:\/\/exim.ee\/fi\/wp-json\/wp\/v2\/comments?post=3498"}],"version-history":[{"count":5,"href":"https:\/\/exim.ee\/fi\/wp-json\/wp\/v2\/pages\/3498\/revisions"}],"predecessor-version":[{"id":6018,"href":"https:\/\/exim.ee\/fi\/wp-json\/wp\/v2\/pages\/3498\/revisions\/6018"}],"up":[{"embeddable":true,"href":"https:\/\/exim.ee\/fi\/wp-json\/wp\/v2\/pages\/3449"}],"wp:attachment":[{"href":"https:\/\/exim.ee\/fi\/wp-json\/wp\/v2\/media?parent=3498"}],"curies":[{"name":"wp","href":"https:\/\/api.w.org\/{rel}","templated":true}]}}