{"id":3531,"date":"2024-07-08T13:49:28","date_gmt":"2024-07-08T13:49:28","guid":{"rendered":"https:\/\/exim.ee\/huoltokemikaalit\/jaahdytinnesteet\/coolant-bs-6580-green\/"},"modified":"2025-03-12T09:58:09","modified_gmt":"2025-03-12T09:58:09","slug":"jaahdytinneste-bs6580-vihrea","status":"publish","type":"page","link":"https:\/\/exim.ee\/fi\/huoltokemikaalit\/jaahdytinnesteet\/jaahdytinneste-bs6580-vihrea\/","title":{"rendered":"J\u00c4\u00c4HDYTINNESTE BS6580, VIHRE\u00c4"},"content":{"rendered":"\t\t<div data-elementor-type=\"wp-page\" data-elementor-id=\"3531\" class=\"elementor elementor-3531\" data-elementor-post-type=\"page\">\n\t\t\t\t<div class=\"elementor-element elementor-element-fb0865b e-flex e-con-boxed e-con e-parent\" data-id=\"fb0865b\" data-element_type=\"container\">\n\t\t\t\t\t<div class=\"e-con-inner\">\n\t\t<div class=\"elementor-element elementor-element-799f39d e-con-full e-flex e-con e-child\" data-id=\"799f39d\" data-element_type=\"container\" data-settings=\"{&quot;background_background&quot;:&quot;classic&quot;}\">\n\t\t\t\t<div class=\"elementor-element elementor-element-e97d30d elementor-widget elementor-widget-heading\" data-id=\"e97d30d\" data-element_type=\"widget\" data-widget_type=\"heading.default\">\n\t\t\t\t<div class=\"elementor-widget-container\">\n\t\t\t<style>\/*! elementor - v3.22.0 - 26-06-2024 *\/\n.elementor-heading-title{padding:0;margin:0;line-height:1}.elementor-widget-heading .elementor-heading-title[class*=elementor-size-]>a{color:inherit;font-size:inherit;line-height:inherit}.elementor-widget-heading .elementor-heading-title.elementor-size-small{font-size:15px}.elementor-widget-heading .elementor-heading-title.elementor-size-medium{font-size:19px}.elementor-widget-heading .elementor-heading-title.elementor-size-large{font-size:29px}.elementor-widget-heading .elementor-heading-title.elementor-size-xl{font-size:39px}.elementor-widget-heading .elementor-heading-title.elementor-size-xxl{font-size:59px}<\/style><h1 class=\"elementor-heading-title elementor-size-default\">HUOLTOKEMIKAALIT<\/h1>\t\t<\/div>\n\t\t\t\t<\/div>\n\t\t\t\t<div class=\"elementor-element elementor-element-6885611 elementor-widget elementor-widget-html\" data-id=\"6885611\" data-element_type=\"widget\" data-widget_type=\"html.default\">\n\t\t\t\t<div class=\"elementor-widget-container\">\n\t\t\t<style>\n    #main .fusion-row,.e-con>.e-con-inner{\n        max-width: 100vw !important;\n    }\n\n    #main,.e-con{\n        padding-left:0 !important;\n        padding-right:0 !important;\n    }\n    .kast{\n        max-width: 77vw !important;\n        margin-left: auto;\n        margin-right: auto;\n    }\n     @media only screen and (max-width: 768px) {\n              .valik  .elementor-image-box-wrapper {\n                    display: flex;\n                    text-align: left;\n                }\n                   .valik figure {\n                       padding-top:10px;\n                       \n                       \n                   }\n                   .valik .elementor-image-box-title{\n                       padding-left:20px;\n                   }\n                   .valik .elementor-image-box-wrapper{\n                       padding-left:10px;\n                   }\n            }\n<\/style>\t\t<\/div>\n\t\t\t\t<\/div>\n\t\t\t\t<\/div>\n\t\t\t\t\t<\/div>\n\t\t\t\t<\/div>\n\t\t<div class=\"elementor-element elementor-element-c305e22 kast e-flex e-con-boxed e-con e-parent\" data-id=\"c305e22\" data-element_type=\"container\">\n\t\t\t\t\t<div class=\"e-con-inner\">\n\t\t<div class=\"elementor-element elementor-element-e796ec3 e-con-full e-flex e-con e-child\" data-id=\"e796ec3\" data-element_type=\"container\">\n\t\t\t\t<div class=\"elementor-element elementor-element-9507136 elementor-widget elementor-widget-text-editor\" data-id=\"9507136\" data-element_type=\"widget\" data-widget_type=\"text-editor.default\">\n\t\t\t\t<div class=\"elementor-widget-container\">\n\t\t\t<style>\/*! elementor - v3.22.0 - 26-06-2024 *\/\n.elementor-widget-text-editor.elementor-drop-cap-view-stacked .elementor-drop-cap{background-color:#69727d;color:#fff}.elementor-widget-text-editor.elementor-drop-cap-view-framed .elementor-drop-cap{color:#69727d;border:3px solid;background-color:transparent}.elementor-widget-text-editor:not(.elementor-drop-cap-view-default) .elementor-drop-cap{margin-top:8px}.elementor-widget-text-editor:not(.elementor-drop-cap-view-default) .elementor-drop-cap-letter{width:1em;height:1em}.elementor-widget-text-editor .elementor-drop-cap{float:left;text-align:center;line-height:1;font-size:50px}.elementor-widget-text-editor .elementor-drop-cap-letter{display:inline-block}<\/style>\t\t\t\t<p><strong>J\u00c4\u00c4HDYTINNESTE TIIVISTE BS 6580, VIHRE\u00c4<\/strong><\/p><p><strong>J\u00e4\u00e4hdytinneste BS 6580 vihre\u00e4.<\/strong> Sis\u00e4lt\u00e4\u00e4 monoetyleeniglykoli. Est\u00e4\u00e4 moottoreiden j\u00e4\u00e4tymist\u00e4 sek\u00e4 suojaa metalleja ja alumiinia sy\u00f6pymiselt\u00e4. <strong>J\u00e4\u00e4hdytinneste BS 6580 vihre\u00e4 <\/strong>sis\u00e4lt\u00e4\u00e4 inhibiittorilis\u00e4ainepaketin, joka suojaa korroosiolta ja ruosteelta. Ei sis\u00e4ll\u00e4 nitriitit,\u00a0 aminiit tai fosfaatit. T\u00e4ytt\u00e4\u00e4\u00a0 vaatimukset: BS6580: 2010 UK, ASTM D3306 USA, SAE J 1034 USA, AFNOR NF\u00a0 R15-601 France, CUNA NC 956-16 Italy, ONORM V5123 Austria, UNE 26-361 Spain, AS 2108 Australia<\/p>\t\t\t\t\t\t<\/div>\n\t\t\t\t<\/div>\n\t\t\t\t<\/div>\n\t\t<div class=\"elementor-element elementor-element-52b5fe4 e-con-full e-flex e-con e-child\" data-id=\"52b5fe4\" data-element_type=\"container\">\n\t\t\t\t<div class=\"elementor-element elementor-element-3c747df elementor-widget elementor-widget-image\" data-id=\"3c747df\" data-element_type=\"widget\" data-widget_type=\"image.default\">\n\t\t\t\t<div class=\"elementor-widget-container\">\n\t\t\t<style>\/*! elementor - v3.22.0 - 26-06-2024 *\/\n.elementor-widget-image{text-align:center}.elementor-widget-image a{display:inline-block}.elementor-widget-image a img[src$=\".svg\"]{width:48px}.elementor-widget-image img{vertical-align:middle;display:inline-block}<\/style>\t\t\t\t\t\t\t\t\t\t<img fetchpriority=\"high\" decoding=\"async\" width=\"828\" height=\"946\" src=\"https:\/\/exim.ee\/wp-content\/uploads\/2024\/07\/Image-7-valge-kanisre-10L-1.jpg\" class=\"attachment-full size-full wp-image-2258\" alt=\"\" srcset=\"https:\/\/exim.ee\/wp-content\/uploads\/2024\/07\/Image-7-valge-kanisre-10L-1-200x229.jpg 200w, https:\/\/exim.ee\/wp-content\/uploads\/2024\/07\/Image-7-valge-kanisre-10L-1-263x300.jpg 263w, https:\/\/exim.ee\/wp-content\/uploads\/2024\/07\/Image-7-valge-kanisre-10L-1-400x457.jpg 400w, https:\/\/exim.ee\/wp-content\/uploads\/2024\/07\/Image-7-valge-kanisre-10L-1-600x686.jpg 600w, https:\/\/exim.ee\/wp-content\/uploads\/2024\/07\/Image-7-valge-kanisre-10L-1-768x877.jpg 768w, https:\/\/exim.ee\/wp-content\/uploads\/2024\/07\/Image-7-valge-kanisre-10L-1-800x914.jpg 800w, https:\/\/exim.ee\/wp-content\/uploads\/2024\/07\/Image-7-valge-kanisre-10L-1.jpg 828w\" sizes=\"(max-width: 828px) 100vw, 828px\" \/>\t\t\t\t\t\t\t\t\t\t\t\t\t<\/div>\n\t\t\t\t<\/div>\n\t\t\t\t<\/div>\n\t\t\t\t\t<\/div>\n\t\t\t\t<\/div>\n\t\t<div class=\"elementor-element elementor-element-2fde42f kast e-flex e-con-boxed e-con e-parent\" data-id=\"2fde42f\" data-element_type=\"container\">\n\t\t\t\t\t<div class=\"e-con-inner\">\n\t\t\t\t<div class=\"elementor-element elementor-element-b58f35e elementor-widget elementor-widget-text-editor\" data-id=\"b58f35e\" data-element_type=\"widget\" data-widget_type=\"text-editor.default\">\n\t\t\t\t<div class=\"elementor-widget-container\">\n\t\t\t\t\t\t\t<table style=\"height: 168px; width: 101.178%; border-collapse: collapse;\" border=\"1px\"><tbody><tr style=\"height: 72px;\"><td style=\"width: 25%; height: 72px; text-align: center;\">Tuote nr<\/td><td style=\"width: 25%; height: 72px; text-align: center;\">Tuote<\/td><td style=\"width: 25%; height: 72px; text-align: center;\">Pakkaus<\/td><td style=\"width: 12.5%; height: 72px; text-align: center;\">Kpl laatikko<\/td><td style=\"width: 12.5%; height: 72px; text-align: center;\">Kpl lavalla<\/td><\/tr><tr style=\"height: 24px; background-color: #fff;\"><td style=\"width: 25%; height: 24px; text-align: center;\">ACG003<\/td><td style=\"width: 25%; height: 24px; text-align: center;\">J\u00e4\u00e4hdytinneste tiiviste BS6580<\/td><td style=\"width: 25%; height: 24px; text-align: center;\">3 L<\/td><td style=\"width: 12.5%; height: 24px; text-align: center;\">3<\/td><td style=\"width: 12.5%; height: 24px; text-align: center;\">144<\/td><\/tr><tr style=\"height: 24px;\"><td style=\"width: 25%; height: 24px; text-align: center;\">ACG010<\/td><td style=\"width: 25%; height: 24px; text-align: center;\">J\u00e4\u00e4hdytinneste tiiviste BS6580<\/td><td style=\"width: 25%; height: 24px; text-align: center;\">10 L<\/td><td style=\"width: 12.5%; height: 24px; text-align: center;\">\u00a0<\/td><td style=\"width: 12.5%; height: 24px; text-align: center;\">60<\/td><\/tr><tr style=\"height: 24px; background-color: #fff;\"><td style=\"width: 25%; height: 24px; text-align: center;\">ACG200<\/td><td style=\"width: 25%; height: 24px; text-align: center;\">J\u00e4\u00e4hdytinneste tiiviste BS6580<\/td><td style=\"width: 25%; height: 24px; text-align: center;\">200 L<\/td><td style=\"width: 12.5%; height: 24px; text-align: center;\">\u00a0<\/td><td style=\"width: 12.5%; height: 24px; text-align: center;\">2<\/td><\/tr><tr style=\"height: 24px;\"><td style=\"width: 25%; height: 24px; text-align: center;\">ACG000<\/td><td style=\"width: 25%; height: 24px; text-align: center;\">J\u00e4\u00e4hdytinneste tiiviste BS6580<\/td><td style=\"width: 25%; height: 24px; text-align: center;\">1000 L<\/td><td style=\"width: 12.5%; height: 24px; text-align: center;\">\u00a0<\/td><td style=\"width: 12.5%; height: 24px; text-align: center;\">1<\/td><\/tr><\/tbody><\/table>\t\t\t\t\t\t<\/div>\n\t\t\t\t<\/div>\n\t\t\t\t\t<\/div>\n\t\t\t\t<\/div>\n\t\t\t\t<\/div>\n\t\t","protected":false},"excerpt":{"rendered":"<p>HUOLTOKEMIKAALIT J\u00c4\u00c4HDYTINNESTE TIIVISTE BS 6580, VIHRE\u00c4 J\u00e4\u00e4hdytinneste BS 6580 vihre\u00e4. Sis\u00e4lt\u00e4\u00e4 monoetyleeniglykoli. Est\u00e4\u00e4 moottoreiden j\u00e4\u00e4tymist\u00e4 sek\u00e4 suojaa metalleja ja alumiinia sy\u00f6pymiselt\u00e4. J\u00e4\u00e4hdytinneste BS 6580 vihre\u00e4 sis\u00e4lt\u00e4\u00e4 inhibiittorilis\u00e4ainepaketin, joka suojaa korroosiolta ja ruosteelta. Ei sis\u00e4ll\u00e4 nitriitit,\u00a0 aminiit tai fosfaatit. T\u00e4ytt\u00e4\u00e4\u00a0 vaatimukset: BS6580: 2010 UK, ASTM D3306 USA, SAE J 1034 USA, AFNOR NF\u00a0 R15-601 France, CUNA [&hellip;]<\/p>\n","protected":false},"author":2,"featured_media":0,"parent":3515,"menu_order":0,"comment_status":"closed","ping_status":"closed","template":"100-width.php","meta":{"footnotes":""},"_links":{"self":[{"href":"https:\/\/exim.ee\/fi\/wp-json\/wp\/v2\/pages\/3531"}],"collection":[{"href":"https:\/\/exim.ee\/fi\/wp-json\/wp\/v2\/pages"}],"about":[{"href":"https:\/\/exim.ee\/fi\/wp-json\/wp\/v2\/types\/page"}],"author":[{"embeddable":true,"href":"https:\/\/exim.ee\/fi\/wp-json\/wp\/v2\/users\/2"}],"replies":[{"embeddable":true,"href":"https:\/\/exim.ee\/fi\/wp-json\/wp\/v2\/comments?post=3531"}],"version-history":[{"count":5,"href":"https:\/\/exim.ee\/fi\/wp-json\/wp\/v2\/pages\/3531\/revisions"}],"predecessor-version":[{"id":5649,"href":"https:\/\/exim.ee\/fi\/wp-json\/wp\/v2\/pages\/3531\/revisions\/5649"}],"up":[{"embeddable":true,"href":"https:\/\/exim.ee\/fi\/wp-json\/wp\/v2\/pages\/3515"}],"wp:attachment":[{"href":"https:\/\/exim.ee\/fi\/wp-json\/wp\/v2\/media?parent=3531"}],"curies":[{"name":"wp","href":"https:\/\/api.w.org\/{rel}","templated":true}]}}