{"id":3549,"date":"2024-07-08T13:58:08","date_gmt":"2024-07-08T13:58:08","guid":{"rendered":"https:\/\/exim.ee\/huoltokemikaalit\/jaahdytinnesteet\/coolant-g11\/"},"modified":"2025-03-12T10:00:00","modified_gmt":"2025-03-12T10:00:00","slug":"jaahdytinneste-g11","status":"publish","type":"page","link":"https:\/\/exim.ee\/fi\/huoltokemikaalit\/jaahdytinnesteet\/jaahdytinneste-g11\/","title":{"rendered":"J\u00c4\u00c4HDYTINNESTE G11"},"content":{"rendered":"\t\t<div data-elementor-type=\"wp-page\" data-elementor-id=\"3549\" class=\"elementor elementor-3549\" data-elementor-post-type=\"page\">\n\t\t\t\t<div class=\"elementor-element elementor-element-912d8af e-flex e-con-boxed e-con e-parent\" data-id=\"912d8af\" data-element_type=\"container\">\n\t\t\t\t\t<div class=\"e-con-inner\">\n\t\t<div class=\"elementor-element elementor-element-eef1f31 e-con-full e-flex e-con e-child\" data-id=\"eef1f31\" data-element_type=\"container\" data-settings=\"{&quot;background_background&quot;:&quot;classic&quot;}\">\n\t\t\t\t<div class=\"elementor-element elementor-element-f014f31 elementor-widget elementor-widget-heading\" data-id=\"f014f31\" data-element_type=\"widget\" data-widget_type=\"heading.default\">\n\t\t\t\t<div class=\"elementor-widget-container\">\n\t\t\t<style>\/*! elementor - v3.22.0 - 26-06-2024 *\/\n.elementor-heading-title{padding:0;margin:0;line-height:1}.elementor-widget-heading .elementor-heading-title[class*=elementor-size-]>a{color:inherit;font-size:inherit;line-height:inherit}.elementor-widget-heading .elementor-heading-title.elementor-size-small{font-size:15px}.elementor-widget-heading .elementor-heading-title.elementor-size-medium{font-size:19px}.elementor-widget-heading .elementor-heading-title.elementor-size-large{font-size:29px}.elementor-widget-heading .elementor-heading-title.elementor-size-xl{font-size:39px}.elementor-widget-heading .elementor-heading-title.elementor-size-xxl{font-size:59px}<\/style><h1 class=\"elementor-heading-title elementor-size-default\">HUOLTOKEMIKAALIT<\/h1>\t\t<\/div>\n\t\t\t\t<\/div>\n\t\t\t\t<div class=\"elementor-element elementor-element-a5ff172 elementor-widget elementor-widget-html\" data-id=\"a5ff172\" data-element_type=\"widget\" data-widget_type=\"html.default\">\n\t\t\t\t<div class=\"elementor-widget-container\">\n\t\t\t<style>\n    #main .fusion-row,.e-con>.e-con-inner{\n        max-width: 100vw !important;\n    }\n\n    #main,.e-con{\n        padding-left:0 !important;\n        padding-right:0 !important;\n    }\n    .kast{\n        max-width: 77vw !important;\n        margin-left: auto;\n        margin-right: auto;\n    }\n     @media only screen and (max-width: 768px) {\n              .valik  .elementor-image-box-wrapper {\n                    display: flex;\n                    text-align: left;\n                }\n                   .valik figure {\n                       padding-top:10px;\n                       \n                       \n                   }\n                   .valik .elementor-image-box-title{\n                       padding-left:20px;\n                   }\n                   .valik .elementor-image-box-wrapper{\n                       padding-left:10px;\n                   }\n            }\n<\/style>\t\t<\/div>\n\t\t\t\t<\/div>\n\t\t\t\t<\/div>\n\t\t\t\t\t<\/div>\n\t\t\t\t<\/div>\n\t\t<div class=\"elementor-element elementor-element-d6fb53d kast e-flex e-con-boxed e-con e-parent\" data-id=\"d6fb53d\" data-element_type=\"container\">\n\t\t\t\t\t<div class=\"e-con-inner\">\n\t\t<div class=\"elementor-element elementor-element-cdfea7a e-con-full e-flex e-con e-child\" data-id=\"cdfea7a\" data-element_type=\"container\">\n\t\t\t\t<div class=\"elementor-element elementor-element-29f2986 elementor-widget elementor-widget-text-editor\" data-id=\"29f2986\" data-element_type=\"widget\" data-widget_type=\"text-editor.default\">\n\t\t\t\t<div class=\"elementor-widget-container\">\n\t\t\t<style>\/*! elementor - v3.22.0 - 26-06-2024 *\/\n.elementor-widget-text-editor.elementor-drop-cap-view-stacked .elementor-drop-cap{background-color:#69727d;color:#fff}.elementor-widget-text-editor.elementor-drop-cap-view-framed .elementor-drop-cap{color:#69727d;border:3px solid;background-color:transparent}.elementor-widget-text-editor:not(.elementor-drop-cap-view-default) .elementor-drop-cap{margin-top:8px}.elementor-widget-text-editor:not(.elementor-drop-cap-view-default) .elementor-drop-cap-letter{width:1em;height:1em}.elementor-widget-text-editor .elementor-drop-cap{float:left;text-align:center;line-height:1;font-size:50px}.elementor-widget-text-editor .elementor-drop-cap-letter{display:inline-block}<\/style>\t\t\t\t<p><strong>J\u00c4\u00c4HDYTINNESTE TIIVISTE G11 <\/strong><\/p><p><strong>J\u00e4\u00e4hdytinneste tiiviste G11<\/strong> bensiini- ja dieselmoottoreihin. Sopii sek\u00e4 kevyen, ett\u00e4 raskaan kaluston ajoneuvojen ja ty\u00f6koneiden j\u00e4\u00e4hdytinj\u00e4rjestelmiin. Tuote soveltuu erinomaisesti nykyaikaisiin moottoreihin ja j\u00e4\u00e4hdytinj\u00e4rjestelmiin, joissa k\u00e4ytet\u00e4\u00e4n perinteisten materiaalien ohella alumiinia, kuparia, messinki\u00e4, sek\u00e4 muovi ja kevytmetalliseoksia. Tuote suojaa j\u00e4\u00e4hdytinj\u00e4rjestelm\u00e4n j\u00e4\u00e4tymiselt\u00e4 ja est\u00e4\u00e4 ruostumisen sek\u00e4 sy\u00f6pymisen. Ei vahingoita kumiletkuja eik\u00e4 tiivisteit\u00e4. Noudatettava ensisijaisesti autovalmistajien ohjeita. Nitriitti-, fosfaatti- ja amiinivapaa. V\u00e4ri sininen\/vihre\u00e4.<\/p><p>\u00a0Ei suositella sekoitettavan muiden j\u00e4\u00e4hdytinnesteiden kanssa. Huomioitava moottorin valmistajien suositukset. Suositus vaihtov\u00e4liksi on 3-4 vuotta. Annostus: G11 33% pitoisuus vesiliuoksessa &#8211; 20\u00b0C, G11 50% &#8211; 38\u00b0C .\u00a0<\/p><p>Suorituskyky:<\/p><p>VW TL 774-C (G11), ASTM D3306, ASTM D4985, BS 6580, AFNOR NF R 15-601, \u00a0POLISH STANDARD PN-C-40007, SAE J1034, DAIMLER TRUCK DTFR 29C100, MAN 324 NF, MB 325.0 , MTU MTL 5048<\/p>\t\t\t\t\t\t<\/div>\n\t\t\t\t<\/div>\n\t\t\t\t<\/div>\n\t\t<div class=\"elementor-element elementor-element-eab86c1 e-con-full e-flex e-con e-child\" data-id=\"eab86c1\" data-element_type=\"container\">\n\t\t\t\t<div class=\"elementor-element elementor-element-206da1c elementor-widget elementor-widget-image\" data-id=\"206da1c\" data-element_type=\"widget\" data-widget_type=\"image.default\">\n\t\t\t\t<div class=\"elementor-widget-container\">\n\t\t\t<style>\/*! elementor - v3.22.0 - 26-06-2024 *\/\n.elementor-widget-image{text-align:center}.elementor-widget-image a{display:inline-block}.elementor-widget-image a img[src$=\".svg\"]{width:48px}.elementor-widget-image img{vertical-align:middle;display:inline-block}<\/style>\t\t\t\t\t\t\t\t\t\t<img fetchpriority=\"high\" decoding=\"async\" width=\"828\" height=\"946\" src=\"https:\/\/exim.ee\/wp-content\/uploads\/2024\/07\/Image-6-valge-kanster-5L-1-1.jpg\" class=\"attachment-full size-full wp-image-2279\" alt=\"\" srcset=\"https:\/\/exim.ee\/wp-content\/uploads\/2024\/07\/Image-6-valge-kanster-5L-1-1-200x229.jpg 200w, https:\/\/exim.ee\/wp-content\/uploads\/2024\/07\/Image-6-valge-kanster-5L-1-1-263x300.jpg 263w, https:\/\/exim.ee\/wp-content\/uploads\/2024\/07\/Image-6-valge-kanster-5L-1-1-400x457.jpg 400w, https:\/\/exim.ee\/wp-content\/uploads\/2024\/07\/Image-6-valge-kanster-5L-1-1-600x686.jpg 600w, https:\/\/exim.ee\/wp-content\/uploads\/2024\/07\/Image-6-valge-kanster-5L-1-1-768x877.jpg 768w, https:\/\/exim.ee\/wp-content\/uploads\/2024\/07\/Image-6-valge-kanster-5L-1-1-800x914.jpg 800w, https:\/\/exim.ee\/wp-content\/uploads\/2024\/07\/Image-6-valge-kanster-5L-1-1.jpg 828w\" sizes=\"(max-width: 828px) 100vw, 828px\" \/>\t\t\t\t\t\t\t\t\t\t\t\t\t<\/div>\n\t\t\t\t<\/div>\n\t\t\t\t<\/div>\n\t\t\t\t\t<\/div>\n\t\t\t\t<\/div>\n\t\t<div class=\"elementor-element elementor-element-7e9fb02 kast e-flex e-con-boxed e-con e-parent\" data-id=\"7e9fb02\" data-element_type=\"container\">\n\t\t\t\t\t<div class=\"e-con-inner\">\n\t\t\t\t<div class=\"elementor-element elementor-element-a6eb4d2 elementor-widget elementor-widget-text-editor\" data-id=\"a6eb4d2\" data-element_type=\"widget\" data-widget_type=\"text-editor.default\">\n\t\t\t\t<div class=\"elementor-widget-container\">\n\t\t\t\t\t\t\t<table style=\"height: 168px; width: 101.178%; border-collapse: collapse;\" border=\"1px\"><tbody><tr style=\"height: 72px;\"><td style=\"width: 25%; height: 72px; text-align: center;\">Tuote nr<\/td><td style=\"width: 25%; height: 72px; text-align: center;\">Tuote<\/td><td style=\"width: 25%; height: 72px; text-align: center;\">Pakkaus<\/td><td style=\"width: 12.5%; height: 72px; text-align: center;\">Kpl laatikko<\/td><td style=\"width: 12.5%; height: 72px; text-align: center;\">Kpl lavalla<\/td><\/tr><tr style=\"height: 24px; background-color: #fff;\"><td style=\"width: 25%; height: 24px; text-align: center;\">ACG11003<\/td><td style=\"width: 25%; height: 24px; text-align: center;\">J\u00e4\u00e4hdytinneste tiiviste G11<\/td><td style=\"width: 25%; height: 24px; text-align: center;\">3 L<\/td><td style=\"width: 12.5%; height: 24px; text-align: center;\">3<\/td><td style=\"width: 12.5%; height: 24px; text-align: center;\">144<\/td><\/tr><tr style=\"height: 24px;\"><td style=\"width: 25%; height: 24px; text-align: center;\">ACG11010<\/td><td style=\"width: 25%; height: 24px; text-align: center;\">J\u00e4\u00e4hdytinneste tiiviste G11<\/td><td style=\"width: 25%; height: 24px; text-align: center;\">10 L<\/td><td style=\"width: 12.5%; height: 24px; text-align: center;\">\u00a0<\/td><td style=\"width: 12.5%; height: 24px; text-align: center;\">60<\/td><\/tr><\/tbody><\/table>\t\t\t\t\t\t<\/div>\n\t\t\t\t<\/div>\n\t\t\t\t\t<\/div>\n\t\t\t\t<\/div>\n\t\t\t\t<\/div>\n\t\t","protected":false},"excerpt":{"rendered":"<p>HUOLTOKEMIKAALIT J\u00c4\u00c4HDYTINNESTE TIIVISTE G11 J\u00e4\u00e4hdytinneste tiiviste G11 bensiini- ja dieselmoottoreihin. Sopii sek\u00e4 kevyen, ett\u00e4 raskaan kaluston ajoneuvojen ja ty\u00f6koneiden j\u00e4\u00e4hdytinj\u00e4rjestelmiin. Tuote soveltuu erinomaisesti nykyaikaisiin moottoreihin ja j\u00e4\u00e4hdytinj\u00e4rjestelmiin, joissa k\u00e4ytet\u00e4\u00e4n perinteisten materiaalien ohella alumiinia, kuparia, messinki\u00e4, sek\u00e4 muovi ja kevytmetalliseoksia. Tuote suojaa j\u00e4\u00e4hdytinj\u00e4rjestelm\u00e4n j\u00e4\u00e4tymiselt\u00e4 ja est\u00e4\u00e4 ruostumisen sek\u00e4 sy\u00f6pymisen. Ei vahingoita kumiletkuja eik\u00e4 tiivisteit\u00e4. Noudatettava ensisijaisesti [&hellip;]<\/p>\n","protected":false},"author":2,"featured_media":0,"parent":3515,"menu_order":0,"comment_status":"closed","ping_status":"closed","template":"100-width.php","meta":{"footnotes":""},"_links":{"self":[{"href":"https:\/\/exim.ee\/fi\/wp-json\/wp\/v2\/pages\/3549"}],"collection":[{"href":"https:\/\/exim.ee\/fi\/wp-json\/wp\/v2\/pages"}],"about":[{"href":"https:\/\/exim.ee\/fi\/wp-json\/wp\/v2\/types\/page"}],"author":[{"embeddable":true,"href":"https:\/\/exim.ee\/fi\/wp-json\/wp\/v2\/users\/2"}],"replies":[{"embeddable":true,"href":"https:\/\/exim.ee\/fi\/wp-json\/wp\/v2\/comments?post=3549"}],"version-history":[{"count":5,"href":"https:\/\/exim.ee\/fi\/wp-json\/wp\/v2\/pages\/3549\/revisions"}],"predecessor-version":[{"id":5655,"href":"https:\/\/exim.ee\/fi\/wp-json\/wp\/v2\/pages\/3549\/revisions\/5655"}],"up":[{"embeddable":true,"href":"https:\/\/exim.ee\/fi\/wp-json\/wp\/v2\/pages\/3515"}],"wp:attachment":[{"href":"https:\/\/exim.ee\/fi\/wp-json\/wp\/v2\/media?parent=3549"}],"curies":[{"name":"wp","href":"https:\/\/api.w.org\/{rel}","templated":true}]}}