{"id":3573,"date":"2024-07-08T14:00:25","date_gmt":"2024-07-08T14:00:25","guid":{"rendered":"https:\/\/exim.ee\/huoltokemikaalit\/jaahdytinnesteet\/coolant-g12\/"},"modified":"2025-05-05T17:07:49","modified_gmt":"2025-05-05T17:07:49","slug":"jaahdytinneste-g12","status":"publish","type":"page","link":"https:\/\/exim.ee\/fi\/huoltokemikaalit\/jaahdytinnesteet\/jaahdytinneste-g12\/","title":{"rendered":"J\u00c4\u00c4HDYTINNESTE G12+"},"content":{"rendered":"\t\t<div data-elementor-type=\"wp-page\" data-elementor-id=\"3573\" class=\"elementor elementor-3573\" data-elementor-post-type=\"page\">\n\t\t\t\t<div class=\"elementor-element elementor-element-7c87de0 e-flex e-con-boxed e-con e-parent\" data-id=\"7c87de0\" data-element_type=\"container\">\n\t\t\t\t\t<div class=\"e-con-inner\">\n\t\t<div class=\"elementor-element elementor-element-9fb73c2 e-con-full e-flex e-con e-child\" data-id=\"9fb73c2\" data-element_type=\"container\" data-settings=\"{&quot;background_background&quot;:&quot;classic&quot;}\">\n\t\t\t\t<div class=\"elementor-element elementor-element-c8532e5 elementor-widget elementor-widget-heading\" data-id=\"c8532e5\" data-element_type=\"widget\" data-widget_type=\"heading.default\">\n\t\t\t\t<div class=\"elementor-widget-container\">\n\t\t\t<style>\/*! elementor - v3.22.0 - 26-06-2024 *\/\n.elementor-heading-title{padding:0;margin:0;line-height:1}.elementor-widget-heading .elementor-heading-title[class*=elementor-size-]>a{color:inherit;font-size:inherit;line-height:inherit}.elementor-widget-heading .elementor-heading-title.elementor-size-small{font-size:15px}.elementor-widget-heading .elementor-heading-title.elementor-size-medium{font-size:19px}.elementor-widget-heading .elementor-heading-title.elementor-size-large{font-size:29px}.elementor-widget-heading .elementor-heading-title.elementor-size-xl{font-size:39px}.elementor-widget-heading .elementor-heading-title.elementor-size-xxl{font-size:59px}<\/style><h1 class=\"elementor-heading-title elementor-size-default\">HUOLTOKEMIKAALIT<\/h1>\t\t<\/div>\n\t\t\t\t<\/div>\n\t\t\t\t<div class=\"elementor-element elementor-element-a50c76d elementor-widget elementor-widget-html\" data-id=\"a50c76d\" data-element_type=\"widget\" data-widget_type=\"html.default\">\n\t\t\t\t<div class=\"elementor-widget-container\">\n\t\t\t<style>\n    #main .fusion-row,.e-con>.e-con-inner{\n        max-width: 100vw !important;\n    }\n\n    #main,.e-con{\n        padding-left:0 !important;\n        padding-right:0 !important;\n    }\n    .kast{\n        max-width: 77vw !important;\n        margin-left: auto;\n        margin-right: auto;\n    }\n     @media only screen and (max-width: 768px) {\n              .valik  .elementor-image-box-wrapper {\n                    display: flex;\n                    text-align: left;\n                }\n                   .valik figure {\n                       padding-top:10px;\n                       \n                       \n                   }\n                   .valik .elementor-image-box-title{\n                       padding-left:20px;\n                   }\n                   .valik .elementor-image-box-wrapper{\n                       padding-left:10px;\n                   }\n            }\n<\/style>\t\t<\/div>\n\t\t\t\t<\/div>\n\t\t\t\t<\/div>\n\t\t\t\t\t<\/div>\n\t\t\t\t<\/div>\n\t\t<div class=\"elementor-element elementor-element-45e6ab7 kast e-flex e-con-boxed e-con e-parent\" data-id=\"45e6ab7\" data-element_type=\"container\">\n\t\t\t\t\t<div class=\"e-con-inner\">\n\t\t<div class=\"elementor-element elementor-element-3d453e9 e-con-full e-flex e-con e-child\" data-id=\"3d453e9\" data-element_type=\"container\">\n\t\t\t\t<div class=\"elementor-element elementor-element-d9d5f54 elementor-widget elementor-widget-text-editor\" data-id=\"d9d5f54\" data-element_type=\"widget\" data-widget_type=\"text-editor.default\">\n\t\t\t\t<div class=\"elementor-widget-container\">\n\t\t\t<style>\/*! elementor - v3.22.0 - 26-06-2024 *\/\n.elementor-widget-text-editor.elementor-drop-cap-view-stacked .elementor-drop-cap{background-color:#69727d;color:#fff}.elementor-widget-text-editor.elementor-drop-cap-view-framed .elementor-drop-cap{color:#69727d;border:3px solid;background-color:transparent}.elementor-widget-text-editor:not(.elementor-drop-cap-view-default) .elementor-drop-cap{margin-top:8px}.elementor-widget-text-editor:not(.elementor-drop-cap-view-default) .elementor-drop-cap-letter{width:1em;height:1em}.elementor-widget-text-editor .elementor-drop-cap{float:left;text-align:center;line-height:1;font-size:50px}.elementor-widget-text-editor .elementor-drop-cap-letter{display:inline-block}<\/style>\t\t\t\t<p><strong>J\u00c4\u00c4HDYTINESTE TIIVISTE G12+ <\/strong><\/p>\n<p>Longlife j\u00e4\u00e4hdytinneste bensiini- ja dieselmoottoreihin ymp\u00e4rivuotiseen k\u00e4ytt\u00f6\u00f6n sek\u00e4 kevyen ett\u00e4 raskaan kaluston ajoneuvojen ja ty\u00f6koneiden j\u00e4\u00e4hdytinj\u00e4rjestelmiss\u00e4. Tuote soveltuu erinomaisesti nykyaikaisiin moottoreihin ja j\u00e4\u00e4hdytinj\u00e4rjestelmiin, joissa k\u00e4ytet\u00e4\u00e4n perinteisten materiaalien ohella alumiinia, kuparia, messinki\u00e4, sek\u00e4 muovi ja kevytmetalliseoksia. Tuote suojaa j\u00e4\u00e4hdytinj\u00e4rjestelm\u00e4n j\u00e4\u00e4tymiselt\u00e4 ja est\u00e4\u00e4 ruostumisen sek\u00e4 sy\u00f6pymisen. Ei vahingoita kumiletkuja eik\u00e4 tiivisteit\u00e4. Tuote on sekoituskelpoinen vanhempien silikaatteja sis\u00e4lt\u00e4vien j\u00e4\u00e4hdytinnesteiden kanssa, mutta parhaan suojan takaamiseksi tuotetta ei suositella sekoitettavan muiden j\u00e4\u00e4hdytinnesteiden kanssa. Noudatettava ensisijaisesti autovalmistajien ohjeita. Nitriitti-, fosfaatti-, silikaatti-, amiini- ja boraattivapaa etyleeniglykolipohjainen longlife j\u00e4\u00e4hdytinneste. Longlife j\u00e4\u00e4hdytinnesteen vaihtov\u00e4liksi jopa 5 vuotta, huomioitava moottorin valmistajien suositukset.&nbsp;<\/p>\n<p>Suorituskyky: BS 6580\/1992, Afnor 15-601, 1991, ASTM D-3306 (D-4656), ASTM D-4985, NATO S-759, FSD 8704, \u00d6-Norm V5123, SAE J1034, MB 325.3, Ford \/ Jaguar \/ Land Rover WSS M97 B44-D, Land Rover, Jaguar CMR 8229, MAN 324 SNF, GM 6277M (+B040 1065), Vauxhall QL 130100, Suzuki Santana Motors, Audi alkaen 8\/96 \/ Seat alkaen 8\/96 \/ Skoda alkaen 8\/96 \/ VW alkaen 8\/96 TL774D\/F, G12, G12+, Skoda 61-0-0257, Isuzu, Daf 74002, Rover, Leyland Trucks DW03245403, MAN B&amp;W AG D36 5600, MAN B&amp;W A\/S, Cummins IS series u N14, Renault Trucks 41-01-001\/- -S Type D, Mack 014 GS 17009, MTU MTL 5048, Chevrolet, Catepillar MAK A4.05.09.01, John Deere JDMH5, Mazda MEZ MN 121 D, Mitsubishi, Detroit Diesel Power Cool Plus, Deutz 0199-99-1115\/5, Deutz-MWM 0199-99-2091\/8, IVECO 18-1830<\/p>\t\t\t\t\t\t<\/div>\n\t\t\t\t<\/div>\n\t\t\t\t<\/div>\n\t\t<div class=\"elementor-element elementor-element-4efe135 e-con-full e-flex e-con e-child\" data-id=\"4efe135\" data-element_type=\"container\">\n\t\t\t\t<div class=\"elementor-element elementor-element-61cefde elementor-widget elementor-widget-image\" data-id=\"61cefde\" data-element_type=\"widget\" data-widget_type=\"image.default\">\n\t\t\t\t<div class=\"elementor-widget-container\">\n\t\t\t<style>\/*! elementor - v3.22.0 - 26-06-2024 *\/\n.elementor-widget-image{text-align:center}.elementor-widget-image a{display:inline-block}.elementor-widget-image a img[src$=\".svg\"]{width:48px}.elementor-widget-image img{vertical-align:middle;display:inline-block}<\/style>\t\t\t\t\t\t\t\t\t\t<img fetchpriority=\"high\" decoding=\"async\" width=\"828\" height=\"946\" src=\"https:\/\/exim.ee\/wp-content\/uploads\/2024\/07\/Image-7-valge-kanisre-10L-4.jpg\" class=\"attachment-full size-full wp-image-3318\" alt=\"\" srcset=\"https:\/\/exim.ee\/wp-content\/uploads\/2024\/07\/Image-7-valge-kanisre-10L-4-200x229.jpg 200w, https:\/\/exim.ee\/wp-content\/uploads\/2024\/07\/Image-7-valge-kanisre-10L-4-263x300.jpg 263w, https:\/\/exim.ee\/wp-content\/uploads\/2024\/07\/Image-7-valge-kanisre-10L-4-400x457.jpg 400w, https:\/\/exim.ee\/wp-content\/uploads\/2024\/07\/Image-7-valge-kanisre-10L-4-600x686.jpg 600w, https:\/\/exim.ee\/wp-content\/uploads\/2024\/07\/Image-7-valge-kanisre-10L-4-768x877.jpg 768w, https:\/\/exim.ee\/wp-content\/uploads\/2024\/07\/Image-7-valge-kanisre-10L-4-800x914.jpg 800w, https:\/\/exim.ee\/wp-content\/uploads\/2024\/07\/Image-7-valge-kanisre-10L-4.jpg 828w\" sizes=\"(max-width: 828px) 100vw, 828px\" \/>\t\t\t\t\t\t\t\t\t\t\t\t\t<\/div>\n\t\t\t\t<\/div>\n\t\t\t\t<\/div>\n\t\t\t\t\t<\/div>\n\t\t\t\t<\/div>\n\t\t<div class=\"elementor-element elementor-element-b4f3ebb kast e-flex e-con-boxed e-con e-parent\" data-id=\"b4f3ebb\" data-element_type=\"container\">\n\t\t\t\t\t<div class=\"e-con-inner\">\n\t\t\t\t<div class=\"elementor-element elementor-element-1047495 elementor-widget elementor-widget-text-editor\" data-id=\"1047495\" data-element_type=\"widget\" data-widget_type=\"text-editor.default\">\n\t\t\t\t<div class=\"elementor-widget-container\">\n\t\t\t\t\t\t\t<table style=\"height: 120px; width: 101.178%; border-collapse: collapse;\" border=\"1px\"><tbody><tr style=\"height: 72px;\"><td style=\"width: 25%; height: 72px; text-align: center;\">Tuote nr<\/td><td style=\"width: 25%; height: 72px; text-align: center;\">Tuote<\/td><td style=\"width: 25%; height: 72px; text-align: center;\">Pakkaus<\/td><td style=\"width: 12.5%; height: 72px; text-align: center;\">Kpl laatikko<\/td><td style=\"width: 12.5%; height: 72px; text-align: center;\">Kpl lavalla<\/td><\/tr><tr style=\"height: 24px; background-color: #fff;\"><td style=\"width: 25%; height: 24px; text-align: center;\">ACG12P03<\/td><td style=\"width: 25%; height: 24px; text-align: center;\">J\u00e4\u00e4hdytinneste tiiviste G12+<\/td><td style=\"width: 25%; height: 24px; text-align: center;\">3 L<\/td><td style=\"width: 12.5%; height: 24px; text-align: center;\">3<\/td><td style=\"width: 12.5%; height: 24px; text-align: center;\">144<\/td><\/tr><tr style=\"height: 24px;\"><td style=\"width: 25%; height: 24px; text-align: center;\">ACG12P10<\/td><td style=\"width: 25%; height: 24px; text-align: center;\">J\u00e4\u00e4hdytinneste tiiviste G12+<\/td><td style=\"width: 25%; height: 24px; text-align: center;\">10 L<\/td><td style=\"width: 12.5%; height: 24px; text-align: center;\">\u00a0<\/td><td style=\"width: 12.5%; height: 24px; text-align: center;\">60<\/td><\/tr><\/tbody><\/table>\t\t\t\t\t\t<\/div>\n\t\t\t\t<\/div>\n\t\t\t\t\t<\/div>\n\t\t\t\t<\/div>\n\t\t\t\t<\/div>\n\t\t","protected":false},"excerpt":{"rendered":"<p>HUOLTOKEMIKAALIT J\u00c4\u00c4HDYTINESTE TIIVISTE G12+ Longlife j\u00e4\u00e4hdytinneste bensiini- ja dieselmoottoreihin ymp\u00e4rivuotiseen k\u00e4ytt\u00f6\u00f6n sek\u00e4 kevyen ett\u00e4 raskaan kaluston ajoneuvojen ja ty\u00f6koneiden j\u00e4\u00e4hdytinj\u00e4rjestelmiss\u00e4. Tuote soveltuu erinomaisesti nykyaikaisiin moottoreihin ja j\u00e4\u00e4hdytinj\u00e4rjestelmiin, joissa k\u00e4ytet\u00e4\u00e4n perinteisten materiaalien ohella alumiinia, kuparia, messinki\u00e4, sek\u00e4 muovi ja kevytmetalliseoksia. Tuote suojaa j\u00e4\u00e4hdytinj\u00e4rjestelm\u00e4n j\u00e4\u00e4tymiselt\u00e4 ja est\u00e4\u00e4 ruostumisen sek\u00e4 sy\u00f6pymisen. Ei vahingoita kumiletkuja eik\u00e4 tiivisteit\u00e4. Tuote on [&hellip;]<\/p>\n","protected":false},"author":2,"featured_media":0,"parent":3515,"menu_order":0,"comment_status":"closed","ping_status":"closed","template":"100-width.php","meta":{"footnotes":""},"_links":{"self":[{"href":"https:\/\/exim.ee\/fi\/wp-json\/wp\/v2\/pages\/3573"}],"collection":[{"href":"https:\/\/exim.ee\/fi\/wp-json\/wp\/v2\/pages"}],"about":[{"href":"https:\/\/exim.ee\/fi\/wp-json\/wp\/v2\/types\/page"}],"author":[{"embeddable":true,"href":"https:\/\/exim.ee\/fi\/wp-json\/wp\/v2\/users\/2"}],"replies":[{"embeddable":true,"href":"https:\/\/exim.ee\/fi\/wp-json\/wp\/v2\/comments?post=3573"}],"version-history":[{"count":5,"href":"https:\/\/exim.ee\/fi\/wp-json\/wp\/v2\/pages\/3573\/revisions"}],"predecessor-version":[{"id":6099,"href":"https:\/\/exim.ee\/fi\/wp-json\/wp\/v2\/pages\/3573\/revisions\/6099"}],"up":[{"embeddable":true,"href":"https:\/\/exim.ee\/fi\/wp-json\/wp\/v2\/pages\/3515"}],"wp:attachment":[{"href":"https:\/\/exim.ee\/fi\/wp-json\/wp\/v2\/media?parent=3573"}],"curies":[{"name":"wp","href":"https:\/\/api.w.org\/{rel}","templated":true}]}}