{"id":3590,"date":"2024-07-08T14:02:51","date_gmt":"2024-07-08T14:02:51","guid":{"rendered":"https:\/\/exim.ee\/huoltokemikaalit\/jaahdytinnesteet\/coolant-g12-2\/"},"modified":"2025-04-22T20:09:58","modified_gmt":"2025-04-22T20:09:58","slug":"jaahdytinneste-g12-2","status":"publish","type":"page","link":"https:\/\/exim.ee\/fi\/huoltokemikaalit\/jaahdytinnesteet\/jaahdytinneste-g12-2\/","title":{"rendered":"J\u00c4\u00c4HDYTINNESTE G12++"},"content":{"rendered":"\t\t<div data-elementor-type=\"wp-page\" data-elementor-id=\"3590\" class=\"elementor elementor-3590\" data-elementor-post-type=\"page\">\n\t\t\t\t<div class=\"elementor-element elementor-element-0b00405 e-flex e-con-boxed e-con e-parent\" data-id=\"0b00405\" data-element_type=\"container\">\n\t\t\t\t\t<div class=\"e-con-inner\">\n\t\t<div class=\"elementor-element elementor-element-187e5c4 e-con-full e-flex e-con e-child\" data-id=\"187e5c4\" data-element_type=\"container\" data-settings=\"{&quot;background_background&quot;:&quot;classic&quot;}\">\n\t\t\t\t<div class=\"elementor-element elementor-element-ed5d0ff elementor-widget elementor-widget-heading\" data-id=\"ed5d0ff\" data-element_type=\"widget\" data-widget_type=\"heading.default\">\n\t\t\t\t<div class=\"elementor-widget-container\">\n\t\t\t<style>\/*! elementor - v3.22.0 - 26-06-2024 *\/\n.elementor-heading-title{padding:0;margin:0;line-height:1}.elementor-widget-heading .elementor-heading-title[class*=elementor-size-]>a{color:inherit;font-size:inherit;line-height:inherit}.elementor-widget-heading .elementor-heading-title.elementor-size-small{font-size:15px}.elementor-widget-heading .elementor-heading-title.elementor-size-medium{font-size:19px}.elementor-widget-heading .elementor-heading-title.elementor-size-large{font-size:29px}.elementor-widget-heading .elementor-heading-title.elementor-size-xl{font-size:39px}.elementor-widget-heading .elementor-heading-title.elementor-size-xxl{font-size:59px}<\/style><h1 class=\"elementor-heading-title elementor-size-default\">HUOLTOKEMIKAALIT<\/h1>\t\t<\/div>\n\t\t\t\t<\/div>\n\t\t\t\t<div class=\"elementor-element elementor-element-afa3527 elementor-widget elementor-widget-html\" data-id=\"afa3527\" data-element_type=\"widget\" data-widget_type=\"html.default\">\n\t\t\t\t<div class=\"elementor-widget-container\">\n\t\t\t<style>\n    #main .fusion-row,.e-con>.e-con-inner{\n        max-width: 100vw !important;\n    }\n\n    #main,.e-con{\n        padding-left:0 !important;\n        padding-right:0 !important;\n    }\n    .kast{\n        max-width: 77vw !important;\n        margin-left: auto;\n        margin-right: auto;\n    }\n     @media only screen and (max-width: 768px) {\n              .valik  .elementor-image-box-wrapper {\n                    display: flex;\n                    text-align: left;\n                }\n                   .valik figure {\n                       padding-top:10px;\n                       \n                       \n                   }\n                   .valik .elementor-image-box-title{\n                       padding-left:20px;\n                   }\n                   .valik .elementor-image-box-wrapper{\n                       padding-left:10px;\n                   }\n            }\n<\/style>\t\t<\/div>\n\t\t\t\t<\/div>\n\t\t\t\t<\/div>\n\t\t\t\t\t<\/div>\n\t\t\t\t<\/div>\n\t\t<div class=\"elementor-element elementor-element-92adf39 kast e-con-full e-flex e-con e-parent\" data-id=\"92adf39\" data-element_type=\"container\">\n\t\t<div class=\"elementor-element elementor-element-5a687ef e-con-full e-flex e-con e-child\" data-id=\"5a687ef\" data-element_type=\"container\">\n\t\t\t\t<div class=\"elementor-element elementor-element-974a2eb elementor-widget elementor-widget-text-editor\" data-id=\"974a2eb\" data-element_type=\"widget\" data-widget_type=\"text-editor.default\">\n\t\t\t\t<div class=\"elementor-widget-container\">\n\t\t\t<style>\/*! elementor - v3.22.0 - 26-06-2024 *\/\n.elementor-widget-text-editor.elementor-drop-cap-view-stacked .elementor-drop-cap{background-color:#69727d;color:#fff}.elementor-widget-text-editor.elementor-drop-cap-view-framed .elementor-drop-cap{color:#69727d;border:3px solid;background-color:transparent}.elementor-widget-text-editor:not(.elementor-drop-cap-view-default) .elementor-drop-cap{margin-top:8px}.elementor-widget-text-editor:not(.elementor-drop-cap-view-default) .elementor-drop-cap-letter{width:1em;height:1em}.elementor-widget-text-editor .elementor-drop-cap{float:left;text-align:center;line-height:1;font-size:50px}.elementor-widget-text-editor .elementor-drop-cap-letter{display:inline-block}<\/style>\t\t\t\t<p><strong>J\u00c4\u00c4HDYTINNESTE TIIVISTE G12++<\/strong><\/p><p><strong>J\u00e4\u00e4hdytysnestetiiviste G12++<\/strong> on monoetyleeniglykoliin perustuva tiivistetty lobridij\u00e4\u00e4hdytysneste, joka sis\u00e4lt\u00e4\u00e4 <strong>Si-OAT-<\/strong>korroosionestoaineita, jotka suojaavat kalkkia, korroosiota, vaahtoamista jne. vastaan.<br \/>Koska nykyaikaisten moottoreiden k\u00e4ytt\u00f6l\u00e4mp\u00f6tilat ovat korkeat, ne voivat helposti saavuttaa vahingollisia l\u00e4mp\u00f6tiloja. Siksi tuotteita, kuten <strong>j\u00e4\u00e4hdytysnestetiiviste G12++<\/strong>, k\u00e4ytet\u00e4\u00e4n pit\u00e4m\u00e4\u00e4n j\u00e4\u00e4hdytysj\u00e4rjestelm\u00e4t kunnolla toiminnassa ja est\u00e4m\u00e4\u00e4n ylikuumeneminen tai j\u00e4\u00e4tyminen kylmiss\u00e4 olosuhteissa.<\/p><p><strong>VW TL 774-G<\/strong>, AFNOR NF R 15-601 ASTM D3306 ASTM D4656 ASTM D4985 ASTM D6210 BS 6580-2010 CUNA NC 956-16 FFV Heft R443 JIS K2234:2018 SAE J1034 UNE 26-361-88\/1 CUMMINS CES 14603 DAIMLER TRUCK DTFR 29D120 DEUTZ DQC CC-14 LIEBHERR MINIMUM LH-01-COL3A MAN 324 Si-OAT MB 326.5 MB 326.6 MTU MTL 5048\u00a0<\/p>\t\t\t\t\t\t<\/div>\n\t\t\t\t<\/div>\n\t\t\t\t<\/div>\n\t\t<div class=\"elementor-element elementor-element-89e3a48 e-con-full e-flex e-con e-child\" data-id=\"89e3a48\" data-element_type=\"container\">\n\t\t\t\t<div class=\"elementor-element elementor-element-1a0b340 elementor-widget elementor-widget-image\" data-id=\"1a0b340\" data-element_type=\"widget\" data-widget_type=\"image.default\">\n\t\t\t\t<div class=\"elementor-widget-container\">\n\t\t\t<style>\/*! elementor - v3.22.0 - 26-06-2024 *\/\n.elementor-widget-image{text-align:center}.elementor-widget-image a{display:inline-block}.elementor-widget-image a img[src$=\".svg\"]{width:48px}.elementor-widget-image img{vertical-align:middle;display:inline-block}<\/style>\t\t\t\t\t\t\t\t\t\t<img fetchpriority=\"high\" decoding=\"async\" width=\"828\" height=\"946\" src=\"https:\/\/exim.ee\/wp-content\/uploads\/2024\/07\/Image-6-valge-kanster-5L-1-2.jpg\" class=\"attachment-full size-full wp-image-3346\" alt=\"\" srcset=\"https:\/\/exim.ee\/wp-content\/uploads\/2024\/07\/Image-6-valge-kanster-5L-1-2-200x229.jpg 200w, https:\/\/exim.ee\/wp-content\/uploads\/2024\/07\/Image-6-valge-kanster-5L-1-2-263x300.jpg 263w, https:\/\/exim.ee\/wp-content\/uploads\/2024\/07\/Image-6-valge-kanster-5L-1-2-400x457.jpg 400w, https:\/\/exim.ee\/wp-content\/uploads\/2024\/07\/Image-6-valge-kanster-5L-1-2-600x686.jpg 600w, https:\/\/exim.ee\/wp-content\/uploads\/2024\/07\/Image-6-valge-kanster-5L-1-2-768x877.jpg 768w, https:\/\/exim.ee\/wp-content\/uploads\/2024\/07\/Image-6-valge-kanster-5L-1-2-800x914.jpg 800w, https:\/\/exim.ee\/wp-content\/uploads\/2024\/07\/Image-6-valge-kanster-5L-1-2.jpg 828w\" sizes=\"(max-width: 828px) 100vw, 828px\" \/>\t\t\t\t\t\t\t\t\t\t\t\t\t<\/div>\n\t\t\t\t<\/div>\n\t\t\t\t<\/div>\n\t\t\t\t<\/div>\n\t\t<div class=\"elementor-element elementor-element-bfb54c2 kast e-flex e-con-boxed e-con e-parent\" data-id=\"bfb54c2\" data-element_type=\"container\">\n\t\t\t\t\t<div class=\"e-con-inner\">\n\t\t\t\t<div class=\"elementor-element elementor-element-758304f elementor-widget elementor-widget-text-editor\" data-id=\"758304f\" data-element_type=\"widget\" data-widget_type=\"text-editor.default\">\n\t\t\t\t<div class=\"elementor-widget-container\">\n\t\t\t\t\t\t\t<table style=\"height: 168px; width: 101.178%; border-collapse: collapse;\" border=\"1px\"><tbody><tr style=\"height: 72px;\"><td style=\"width: 25%; height: 72px; text-align: center;\">Tuote nr<\/td><td style=\"width: 25%; height: 72px; text-align: center;\">Tuote<\/td><td style=\"width: 25%; height: 72px; text-align: center;\">Pakkaus<\/td><td style=\"width: 12.5%; height: 72px; text-align: center;\">Kpl laatikko<\/td><td style=\"width: 12.5%; height: 72px; text-align: center;\">Kpl lavalla<\/td><\/tr><tr style=\"height: 24px; background-color: #fff;\"><td style=\"width: 25%; height: 24px; text-align: center;\">ACG12PP3<\/td><td style=\"width: 25%; height: 24px; text-align: center;\">J\u00e4\u00e4hdytinneste tiiviste G12++<\/td><td style=\"width: 25%; height: 24px; text-align: center;\">3 L<\/td><td style=\"width: 12.5%; height: 24px; text-align: center;\">3<\/td><td style=\"width: 12.5%; height: 24px; text-align: center;\">144<\/td><\/tr><tr style=\"height: 24px;\"><td style=\"width: 25%; height: 24px; text-align: center;\">ACG12PP5<\/td><td style=\"width: 25%; height: 24px; text-align: center;\">J\u00e4\u00e4hdytinneste tiiviste G12++<\/td><td style=\"width: 25%; height: 24px; text-align: center;\">5 L<\/td><td style=\"width: 12.5%; height: 24px; text-align: center;\">3<\/td><td style=\"width: 12.5%; height: 24px; text-align: center;\">108<\/td><\/tr><\/tbody><\/table>\t\t\t\t\t\t<\/div>\n\t\t\t\t<\/div>\n\t\t\t\t\t<\/div>\n\t\t\t\t<\/div>\n\t\t\t\t<\/div>\n\t\t","protected":false},"excerpt":{"rendered":"<p>HUOLTOKEMIKAALIT J\u00c4\u00c4HDYTINNESTE TIIVISTE G12++ J\u00e4\u00e4hdytysnestetiiviste G12++ on monoetyleeniglykoliin perustuva tiivistetty lobridij\u00e4\u00e4hdytysneste, joka sis\u00e4lt\u00e4\u00e4 Si-OAT-korroosionestoaineita, jotka suojaavat kalkkia, korroosiota, vaahtoamista jne. vastaan.Koska nykyaikaisten moottoreiden k\u00e4ytt\u00f6l\u00e4mp\u00f6tilat ovat korkeat, ne voivat helposti saavuttaa vahingollisia l\u00e4mp\u00f6tiloja. Siksi tuotteita, kuten j\u00e4\u00e4hdytysnestetiiviste G12++, k\u00e4ytet\u00e4\u00e4n pit\u00e4m\u00e4\u00e4n j\u00e4\u00e4hdytysj\u00e4rjestelm\u00e4t kunnolla toiminnassa ja est\u00e4m\u00e4\u00e4n ylikuumeneminen tai j\u00e4\u00e4tyminen kylmiss\u00e4 olosuhteissa. VW TL 774-G, AFNOR NF R [&hellip;]<\/p>\n","protected":false},"author":2,"featured_media":0,"parent":3515,"menu_order":0,"comment_status":"closed","ping_status":"closed","template":"100-width.php","meta":{"footnotes":""},"_links":{"self":[{"href":"https:\/\/exim.ee\/fi\/wp-json\/wp\/v2\/pages\/3590"}],"collection":[{"href":"https:\/\/exim.ee\/fi\/wp-json\/wp\/v2\/pages"}],"about":[{"href":"https:\/\/exim.ee\/fi\/wp-json\/wp\/v2\/types\/page"}],"author":[{"embeddable":true,"href":"https:\/\/exim.ee\/fi\/wp-json\/wp\/v2\/users\/2"}],"replies":[{"embeddable":true,"href":"https:\/\/exim.ee\/fi\/wp-json\/wp\/v2\/comments?post=3590"}],"version-history":[{"count":5,"href":"https:\/\/exim.ee\/fi\/wp-json\/wp\/v2\/pages\/3590\/revisions"}],"predecessor-version":[{"id":5836,"href":"https:\/\/exim.ee\/fi\/wp-json\/wp\/v2\/pages\/3590\/revisions\/5836"}],"up":[{"embeddable":true,"href":"https:\/\/exim.ee\/fi\/wp-json\/wp\/v2\/pages\/3515"}],"wp:attachment":[{"href":"https:\/\/exim.ee\/fi\/wp-json\/wp\/v2\/media?parent=3590"}],"curies":[{"name":"wp","href":"https:\/\/api.w.org\/{rel}","templated":true}]}}