{"id":3607,"date":"2024-07-08T14:04:56","date_gmt":"2024-07-08T14:04:56","guid":{"rendered":"https:\/\/exim.ee\/huoltokemikaalit\/jaahdytinnesteet\/coolant-g13\/"},"modified":"2025-01-16T11:35:28","modified_gmt":"2025-01-16T11:35:28","slug":"jaahdytinneste-g13","status":"publish","type":"page","link":"https:\/\/exim.ee\/fi\/huoltokemikaalit\/jaahdytinnesteet\/jaahdytinneste-g13\/","title":{"rendered":"J\u00c4\u00c4HDYTINNESTE G13"},"content":{"rendered":"\t\t<div data-elementor-type=\"wp-page\" data-elementor-id=\"3607\" class=\"elementor elementor-3607\" data-elementor-post-type=\"page\">\n\t\t\t\t<div class=\"elementor-element elementor-element-13ab382 e-flex e-con-boxed e-con e-parent\" data-id=\"13ab382\" data-element_type=\"container\">\n\t\t\t\t\t<div class=\"e-con-inner\">\n\t\t<div class=\"elementor-element elementor-element-a59ff78 e-con-full e-flex e-con e-child\" data-id=\"a59ff78\" data-element_type=\"container\" data-settings=\"{&quot;background_background&quot;:&quot;classic&quot;}\">\n\t\t\t\t<div class=\"elementor-element elementor-element-d3b080c elementor-widget elementor-widget-heading\" data-id=\"d3b080c\" data-element_type=\"widget\" data-widget_type=\"heading.default\">\n\t\t\t\t<div class=\"elementor-widget-container\">\n\t\t\t<style>\/*! elementor - v3.22.0 - 26-06-2024 *\/\n.elementor-heading-title{padding:0;margin:0;line-height:1}.elementor-widget-heading .elementor-heading-title[class*=elementor-size-]>a{color:inherit;font-size:inherit;line-height:inherit}.elementor-widget-heading .elementor-heading-title.elementor-size-small{font-size:15px}.elementor-widget-heading .elementor-heading-title.elementor-size-medium{font-size:19px}.elementor-widget-heading .elementor-heading-title.elementor-size-large{font-size:29px}.elementor-widget-heading .elementor-heading-title.elementor-size-xl{font-size:39px}.elementor-widget-heading .elementor-heading-title.elementor-size-xxl{font-size:59px}<\/style><h1 class=\"elementor-heading-title elementor-size-default\">HUOLTOKEMIKAALIT<\/h1>\t\t<\/div>\n\t\t\t\t<\/div>\n\t\t\t\t<div class=\"elementor-element elementor-element-a5c82ab elementor-widget elementor-widget-html\" data-id=\"a5c82ab\" data-element_type=\"widget\" data-widget_type=\"html.default\">\n\t\t\t\t<div class=\"elementor-widget-container\">\n\t\t\t<style>\n    #main .fusion-row,.e-con>.e-con-inner{\n        max-width: 100vw !important;\n    }\n\n    #main,.e-con{\n        padding-left:0 !important;\n        padding-right:0 !important;\n    }\n    .kast{\n        max-width: 77vw !important;\n        margin-left: auto;\n        margin-right: auto;\n    }\n     @media only screen and (max-width: 768px) {\n              .valik  .elementor-image-box-wrapper {\n                    display: flex;\n                    text-align: left;\n                }\n                   .valik figure {\n                       padding-top:10px;\n                       \n                       \n                   }\n                   .valik .elementor-image-box-title{\n                       padding-left:20px;\n                   }\n                   .valik .elementor-image-box-wrapper{\n                       padding-left:10px;\n                   }\n            }\n<\/style>\t\t<\/div>\n\t\t\t\t<\/div>\n\t\t\t\t<\/div>\n\t\t\t\t\t<\/div>\n\t\t\t\t<\/div>\n\t\t<div class=\"elementor-element elementor-element-2ad1ed6 kast e-flex e-con-boxed e-con e-parent\" data-id=\"2ad1ed6\" data-element_type=\"container\">\n\t\t\t\t\t<div class=\"e-con-inner\">\n\t\t<div class=\"elementor-element elementor-element-132676e e-con-full e-flex e-con e-child\" data-id=\"132676e\" data-element_type=\"container\">\n\t\t\t\t<div class=\"elementor-element elementor-element-69219ca elementor-widget elementor-widget-text-editor\" data-id=\"69219ca\" data-element_type=\"widget\" data-widget_type=\"text-editor.default\">\n\t\t\t\t<div class=\"elementor-widget-container\">\n\t\t\t<style>\/*! elementor - v3.22.0 - 26-06-2024 *\/\n.elementor-widget-text-editor.elementor-drop-cap-view-stacked .elementor-drop-cap{background-color:#69727d;color:#fff}.elementor-widget-text-editor.elementor-drop-cap-view-framed .elementor-drop-cap{color:#69727d;border:3px solid;background-color:transparent}.elementor-widget-text-editor:not(.elementor-drop-cap-view-default) .elementor-drop-cap{margin-top:8px}.elementor-widget-text-editor:not(.elementor-drop-cap-view-default) .elementor-drop-cap-letter{width:1em;height:1em}.elementor-widget-text-editor .elementor-drop-cap{float:left;text-align:center;line-height:1;font-size:50px}.elementor-widget-text-editor .elementor-drop-cap-letter{display:inline-block}<\/style>\t\t\t\t<p><strong>J\u00c4\u00c4HDYTINNESTE TIIVISTE G13<\/strong><\/p><p>J\u00e4\u00e4hdytinnestetiiviste nykyaikaisille, korkeatehoisille, alumiinista valmistetuille moottoreille. ASTM D-3306 -standardin t\u00e4ytt\u00e4v\u00e4 ymp\u00e4rist\u00f6yst\u00e4v\u00e4llinen neste, joka suojaa moottorin kevytmetalliosia. Tarjoaa luotettavan suojan j\u00e4\u00e4tymist\u00e4, korroosiota sek\u00e4 ylikuumenemista vastaan, ei vahingoita kumieik\u00e4 muoviosia. Tuote sis\u00e4lt\u00e4\u00e4 silikaatteja ja on nitriitit\u00f6n, amiiniton ja fosfaatiton. V\u00e4ri on purppura. T\u00e4ytt\u00e4\u00e4 VW TL 052 774 J -hyv\u00e4ksynn\u00e4n ja sen my\u00f6t\u00e4 viimeisimm\u00e4t Audi-\/ Seat-\/Skoda-\/VW-vaatimukset. G13-j\u00e4\u00e4hdytinneste on etyleeniglykoli-\/ glyserolipohjainen, eik\u00e4 tuotetta saa miss\u00e4\u00e4n tapauksessa sekoittaa muiden j\u00e4\u00e4hdytinnesteiden kanssa. G13-j\u00e4\u00e4hdytinnesteen vaihtov\u00e4li on 5 vuotta. <br \/>Huomioi moottorin valmistajan suositukset. G13 on pitk\u00e4ik\u00e4inen j\u00e4\u00e4hdytinneste, jonka silikaattilis\u00e4aineet ja orgaaniset yhdisteet suojaavat tehokkaasti moottorin alumiiniosia.<br \/>Suositellaan my\u00f6s autoihin, joissa on nykyaikainen, korkeatehoinen alumiinista valmistettu moottori ja seuraavat vaatimukset: Audi TL 774-D\/F\/G\/J, Seat TL 774-D\/F\/G\/J, Skoda TL 774-D\/F\/G\/J, VW TL 774-D\/F\/G\/J, Bentley TL 774-D\/F\/G, Bugatti TL 774 G, Cummins CES 14603, DAF, Jaguar (alkaen 1999) VIN 878389, Lamborghini TL 774-D\/F\/G, MAN MAN 324 SNF, MAN (alkaen 12\/2011) MAN 324 Typ Si-OAT, Mercedes-Benz (alkaen 10\/2011) MB 325.5, MINI Cooper D (alkaen 2007), MTU MTL 5048, Porsche (alkaen 1996), Porsche (alkaen 1997) 911, Boxster, Cayman, Cayenne, Panamera.<\/p>\t\t\t\t\t\t<\/div>\n\t\t\t\t<\/div>\n\t\t\t\t<\/div>\n\t\t<div class=\"elementor-element elementor-element-c1a9897 e-con-full e-flex e-con e-child\" data-id=\"c1a9897\" data-element_type=\"container\">\n\t\t\t\t<div class=\"elementor-element elementor-element-450c5dd elementor-widget elementor-widget-image\" data-id=\"450c5dd\" data-element_type=\"widget\" data-widget_type=\"image.default\">\n\t\t\t\t<div class=\"elementor-widget-container\">\n\t\t\t<style>\/*! elementor - v3.22.0 - 26-06-2024 *\/\n.elementor-widget-image{text-align:center}.elementor-widget-image a{display:inline-block}.elementor-widget-image a img[src$=\".svg\"]{width:48px}.elementor-widget-image img{vertical-align:middle;display:inline-block}<\/style>\t\t\t\t\t\t\t\t\t\t<img fetchpriority=\"high\" decoding=\"async\" width=\"828\" height=\"946\" src=\"https:\/\/exim.ee\/wp-content\/uploads\/2024\/07\/Image-6-valge-kanster-5L-1-2.jpg\" class=\"attachment-full size-full wp-image-3346\" alt=\"\" srcset=\"https:\/\/exim.ee\/wp-content\/uploads\/2024\/07\/Image-6-valge-kanster-5L-1-2-200x229.jpg 200w, https:\/\/exim.ee\/wp-content\/uploads\/2024\/07\/Image-6-valge-kanster-5L-1-2-263x300.jpg 263w, https:\/\/exim.ee\/wp-content\/uploads\/2024\/07\/Image-6-valge-kanster-5L-1-2-400x457.jpg 400w, https:\/\/exim.ee\/wp-content\/uploads\/2024\/07\/Image-6-valge-kanster-5L-1-2-600x686.jpg 600w, https:\/\/exim.ee\/wp-content\/uploads\/2024\/07\/Image-6-valge-kanster-5L-1-2-768x877.jpg 768w, https:\/\/exim.ee\/wp-content\/uploads\/2024\/07\/Image-6-valge-kanster-5L-1-2-800x914.jpg 800w, https:\/\/exim.ee\/wp-content\/uploads\/2024\/07\/Image-6-valge-kanster-5L-1-2.jpg 828w\" sizes=\"(max-width: 828px) 100vw, 828px\" \/>\t\t\t\t\t\t\t\t\t\t\t\t\t<\/div>\n\t\t\t\t<\/div>\n\t\t\t\t<\/div>\n\t\t\t\t\t<\/div>\n\t\t\t\t<\/div>\n\t\t<div class=\"elementor-element elementor-element-fffb434 kast e-flex e-con-boxed e-con e-parent\" data-id=\"fffb434\" data-element_type=\"container\">\n\t\t\t\t\t<div class=\"e-con-inner\">\n\t\t\t\t<div class=\"elementor-element elementor-element-6df7d16 elementor-widget elementor-widget-text-editor\" data-id=\"6df7d16\" data-element_type=\"widget\" data-widget_type=\"text-editor.default\">\n\t\t\t\t<div class=\"elementor-widget-container\">\n\t\t\t\t\t\t\t<table style=\"height: 168px; width: 101.178%; border-collapse: collapse;\" border=\"1px\"><tbody><tr style=\"height: 72px;\"><td style=\"width: 25%; height: 72px;\">Tuote nr<\/td><td style=\"width: 25%; height: 72px; text-align: center;\">Tuote<\/td><td style=\"width: 25%; height: 72px; text-align: center;\">Pakkaus<\/td><td style=\"width: 12.5%; height: 72px; text-align: center;\">Kpl laatikko<\/td><td style=\"width: 12.5%; height: 72px; text-align: center;\">Kpl lavalla<\/td><\/tr><tr style=\"height: 24px; background-color: #fff;\"><td style=\"width: 25%; height: 24px;\">ACG13005<\/td><td style=\"width: 25%; height: 24px; text-align: center;\">J\u00e4\u00e4hdytinneste tiiviste G13<\/td><td style=\"width: 25%; height: 24px; text-align: center;\">5 L<\/td><td style=\"width: 12.5%; height: 24px; text-align: center;\">3<\/td><td style=\"width: 12.5%; height: 24px; text-align: center;\">108<\/td><\/tr><\/tbody><\/table>\t\t\t\t\t\t<\/div>\n\t\t\t\t<\/div>\n\t\t\t\t\t<\/div>\n\t\t\t\t<\/div>\n\t\t\t\t<\/div>\n\t\t","protected":false},"excerpt":{"rendered":"<p>HUOLTOKEMIKAALIT J\u00c4\u00c4HDYTINNESTE TIIVISTE G13 J\u00e4\u00e4hdytinnestetiiviste nykyaikaisille, korkeatehoisille, alumiinista valmistetuille moottoreille. ASTM D-3306 -standardin t\u00e4ytt\u00e4v\u00e4 ymp\u00e4rist\u00f6yst\u00e4v\u00e4llinen neste, joka suojaa moottorin kevytmetalliosia. Tarjoaa luotettavan suojan j\u00e4\u00e4tymist\u00e4, korroosiota sek\u00e4 ylikuumenemista vastaan, ei vahingoita kumieik\u00e4 muoviosia. Tuote sis\u00e4lt\u00e4\u00e4 silikaatteja ja on nitriitit\u00f6n, amiiniton ja fosfaatiton. V\u00e4ri on purppura. T\u00e4ytt\u00e4\u00e4 VW TL 052 774 J -hyv\u00e4ksynn\u00e4n ja sen my\u00f6t\u00e4 viimeisimm\u00e4t [&hellip;]<\/p>\n","protected":false},"author":2,"featured_media":0,"parent":3515,"menu_order":0,"comment_status":"closed","ping_status":"closed","template":"100-width.php","meta":{"footnotes":""},"_links":{"self":[{"href":"https:\/\/exim.ee\/fi\/wp-json\/wp\/v2\/pages\/3607"}],"collection":[{"href":"https:\/\/exim.ee\/fi\/wp-json\/wp\/v2\/pages"}],"about":[{"href":"https:\/\/exim.ee\/fi\/wp-json\/wp\/v2\/types\/page"}],"author":[{"embeddable":true,"href":"https:\/\/exim.ee\/fi\/wp-json\/wp\/v2\/users\/2"}],"replies":[{"embeddable":true,"href":"https:\/\/exim.ee\/fi\/wp-json\/wp\/v2\/comments?post=3607"}],"version-history":[{"count":5,"href":"https:\/\/exim.ee\/fi\/wp-json\/wp\/v2\/pages\/3607\/revisions"}],"predecessor-version":[{"id":5500,"href":"https:\/\/exim.ee\/fi\/wp-json\/wp\/v2\/pages\/3607\/revisions\/5500"}],"up":[{"embeddable":true,"href":"https:\/\/exim.ee\/fi\/wp-json\/wp\/v2\/pages\/3515"}],"wp:attachment":[{"href":"https:\/\/exim.ee\/fi\/wp-json\/wp\/v2\/media?parent=3607"}],"curies":[{"name":"wp","href":"https:\/\/api.w.org\/{rel}","templated":true}]}}