{"id":3624,"date":"2024-07-08T13:55:20","date_gmt":"2024-07-08T13:55:20","guid":{"rendered":"https:\/\/exim.ee\/huoltokemikaalit\/jaahdytinnesteet\/coolant-long-life-red\/"},"modified":"2025-03-12T09:59:11","modified_gmt":"2025-03-12T09:59:11","slug":"jahdytinneste-tiiviste-long-life-punainen","status":"publish","type":"page","link":"https:\/\/exim.ee\/fi\/huoltokemikaalit\/jaahdytinnesteet\/jahdytinneste-tiiviste-long-life-punainen\/","title":{"rendered":"J\u00c4HDYTINNESTE TIIVISTE, LONG LIFE, PUNAINEN"},"content":{"rendered":"\t\t<div data-elementor-type=\"wp-page\" data-elementor-id=\"3624\" class=\"elementor elementor-3624\" data-elementor-post-type=\"page\">\n\t\t\t\t<div class=\"elementor-element elementor-element-818f9e3 e-flex e-con-boxed e-con e-parent\" data-id=\"818f9e3\" data-element_type=\"container\">\n\t\t\t\t\t<div class=\"e-con-inner\">\n\t\t<div class=\"elementor-element elementor-element-bd14e60 e-con-full e-flex e-con e-child\" data-id=\"bd14e60\" data-element_type=\"container\" data-settings=\"{&quot;background_background&quot;:&quot;classic&quot;}\">\n\t\t\t\t<div class=\"elementor-element elementor-element-d388a9d elementor-widget elementor-widget-heading\" data-id=\"d388a9d\" data-element_type=\"widget\" data-widget_type=\"heading.default\">\n\t\t\t\t<div class=\"elementor-widget-container\">\n\t\t\t<style>\/*! elementor - v3.22.0 - 26-06-2024 *\/\n.elementor-heading-title{padding:0;margin:0;line-height:1}.elementor-widget-heading .elementor-heading-title[class*=elementor-size-]>a{color:inherit;font-size:inherit;line-height:inherit}.elementor-widget-heading .elementor-heading-title.elementor-size-small{font-size:15px}.elementor-widget-heading .elementor-heading-title.elementor-size-medium{font-size:19px}.elementor-widget-heading .elementor-heading-title.elementor-size-large{font-size:29px}.elementor-widget-heading .elementor-heading-title.elementor-size-xl{font-size:39px}.elementor-widget-heading .elementor-heading-title.elementor-size-xxl{font-size:59px}<\/style><h1 class=\"elementor-heading-title elementor-size-default\">HUOLTOKEMIKAALIT<\/h1>\t\t<\/div>\n\t\t\t\t<\/div>\n\t\t\t\t<div class=\"elementor-element elementor-element-1bfb880 elementor-widget elementor-widget-html\" data-id=\"1bfb880\" data-element_type=\"widget\" data-widget_type=\"html.default\">\n\t\t\t\t<div class=\"elementor-widget-container\">\n\t\t\t<style>\n    #main .fusion-row,.e-con>.e-con-inner{\n        max-width: 100vw !important;\n    }\n\n    #main,.e-con{\n        padding-left:0 !important;\n        padding-right:0 !important;\n    }\n    .kast{\n        max-width: 77vw !important;\n        margin-left: auto;\n        margin-right: auto;\n    }\n     @media only screen and (max-width: 768px) {\n              .valik  .elementor-image-box-wrapper {\n                    display: flex;\n                    text-align: left;\n                }\n                   .valik figure {\n                       padding-top:10px;\n                       \n                       \n                   }\n                   .valik .elementor-image-box-title{\n                       padding-left:20px;\n                   }\n                   .valik .elementor-image-box-wrapper{\n                       padding-left:10px;\n                   }\n            }\n<\/style>\t\t<\/div>\n\t\t\t\t<\/div>\n\t\t\t\t<\/div>\n\t\t\t\t\t<\/div>\n\t\t\t\t<\/div>\n\t\t<div class=\"elementor-element elementor-element-ad290a0 kast e-flex e-con-boxed e-con e-parent\" data-id=\"ad290a0\" data-element_type=\"container\">\n\t\t\t\t\t<div class=\"e-con-inner\">\n\t\t<div class=\"elementor-element elementor-element-8989fcb e-con-full e-flex e-con e-child\" data-id=\"8989fcb\" data-element_type=\"container\">\n\t\t\t\t<div class=\"elementor-element elementor-element-4a74c0d elementor-widget elementor-widget-text-editor\" data-id=\"4a74c0d\" data-element_type=\"widget\" data-widget_type=\"text-editor.default\">\n\t\t\t\t<div class=\"elementor-widget-container\">\n\t\t\t<style>\/*! elementor - v3.22.0 - 26-06-2024 *\/\n.elementor-widget-text-editor.elementor-drop-cap-view-stacked .elementor-drop-cap{background-color:#69727d;color:#fff}.elementor-widget-text-editor.elementor-drop-cap-view-framed .elementor-drop-cap{color:#69727d;border:3px solid;background-color:transparent}.elementor-widget-text-editor:not(.elementor-drop-cap-view-default) .elementor-drop-cap{margin-top:8px}.elementor-widget-text-editor:not(.elementor-drop-cap-view-default) .elementor-drop-cap-letter{width:1em;height:1em}.elementor-widget-text-editor .elementor-drop-cap{float:left;text-align:center;line-height:1;font-size:50px}.elementor-widget-text-editor .elementor-drop-cap-letter{display:inline-block}<\/style>\t\t\t\t<p><strong>\u00a0J\u00c4\u00c4HDYTINNESTE TIIVISTE, LONG LIFE, PUNAINEN <\/strong><\/p><p>J\u00e4\u00e4hdytinneste bensiini- ja dieselmoottoreihin. Sopii sek\u00e4 kevyen, ett\u00e4 raskaan kaluston ajoneuvojen ja ty\u00f6koneiden j\u00e4\u00e4hdytinj\u00e4rjestelmiin. <strong>\u00a0J\u00e4\u00e4hdytinneste Long Life punainen <\/strong>soveltuu erinomaisesti nykyaikaisiin moottoreihin ja j\u00e4\u00e4hdytinj\u00e4rjestelmiin, joissa k\u00e4ytet\u00e4\u00e4n perinteisten materiaalien ohella alumiinia, kuparia, messinki\u00e4, sek\u00e4 muovi ja kevytmetalliseoksia. Tuote suojaa j\u00e4\u00e4hdytinj\u00e4rjestelm\u00e4n j\u00e4\u00e4tymiselt\u00e4 ja est\u00e4\u00e4 ruostumisen sek\u00e4 sy\u00f6pymisen. <strong>\u00a0J\u00e4\u00e4hdytinneste Long Life punainen <\/strong>ei vahingoita kumiletkuja eik\u00e4 tiivisteit\u00e4. Ei suositella sekoitettavan muiden j\u00e4\u00e4hdytinnesteiden kanssa. Noudatettava ensisijaisesti autovalmistajien ohjeita. Nitriitti-, amiini-, fosfaatti- ja silikaattivapaa. V\u00e4ri punainen.<br \/>Ei suositella sekoitettavan muiden j\u00e4\u00e4hdytinnesteiden kanssa. Suosittelemme j\u00e4\u00e4hdytinnesteen vaihtov\u00e4liksi 5 vuotta, huomioitava moottorin valmistajien suositukset. Suorituskyky: ASTM D3306, ASTM D4656, ASTM D4985, BS 6580, CUNA NC 956-16,\u00a0 FVV Heft R443, SAE J 1034, NATO S-759, FORD WSS-M97B44-D, GM 6277M, MAN 324 type SNF, MB 325.3, VW TL 744 D, VW TL 744 F, VOLVO VCS<\/p>\t\t\t\t\t\t<\/div>\n\t\t\t\t<\/div>\n\t\t\t\t<\/div>\n\t\t<div class=\"elementor-element elementor-element-0fa7e79 e-con-full e-flex e-con e-child\" data-id=\"0fa7e79\" data-element_type=\"container\">\n\t\t\t\t<div class=\"elementor-element elementor-element-05aa8c8 elementor-widget elementor-widget-image\" data-id=\"05aa8c8\" data-element_type=\"widget\" data-widget_type=\"image.default\">\n\t\t\t\t<div class=\"elementor-widget-container\">\n\t\t\t<style>\/*! elementor - v3.22.0 - 26-06-2024 *\/\n.elementor-widget-image{text-align:center}.elementor-widget-image a{display:inline-block}.elementor-widget-image a img[src$=\".svg\"]{width:48px}.elementor-widget-image img{vertical-align:middle;display:inline-block}<\/style>\t\t\t\t\t\t\t\t\t\t<img fetchpriority=\"high\" decoding=\"async\" width=\"828\" height=\"946\" src=\"https:\/\/exim.ee\/wp-content\/uploads\/2024\/07\/Image-7-valge-kanisre-10L-2.jpg\" class=\"attachment-full size-full wp-image-2270\" alt=\"\" srcset=\"https:\/\/exim.ee\/wp-content\/uploads\/2024\/07\/Image-7-valge-kanisre-10L-2-200x229.jpg 200w, https:\/\/exim.ee\/wp-content\/uploads\/2024\/07\/Image-7-valge-kanisre-10L-2-263x300.jpg 263w, https:\/\/exim.ee\/wp-content\/uploads\/2024\/07\/Image-7-valge-kanisre-10L-2-400x457.jpg 400w, https:\/\/exim.ee\/wp-content\/uploads\/2024\/07\/Image-7-valge-kanisre-10L-2-600x686.jpg 600w, https:\/\/exim.ee\/wp-content\/uploads\/2024\/07\/Image-7-valge-kanisre-10L-2-768x877.jpg 768w, https:\/\/exim.ee\/wp-content\/uploads\/2024\/07\/Image-7-valge-kanisre-10L-2-800x914.jpg 800w, https:\/\/exim.ee\/wp-content\/uploads\/2024\/07\/Image-7-valge-kanisre-10L-2.jpg 828w\" sizes=\"(max-width: 828px) 100vw, 828px\" \/>\t\t\t\t\t\t\t\t\t\t\t\t\t<\/div>\n\t\t\t\t<\/div>\n\t\t\t\t<\/div>\n\t\t\t\t\t<\/div>\n\t\t\t\t<\/div>\n\t\t<div class=\"elementor-element elementor-element-8b56a65 kast e-flex e-con-boxed e-con e-parent\" data-id=\"8b56a65\" data-element_type=\"container\">\n\t\t\t\t\t<div class=\"e-con-inner\">\n\t\t\t\t<div class=\"elementor-element elementor-element-34189e3 elementor-widget elementor-widget-text-editor\" data-id=\"34189e3\" data-element_type=\"widget\" data-widget_type=\"text-editor.default\">\n\t\t\t\t<div class=\"elementor-widget-container\">\n\t\t\t\t\t\t\t<table style=\"height: 168px; width: 101.178%; border-collapse: collapse;\" border=\"1px\"><tbody><tr style=\"height: 72px;\"><td style=\"width: 25%; height: 72px; text-align: center;\">Tuote nr<\/td><td style=\"width: 25%; height: 72px; text-align: center;\">Tuote<\/td><td style=\"width: 25%; height: 72px; text-align: center;\">Pakkaus<\/td><td style=\"width: 12.5%; height: 72px; text-align: center;\">Kpl laatikko<\/td><td style=\"width: 12.5%; height: 72px; text-align: center;\">Kpl lavalla<\/td><\/tr><tr style=\"height: 24px; background-color: #fff;\"><td style=\"width: 25%; height: 24px; text-align: center;\">GC3003<\/td><td style=\"width: 25%; height: 24px; text-align: center;\">J\u00e4\u00e4hdytinneste tiiviste Long Life<\/td><td style=\"width: 25%; height: 24px; text-align: center;\">3 L<\/td><td style=\"width: 12.5%; height: 24px; text-align: center;\">3<\/td><td style=\"width: 12.5%; height: 24px; text-align: center;\">144<\/td><\/tr><tr style=\"height: 24px;\"><td style=\"width: 25%; height: 24px; text-align: center;\">GC3010<\/td><td style=\"width: 25%; height: 24px; text-align: center;\">J\u00e4\u00e4hdytinneste tiiviste Long Life<\/td><td style=\"width: 25%; height: 24px; text-align: center;\">10 L<\/td><td style=\"width: 12.5%; height: 24px; text-align: center;\">\u00a0<\/td><td style=\"width: 12.5%; height: 24px; text-align: center;\">60<\/td><\/tr><tr style=\"height: 24px; background-color: #fff;\"><td style=\"width: 25%; height: 24px; text-align: center;\">GC3200<\/td><td style=\"width: 25%; height: 24px; text-align: center;\">J\u00e4\u00e4hdytinneste tiiviste Long Life<\/td><td style=\"width: 25%; height: 24px; text-align: center;\">200 L<\/td><td style=\"width: 12.5%; height: 24px; text-align: center;\">\u00a0<\/td><td style=\"width: 12.5%; height: 24px; text-align: center;\">2<\/td><\/tr><tr><td style=\"width: 25%; text-align: center;\">GC3000<\/td><td style=\"width: 25%; text-align: center;\">J\u00e4\u00e4hdytinneste tiiviste Long Life<\/td><td style=\"width: 25%; text-align: center;\">1000 L<\/td><td style=\"width: 12.5%; text-align: center;\">\u00a0<\/td><td style=\"width: 12.5%; text-align: center;\">1<\/td><\/tr><\/tbody><\/table>\t\t\t\t\t\t<\/div>\n\t\t\t\t<\/div>\n\t\t\t\t\t<\/div>\n\t\t\t\t<\/div>\n\t\t\t\t<\/div>\n\t\t","protected":false},"excerpt":{"rendered":"<p>HUOLTOKEMIKAALIT \u00a0J\u00c4\u00c4HDYTINNESTE TIIVISTE, LONG LIFE, PUNAINEN J\u00e4\u00e4hdytinneste bensiini- ja dieselmoottoreihin. Sopii sek\u00e4 kevyen, ett\u00e4 raskaan kaluston ajoneuvojen ja ty\u00f6koneiden j\u00e4\u00e4hdytinj\u00e4rjestelmiin. \u00a0J\u00e4\u00e4hdytinneste Long Life punainen soveltuu erinomaisesti nykyaikaisiin moottoreihin ja j\u00e4\u00e4hdytinj\u00e4rjestelmiin, joissa k\u00e4ytet\u00e4\u00e4n perinteisten materiaalien ohella alumiinia, kuparia, messinki\u00e4, sek\u00e4 muovi ja kevytmetalliseoksia. Tuote suojaa j\u00e4\u00e4hdytinj\u00e4rjestelm\u00e4n j\u00e4\u00e4tymiselt\u00e4 ja est\u00e4\u00e4 ruostumisen sek\u00e4 sy\u00f6pymisen. \u00a0J\u00e4\u00e4hdytinneste Long Life punainen [&hellip;]<\/p>\n","protected":false},"author":2,"featured_media":0,"parent":3515,"menu_order":0,"comment_status":"closed","ping_status":"closed","template":"100-width.php","meta":{"footnotes":""},"_links":{"self":[{"href":"https:\/\/exim.ee\/fi\/wp-json\/wp\/v2\/pages\/3624"}],"collection":[{"href":"https:\/\/exim.ee\/fi\/wp-json\/wp\/v2\/pages"}],"about":[{"href":"https:\/\/exim.ee\/fi\/wp-json\/wp\/v2\/types\/page"}],"author":[{"embeddable":true,"href":"https:\/\/exim.ee\/fi\/wp-json\/wp\/v2\/users\/2"}],"replies":[{"embeddable":true,"href":"https:\/\/exim.ee\/fi\/wp-json\/wp\/v2\/comments?post=3624"}],"version-history":[{"count":5,"href":"https:\/\/exim.ee\/fi\/wp-json\/wp\/v2\/pages\/3624\/revisions"}],"predecessor-version":[{"id":5652,"href":"https:\/\/exim.ee\/fi\/wp-json\/wp\/v2\/pages\/3624\/revisions\/5652"}],"up":[{"embeddable":true,"href":"https:\/\/exim.ee\/fi\/wp-json\/wp\/v2\/pages\/3515"}],"wp:attachment":[{"href":"https:\/\/exim.ee\/fi\/wp-json\/wp\/v2\/media?parent=3624"}],"curies":[{"name":"wp","href":"https:\/\/api.w.org\/{rel}","templated":true}]}}