{"id":3748,"date":"2024-07-08T14:16:50","date_gmt":"2024-07-08T14:16:50","guid":{"rendered":"https:\/\/exim.ee\/huoltokemikaalit\/tuulilasinpesuneste\/screen-washes-40c\/"},"modified":"2025-05-05T17:06:00","modified_gmt":"2025-05-05T17:06:00","slug":"tuulilasinpesuneste-40c","status":"publish","type":"page","link":"https:\/\/exim.ee\/fi\/huoltokemikaalit\/tuulilasinpesuneste\/tuulilasinpesuneste-40c\/","title":{"rendered":"TUULILASINPESUNESTE -40\u00b0C"},"content":{"rendered":"\t\t<div data-elementor-type=\"wp-page\" data-elementor-id=\"3748\" class=\"elementor elementor-3748\" data-elementor-post-type=\"page\">\n\t\t\t\t<div class=\"elementor-element elementor-element-002d64b e-flex e-con-boxed e-con e-parent\" data-id=\"002d64b\" data-element_type=\"container\">\n\t\t\t\t\t<div class=\"e-con-inner\">\n\t\t<div class=\"elementor-element elementor-element-d786710 e-con-full e-flex e-con e-child\" data-id=\"d786710\" data-element_type=\"container\" data-settings=\"{&quot;background_background&quot;:&quot;classic&quot;}\">\n\t\t\t\t<div class=\"elementor-element elementor-element-748a274 elementor-widget elementor-widget-heading\" data-id=\"748a274\" data-element_type=\"widget\" data-widget_type=\"heading.default\">\n\t\t\t\t<div class=\"elementor-widget-container\">\n\t\t\t<style>\/*! elementor - v3.22.0 - 26-06-2024 *\/\n.elementor-heading-title{padding:0;margin:0;line-height:1}.elementor-widget-heading .elementor-heading-title[class*=elementor-size-]>a{color:inherit;font-size:inherit;line-height:inherit}.elementor-widget-heading .elementor-heading-title.elementor-size-small{font-size:15px}.elementor-widget-heading .elementor-heading-title.elementor-size-medium{font-size:19px}.elementor-widget-heading .elementor-heading-title.elementor-size-large{font-size:29px}.elementor-widget-heading .elementor-heading-title.elementor-size-xl{font-size:39px}.elementor-widget-heading .elementor-heading-title.elementor-size-xxl{font-size:59px}<\/style><h1 class=\"elementor-heading-title elementor-size-default\">HUOLTOKEMIKAALIT<\/h1>\t\t<\/div>\n\t\t\t\t<\/div>\n\t\t\t\t<div class=\"elementor-element elementor-element-b93330d elementor-widget elementor-widget-html\" data-id=\"b93330d\" data-element_type=\"widget\" data-widget_type=\"html.default\">\n\t\t\t\t<div class=\"elementor-widget-container\">\n\t\t\t<style>\n    #main .fusion-row,.e-con>.e-con-inner{\n        max-width: 100vw !important;\n    }\n\n    #main,.e-con{\n        padding-left:0 !important;\n        padding-right:0 !important;\n    }\n    .kast{\n        max-width: 77vw !important;\n        margin-left: auto;\n        margin-right: auto;\n    }\n     @media only screen and (max-width: 768px) {\n              .valik  .elementor-image-box-wrapper {\n                    display: flex;\n                    text-align: left;\n                }\n                   .valik figure {\n                       padding-top:10px;\n                       \n                       \n                   }\n                   .valik .elementor-image-box-title{\n                       padding-left:20px;\n                   }\n                   .valik .elementor-image-box-wrapper{\n                       padding-left:10px;\n                   }\n            }\n<\/style>\t\t<\/div>\n\t\t\t\t<\/div>\n\t\t\t\t<\/div>\n\t\t\t\t\t<\/div>\n\t\t\t\t<\/div>\n\t\t<div class=\"elementor-element elementor-element-44d9497 kast e-flex e-con-boxed e-con e-parent\" data-id=\"44d9497\" data-element_type=\"container\">\n\t\t\t\t\t<div class=\"e-con-inner\">\n\t\t<div class=\"elementor-element elementor-element-499b750 e-con-full e-flex e-con e-child\" data-id=\"499b750\" data-element_type=\"container\">\n\t\t\t\t<div class=\"elementor-element elementor-element-3a072c6 elementor-widget elementor-widget-text-editor\" data-id=\"3a072c6\" data-element_type=\"widget\" data-widget_type=\"text-editor.default\">\n\t\t\t\t<div class=\"elementor-widget-container\">\n\t\t\t<style>\/*! elementor - v3.22.0 - 26-06-2024 *\/\n.elementor-widget-text-editor.elementor-drop-cap-view-stacked .elementor-drop-cap{background-color:#69727d;color:#fff}.elementor-widget-text-editor.elementor-drop-cap-view-framed .elementor-drop-cap{color:#69727d;border:3px solid;background-color:transparent}.elementor-widget-text-editor:not(.elementor-drop-cap-view-default) .elementor-drop-cap{margin-top:8px}.elementor-widget-text-editor:not(.elementor-drop-cap-view-default) .elementor-drop-cap-letter{width:1em;height:1em}.elementor-widget-text-editor .elementor-drop-cap{float:left;text-align:center;line-height:1;font-size:50px}.elementor-widget-text-editor .elementor-drop-cap-letter{display:inline-block}<\/style>\t\t\t\t<p><strong>TUULILASINPESUNESTE -40\u00b0C<\/strong><\/p><p>Bioetanolipohjainen <strong>talvilasien tuulilasinpesuneste -40\u00b0C <\/strong>pesuneste, joka sis\u00e4lt\u00e4\u00e4 tehokkaita pesuaineita ja v\u00e4riaineita. Tuoksuja voidaan lis\u00e4t\u00e4 asiakkaan pyynn\u00f6st\u00e4. Yhteensopiva polymeerimateriaalien, kuten polykarbonaattien, akryylien, elastomeerien ja koristepinnoitteiden kanssa.Voidaan valmistaa eri j\u00e4\u00e4tymisl\u00e4mp\u00f6tiloilla asiakkaan vaatimusten tai s\u00e4\u00e4olosuhteiden mukaan..<br \/><strong>Talvilasien tuulilasinpesuneste -40\u00b0C <\/strong>saatavana 4L, 10L muovitaarassa, 200L muovitynnyreiss\u00e4 ja 1000L IBC-s\u00e4ili\u00f6iss\u00e4.<\/p>\t\t\t\t\t\t<\/div>\n\t\t\t\t<\/div>\n\t\t\t\t<\/div>\n\t\t<div class=\"elementor-element elementor-element-0bef3af e-con-full e-flex e-con e-child\" data-id=\"0bef3af\" data-element_type=\"container\">\n\t\t\t\t<div class=\"elementor-element elementor-element-c226bfe elementor-widget elementor-widget-image\" data-id=\"c226bfe\" data-element_type=\"widget\" data-widget_type=\"image.default\">\n\t\t\t\t<div class=\"elementor-widget-container\">\n\t\t\t<style>\/*! elementor - v3.22.0 - 26-06-2024 *\/\n.elementor-widget-image{text-align:center}.elementor-widget-image a{display:inline-block}.elementor-widget-image a img[src$=\".svg\"]{width:48px}.elementor-widget-image img{vertical-align:middle;display:inline-block}<\/style>\t\t\t\t\t\t\t\t\t\t<img fetchpriority=\"high\" decoding=\"async\" width=\"828\" height=\"946\" src=\"https:\/\/exim.ee\/wp-content\/uploads\/2024\/07\/Image-12-Winter-screen-wash.jpg\" class=\"attachment-full size-full wp-image-2337\" alt=\"\" srcset=\"https:\/\/exim.ee\/wp-content\/uploads\/2024\/07\/Image-12-Winter-screen-wash-200x229.jpg 200w, https:\/\/exim.ee\/wp-content\/uploads\/2024\/07\/Image-12-Winter-screen-wash-263x300.jpg 263w, https:\/\/exim.ee\/wp-content\/uploads\/2024\/07\/Image-12-Winter-screen-wash-400x457.jpg 400w, https:\/\/exim.ee\/wp-content\/uploads\/2024\/07\/Image-12-Winter-screen-wash-600x686.jpg 600w, https:\/\/exim.ee\/wp-content\/uploads\/2024\/07\/Image-12-Winter-screen-wash-768x877.jpg 768w, https:\/\/exim.ee\/wp-content\/uploads\/2024\/07\/Image-12-Winter-screen-wash-800x914.jpg 800w, https:\/\/exim.ee\/wp-content\/uploads\/2024\/07\/Image-12-Winter-screen-wash.jpg 828w\" sizes=\"(max-width: 828px) 100vw, 828px\" \/>\t\t\t\t\t\t\t\t\t\t\t\t\t<\/div>\n\t\t\t\t<\/div>\n\t\t\t\t<\/div>\n\t\t\t\t\t<\/div>\n\t\t\t\t<\/div>\n\t\t<div class=\"elementor-element elementor-element-ab80fe6 kast e-flex e-con-boxed e-con e-parent\" data-id=\"ab80fe6\" data-element_type=\"container\">\n\t\t\t\t\t<div class=\"e-con-inner\">\n\t\t\t\t<div class=\"elementor-element elementor-element-308d638 elementor-widget elementor-widget-text-editor\" data-id=\"308d638\" data-element_type=\"widget\" data-widget_type=\"text-editor.default\">\n\t\t\t\t<div class=\"elementor-widget-container\">\n\t\t\t\t\t\t\t<table style=\"height: 192px; width: 101.178%; border-collapse: collapse;\" border=\"1px\"><tbody><tr style=\"height: 72px;\"><td style=\"width: 25%; height: 72px; text-align: center;\">Tuote numero<\/td><td style=\"width: 25%; height: 72px; text-align: center;\">Tuote<\/td><td style=\"width: 25%; height: 72px; text-align: center;\">Pakkaus<\/td><td style=\"width: 12.5%; height: 72px; text-align: center;\">Kpl laatikossa<\/td><td style=\"width: 12.5%; height: 72px; text-align: center;\">Lavalla<\/td><\/tr><tr style=\"height: 24px; background-color: #fff;\"><td style=\"width: 25%; height: 24px; text-align: center;\">SWE404<\/td><td style=\"width: 25%; height: 24px; text-align: center;\">Tuulilasipesunsete &#8211; 40\u00b0C<\/td><td style=\"width: 25%; height: 24px; text-align: center;\">4 L<\/td><td style=\"width: 12.5%; height: 24px; text-align: center;\">3<\/td><td style=\"width: 12.5%; height: 24px; text-align: center;\">144<\/td><\/tr><tr style=\"height: 24px;\"><td style=\"width: 25%; height: 24px; text-align: center;\">SWE4010<\/td><td style=\"width: 25%; height: 24px; text-align: center;\">Tuulilasipesunsete &#8211; 40\u00b0C<\/td><td style=\"width: 25%; height: 24px; text-align: center;\">10 L<\/td><td style=\"width: 12.5%; height: 24px; text-align: center;\">\u00a0<\/td><td style=\"width: 12.5%; height: 24px; text-align: center;\">60<\/td><\/tr><tr style=\"background-color: #fff;\"><td style=\"width: 25%; height: 48px; text-align: center;\">SWE40200<\/td><td style=\"width: 25%; height: 48px; text-align: center;\">Tuulilasipesunsete &#8211; 40\u00b0C<\/td><td style=\"width: 25%; height: 48px; text-align: center;\">200 L<\/td><td style=\"width: 12.5%; height: 48px; text-align: center;\">\u00a0<\/td><td style=\"width: 12.5%; height: 48px; text-align: center;\">2<\/td><\/tr><tr style=\"height: 24px;\"><td style=\"width: 25%; height: 24px; text-align: center;\">SWE4000<\/td><td style=\"width: 25%; height: 24px; text-align: center;\">Tuulilasipesunsete &#8211; 40\u00b0C<\/td><td style=\"width: 25%; height: 24px; text-align: center;\">1000 L<\/td><td style=\"width: 12.5%; height: 24px; text-align: center;\">\u00a0<\/td><td style=\"width: 12.5%; height: 24px; text-align: center;\">1<\/td><\/tr><\/tbody><\/table>\t\t\t\t\t\t<\/div>\n\t\t\t\t<\/div>\n\t\t\t\t\t<\/div>\n\t\t\t\t<\/div>\n\t\t\t\t<\/div>\n\t\t","protected":false},"excerpt":{"rendered":"<p>HUOLTOKEMIKAALIT TUULILASINPESUNESTE -40\u00b0C Bioetanolipohjainen talvilasien tuulilasinpesuneste -40\u00b0C pesuneste, joka sis\u00e4lt\u00e4\u00e4 tehokkaita pesuaineita ja v\u00e4riaineita. Tuoksuja voidaan lis\u00e4t\u00e4 asiakkaan pyynn\u00f6st\u00e4. Yhteensopiva polymeerimateriaalien, kuten polykarbonaattien, akryylien, elastomeerien ja koristepinnoitteiden kanssa.Voidaan valmistaa eri j\u00e4\u00e4tymisl\u00e4mp\u00f6tiloilla asiakkaan vaatimusten tai s\u00e4\u00e4olosuhteiden mukaan..Talvilasien tuulilasinpesuneste -40\u00b0C saatavana 4L, 10L muovitaarassa, 200L muovitynnyreiss\u00e4 ja 1000L IBC-s\u00e4ili\u00f6iss\u00e4. Tuote numero Tuote Pakkaus Kpl laatikossa Lavalla SWE404 [&hellip;]<\/p>\n","protected":false},"author":2,"featured_media":0,"parent":3695,"menu_order":0,"comment_status":"closed","ping_status":"closed","template":"100-width.php","meta":{"footnotes":""},"_links":{"self":[{"href":"https:\/\/exim.ee\/fi\/wp-json\/wp\/v2\/pages\/3748"}],"collection":[{"href":"https:\/\/exim.ee\/fi\/wp-json\/wp\/v2\/pages"}],"about":[{"href":"https:\/\/exim.ee\/fi\/wp-json\/wp\/v2\/types\/page"}],"author":[{"embeddable":true,"href":"https:\/\/exim.ee\/fi\/wp-json\/wp\/v2\/users\/2"}],"replies":[{"embeddable":true,"href":"https:\/\/exim.ee\/fi\/wp-json\/wp\/v2\/comments?post=3748"}],"version-history":[{"count":5,"href":"https:\/\/exim.ee\/fi\/wp-json\/wp\/v2\/pages\/3748\/revisions"}],"predecessor-version":[{"id":6093,"href":"https:\/\/exim.ee\/fi\/wp-json\/wp\/v2\/pages\/3748\/revisions\/6093"}],"up":[{"embeddable":true,"href":"https:\/\/exim.ee\/fi\/wp-json\/wp\/v2\/pages\/3695"}],"wp:attachment":[{"href":"https:\/\/exim.ee\/fi\/wp-json\/wp\/v2\/media?parent=3748"}],"curies":[{"name":"wp","href":"https:\/\/api.w.org\/{rel}","templated":true}]}}