{"id":3765,"date":"2024-07-08T14:31:41","date_gmt":"2024-07-08T14:31:41","guid":{"rendered":"https:\/\/exim.ee\/huoltokemikaalit\/tuulilasinpesuneste\/summer-screen-washes\/"},"modified":"2025-05-04T18:21:15","modified_gmt":"2025-05-04T18:21:15","slug":"lasinpesuneste-kesa","status":"publish","type":"page","link":"https:\/\/exim.ee\/fi\/huoltokemikaalit\/tuulilasinpesuneste\/lasinpesuneste-kesa\/","title":{"rendered":"LASINPESUNESTE KES\u00c4"},"content":{"rendered":"\t\t<div data-elementor-type=\"wp-page\" data-elementor-id=\"3765\" class=\"elementor elementor-3765\" data-elementor-post-type=\"page\">\n\t\t\t\t<div class=\"elementor-element elementor-element-6b5baee e-flex e-con-boxed e-con e-parent\" data-id=\"6b5baee\" data-element_type=\"container\">\n\t\t\t\t\t<div class=\"e-con-inner\">\n\t\t<div class=\"elementor-element elementor-element-4a82b77 e-con-full e-flex e-con e-child\" data-id=\"4a82b77\" data-element_type=\"container\" data-settings=\"{&quot;background_background&quot;:&quot;classic&quot;}\">\n\t\t\t\t<div class=\"elementor-element elementor-element-09efaa5 elementor-widget elementor-widget-heading\" data-id=\"09efaa5\" data-element_type=\"widget\" data-widget_type=\"heading.default\">\n\t\t\t\t<div class=\"elementor-widget-container\">\n\t\t\t<style>\/*! elementor - v3.22.0 - 26-06-2024 *\/\n.elementor-heading-title{padding:0;margin:0;line-height:1}.elementor-widget-heading .elementor-heading-title[class*=elementor-size-]>a{color:inherit;font-size:inherit;line-height:inherit}.elementor-widget-heading .elementor-heading-title.elementor-size-small{font-size:15px}.elementor-widget-heading .elementor-heading-title.elementor-size-medium{font-size:19px}.elementor-widget-heading .elementor-heading-title.elementor-size-large{font-size:29px}.elementor-widget-heading .elementor-heading-title.elementor-size-xl{font-size:39px}.elementor-widget-heading .elementor-heading-title.elementor-size-xxl{font-size:59px}<\/style><h1 class=\"elementor-heading-title elementor-size-default\">HUOLTOKEMIKAALIT<\/h1>\t\t<\/div>\n\t\t\t\t<\/div>\n\t\t\t\t<div class=\"elementor-element elementor-element-1ed08cf elementor-widget elementor-widget-html\" data-id=\"1ed08cf\" data-element_type=\"widget\" data-widget_type=\"html.default\">\n\t\t\t\t<div class=\"elementor-widget-container\">\n\t\t\t<style>\n    #main .fusion-row,.e-con>.e-con-inner{\n        max-width: 100vw !important;\n    }\n\n    #main,.e-con{\n        padding-left:0 !important;\n        padding-right:0 !important;\n    }\n    .kast{\n        max-width: 77vw !important;\n        margin-left: auto;\n        margin-right: auto;\n    }\n     @media only screen and (max-width: 768px) {\n              .valik  .elementor-image-box-wrapper {\n                    display: flex;\n                    text-align: left;\n                }\n                   .valik figure {\n                       padding-top:10px;\n                       \n                       \n                   }\n                   .valik .elementor-image-box-title{\n                       padding-left:20px;\n                   }\n                   .valik .elementor-image-box-wrapper{\n                       padding-left:10px;\n                   }\n            }\n<\/style>\t\t<\/div>\n\t\t\t\t<\/div>\n\t\t\t\t<\/div>\n\t\t\t\t\t<\/div>\n\t\t\t\t<\/div>\n\t\t<div class=\"elementor-element elementor-element-c208f4c kast e-flex e-con-boxed e-con e-parent\" data-id=\"c208f4c\" data-element_type=\"container\">\n\t\t\t\t\t<div class=\"e-con-inner\">\n\t\t<div class=\"elementor-element elementor-element-3b93b2a e-con-full e-flex e-con e-child\" data-id=\"3b93b2a\" data-element_type=\"container\">\n\t\t\t\t<div class=\"elementor-element elementor-element-feffd80 elementor-widget elementor-widget-text-editor\" data-id=\"feffd80\" data-element_type=\"widget\" data-widget_type=\"text-editor.default\">\n\t\t\t\t<div class=\"elementor-widget-container\">\n\t\t\t<style>\/*! elementor - v3.22.0 - 26-06-2024 *\/\n.elementor-widget-text-editor.elementor-drop-cap-view-stacked .elementor-drop-cap{background-color:#69727d;color:#fff}.elementor-widget-text-editor.elementor-drop-cap-view-framed .elementor-drop-cap{color:#69727d;border:3px solid;background-color:transparent}.elementor-widget-text-editor:not(.elementor-drop-cap-view-default) .elementor-drop-cap{margin-top:8px}.elementor-widget-text-editor:not(.elementor-drop-cap-view-default) .elementor-drop-cap-letter{width:1em;height:1em}.elementor-widget-text-editor .elementor-drop-cap{float:left;text-align:center;line-height:1;font-size:50px}.elementor-widget-text-editor .elementor-drop-cap-letter{display:inline-block}<\/style>\t\t\t\t<p><strong>LASINPESUNESTE KES\u00c4<\/strong><\/p><p>K\u00e4ytt\u00f6valmis tuulilasin ja ajovalojen pesuneste kes\u00e4k\u00e4ytt\u00f6\u00f6n. Puhdistaa tuulilasin tehokkaasti hy\u00f6nteisist\u00e4, puiden mahlasta, lintukalkista, tieliasta ja liikennekalvoista. Erityinen kes\u00e4koostumus liuottaa ja poistaa hy\u00f6nteisj\u00e4tteet ja lintujen j\u00e4t\u00f6kset. J\u00e4t\u00e4 tuulilasi puhtaaksi ja puhtaaksi. Ei vahingoita kromi-, kumi- ja muoviosia. K\u00e4ytet\u00e4\u00e4n yli 0\u00b0C l\u00e4mp\u00f6tilassa.<\/p><p><strong>Adios Mosquitos!<\/strong><\/p>\t\t\t\t\t\t<\/div>\n\t\t\t\t<\/div>\n\t\t\t\t<\/div>\n\t\t<div class=\"elementor-element elementor-element-c8fe0e1 e-con-full e-flex e-con e-child\" data-id=\"c8fe0e1\" data-element_type=\"container\">\n\t\t\t\t<div class=\"elementor-element elementor-element-ea3b61b elementor-widget elementor-widget-image\" data-id=\"ea3b61b\" data-element_type=\"widget\" data-widget_type=\"image.default\">\n\t\t\t\t<div class=\"elementor-widget-container\">\n\t\t\t<style>\/*! elementor - v3.22.0 - 26-06-2024 *\/\n.elementor-widget-image{text-align:center}.elementor-widget-image a{display:inline-block}.elementor-widget-image a img[src$=\".svg\"]{width:48px}.elementor-widget-image img{vertical-align:middle;display:inline-block}<\/style>\t\t\t\t\t\t\t\t\t\t<img fetchpriority=\"high\" decoding=\"async\" width=\"828\" height=\"946\" src=\"https:\/\/exim.ee\/wp-content\/uploads\/2024\/07\/Image-14-summer-screen-wash.jpg\" class=\"attachment-full size-full wp-image-2365\" alt=\"\" srcset=\"https:\/\/exim.ee\/wp-content\/uploads\/2024\/07\/Image-14-summer-screen-wash-200x229.jpg 200w, https:\/\/exim.ee\/wp-content\/uploads\/2024\/07\/Image-14-summer-screen-wash-263x300.jpg 263w, https:\/\/exim.ee\/wp-content\/uploads\/2024\/07\/Image-14-summer-screen-wash-400x457.jpg 400w, https:\/\/exim.ee\/wp-content\/uploads\/2024\/07\/Image-14-summer-screen-wash-600x686.jpg 600w, https:\/\/exim.ee\/wp-content\/uploads\/2024\/07\/Image-14-summer-screen-wash-768x877.jpg 768w, https:\/\/exim.ee\/wp-content\/uploads\/2024\/07\/Image-14-summer-screen-wash-800x914.jpg 800w, https:\/\/exim.ee\/wp-content\/uploads\/2024\/07\/Image-14-summer-screen-wash.jpg 828w\" sizes=\"(max-width: 828px) 100vw, 828px\" \/>\t\t\t\t\t\t\t\t\t\t\t\t\t<\/div>\n\t\t\t\t<\/div>\n\t\t\t\t<\/div>\n\t\t\t\t\t<\/div>\n\t\t\t\t<\/div>\n\t\t<div class=\"elementor-element elementor-element-57e7bd8 kast e-flex e-con-boxed e-con e-parent\" data-id=\"57e7bd8\" data-element_type=\"container\">\n\t\t\t\t\t<div class=\"e-con-inner\">\n\t\t\t\t<div class=\"elementor-element elementor-element-695e2a8 elementor-widget elementor-widget-text-editor\" data-id=\"695e2a8\" data-element_type=\"widget\" data-widget_type=\"text-editor.default\">\n\t\t\t\t<div class=\"elementor-widget-container\">\n\t\t\t\t\t\t\t<table style=\"height: 168px; width: 101.178%; border-collapse: collapse;\" border=\"1px\"><tbody><tr style=\"height: 72px;\"><td style=\"width: 25%; height: 72px; text-align: center;\">Tuote numero<\/td><td style=\"width: 25%; height: 72px; text-align: center;\">Tuote<\/td><td style=\"width: 25%; height: 72px; text-align: center;\">Pakkaus<\/td><td style=\"width: 12.5%; height: 72px; text-align: center;\">Kpl laatikossa<\/td><td style=\"width: 12.5%; height: 72px; text-align: center;\">Lavalla<\/td><\/tr><tr style=\"height: 24px; background-color: #fff;\"><td style=\"width: 25%; height: 24px; text-align: center;\">SWS004<\/td><td style=\"width: 25%; height: 24px; text-align: center;\">Lasinpesuneste kes\u00e4<\/td><td style=\"width: 25%; height: 24px; text-align: center;\">4 L<\/td><td style=\"width: 12.5%; height: 24px; text-align: center;\">3<\/td><td style=\"width: 12.5%; height: 24px; text-align: center;\">144<\/td><\/tr><tr style=\"height: 24px;\"><td style=\"width: 25%; height: 24px; text-align: center;\">SWS003MP<\/td><td style=\"width: 25%; height: 24px; text-align: center;\">Lasinpesuneste kes\u00e4, muovipakki<\/td><td style=\"width: 25%; height: 24px; text-align: center;\">3 L<\/td><td style=\"width: 12.5%; height: 24px; text-align: center;\">\u00a0<\/td><td style=\"width: 12.5%; height: 24px; text-align: center;\">\u00a0<\/td><\/tr><\/tbody><\/table>\t\t\t\t\t\t<\/div>\n\t\t\t\t<\/div>\n\t\t\t\t\t<\/div>\n\t\t\t\t<\/div>\n\t\t\t\t<\/div>\n\t\t","protected":false},"excerpt":{"rendered":"<p>HUOLTOKEMIKAALIT LASINPESUNESTE KES\u00c4 K\u00e4ytt\u00f6valmis tuulilasin ja ajovalojen pesuneste kes\u00e4k\u00e4ytt\u00f6\u00f6n. Puhdistaa tuulilasin tehokkaasti hy\u00f6nteisist\u00e4, puiden mahlasta, lintukalkista, tieliasta ja liikennekalvoista. Erityinen kes\u00e4koostumus liuottaa ja poistaa hy\u00f6nteisj\u00e4tteet ja lintujen j\u00e4t\u00f6kset. J\u00e4t\u00e4 tuulilasi puhtaaksi ja puhtaaksi. Ei vahingoita kromi-, kumi- ja muoviosia. K\u00e4ytet\u00e4\u00e4n yli 0\u00b0C l\u00e4mp\u00f6tilassa. Adios Mosquitos! Tuote numero Tuote Pakkaus Kpl laatikossa Lavalla SWS004 Lasinpesuneste kes\u00e4 [&hellip;]<\/p>\n","protected":false},"author":2,"featured_media":0,"parent":3695,"menu_order":0,"comment_status":"closed","ping_status":"closed","template":"100-width.php","meta":{"footnotes":""},"_links":{"self":[{"href":"https:\/\/exim.ee\/fi\/wp-json\/wp\/v2\/pages\/3765"}],"collection":[{"href":"https:\/\/exim.ee\/fi\/wp-json\/wp\/v2\/pages"}],"about":[{"href":"https:\/\/exim.ee\/fi\/wp-json\/wp\/v2\/types\/page"}],"author":[{"embeddable":true,"href":"https:\/\/exim.ee\/fi\/wp-json\/wp\/v2\/users\/2"}],"replies":[{"embeddable":true,"href":"https:\/\/exim.ee\/fi\/wp-json\/wp\/v2\/comments?post=3765"}],"version-history":[{"count":5,"href":"https:\/\/exim.ee\/fi\/wp-json\/wp\/v2\/pages\/3765\/revisions"}],"predecessor-version":[{"id":6036,"href":"https:\/\/exim.ee\/fi\/wp-json\/wp\/v2\/pages\/3765\/revisions\/6036"}],"up":[{"embeddable":true,"href":"https:\/\/exim.ee\/fi\/wp-json\/wp\/v2\/pages\/3695"}],"wp:attachment":[{"href":"https:\/\/exim.ee\/fi\/wp-json\/wp\/v2\/media?parent=3765"}],"curies":[{"name":"wp","href":"https:\/\/api.w.org\/{rel}","templated":true}]}}