{"id":3820,"date":"2024-07-08T15:05:30","date_gmt":"2024-07-08T15:05:30","guid":{"rendered":"https:\/\/exim.ee\/pesuaineet\/car-shampoo-with-wax\/"},"modified":"2025-05-05T16:04:14","modified_gmt":"2025-05-05T16:04:14","slug":"autoshampoon-vahalla","status":"publish","type":"page","link":"https:\/\/exim.ee\/fi\/pesuaineet\/autoshampoon-vahalla\/","title":{"rendered":"AUTOSHAMPOON VAHALLA"},"content":{"rendered":"\t\t<div data-elementor-type=\"wp-page\" data-elementor-id=\"3820\" class=\"elementor elementor-3820\" data-elementor-post-type=\"page\">\n\t\t\t\t<div class=\"elementor-element elementor-element-8574f22 e-flex e-con-boxed e-con e-parent\" data-id=\"8574f22\" data-element_type=\"container\">\n\t\t\t\t\t<div class=\"e-con-inner\">\n\t\t<div class=\"elementor-element elementor-element-f6e9508 e-con-full e-flex e-con e-child\" data-id=\"f6e9508\" data-element_type=\"container\" data-settings=\"{&quot;background_background&quot;:&quot;classic&quot;}\">\n\t\t\t\t<div class=\"elementor-element elementor-element-195a1ed elementor-widget elementor-widget-heading\" data-id=\"195a1ed\" data-element_type=\"widget\" data-widget_type=\"heading.default\">\n\t\t\t\t<div class=\"elementor-widget-container\">\n\t\t\t<style>\/*! elementor - v3.22.0 - 26-06-2024 *\/\n.elementor-heading-title{padding:0;margin:0;line-height:1}.elementor-widget-heading .elementor-heading-title[class*=elementor-size-]>a{color:inherit;font-size:inherit;line-height:inherit}.elementor-widget-heading .elementor-heading-title.elementor-size-small{font-size:15px}.elementor-widget-heading .elementor-heading-title.elementor-size-medium{font-size:19px}.elementor-widget-heading .elementor-heading-title.elementor-size-large{font-size:29px}.elementor-widget-heading .elementor-heading-title.elementor-size-xl{font-size:39px}.elementor-widget-heading .elementor-heading-title.elementor-size-xxl{font-size:59px}<\/style><h1 class=\"elementor-heading-title elementor-size-default\">PESUAINEET<\/h1>\t\t<\/div>\n\t\t\t\t<\/div>\n\t\t\t\t<div class=\"elementor-element elementor-element-238b307 elementor-widget elementor-widget-html\" data-id=\"238b307\" data-element_type=\"widget\" data-widget_type=\"html.default\">\n\t\t\t\t<div class=\"elementor-widget-container\">\n\t\t\t<style>\n    #main .fusion-row,.e-con>.e-con-inner{\n        max-width: 100vw !important;\n    }\n\n    #main,.e-con{\n        padding-left:0 !important;\n        padding-right:0 !important;\n    }\n    .kast{\n        max-width: 77vw !important;\n        margin-left: auto;\n        margin-right: auto;\n    }\n     @media only screen and (max-width: 768px) {\n              .valik  .elementor-image-box-wrapper {\n                    display: flex;\n                    text-align: left;\n                }\n                   .valik figure {\n                       padding-top:10px;\n                       \n                       \n                   }\n                   .valik .elementor-image-box-title{\n                       padding-left:20px;\n                   }\n                   .valik .elementor-image-box-wrapper{\n                       padding-left:10px;\n                   }\n            }\n<\/style>\t\t<\/div>\n\t\t\t\t<\/div>\n\t\t\t\t<\/div>\n\t\t\t\t\t<\/div>\n\t\t\t\t<\/div>\n\t\t<div class=\"elementor-element elementor-element-e535669 kast e-flex e-con-boxed e-con e-parent\" data-id=\"e535669\" data-element_type=\"container\">\n\t\t\t\t\t<div class=\"e-con-inner\">\n\t\t<div class=\"elementor-element elementor-element-c0ee4d2 e-con-full e-flex e-con e-child\" data-id=\"c0ee4d2\" data-element_type=\"container\">\n\t\t\t\t<div class=\"elementor-element elementor-element-779ac6a elementor-widget elementor-widget-text-editor\" data-id=\"779ac6a\" data-element_type=\"widget\" data-widget_type=\"text-editor.default\">\n\t\t\t\t<div class=\"elementor-widget-container\">\n\t\t\t<style>\/*! elementor - v3.22.0 - 26-06-2024 *\/\n.elementor-widget-text-editor.elementor-drop-cap-view-stacked .elementor-drop-cap{background-color:#69727d;color:#fff}.elementor-widget-text-editor.elementor-drop-cap-view-framed .elementor-drop-cap{color:#69727d;border:3px solid;background-color:transparent}.elementor-widget-text-editor:not(.elementor-drop-cap-view-default) .elementor-drop-cap{margin-top:8px}.elementor-widget-text-editor:not(.elementor-drop-cap-view-default) .elementor-drop-cap-letter{width:1em;height:1em}.elementor-widget-text-editor .elementor-drop-cap{float:left;text-align:center;line-height:1;font-size:50px}.elementor-widget-text-editor .elementor-drop-cap-letter{display:inline-block}<\/style>\t\t\t\t<p><strong> AUTOSHAMPOO VAHALLA<\/strong><\/p><p>Autoshampoo vahalla puhdistaa pinnat rasvasta, j\u00e4tt\u00e4\u00e4 suojakalvon puhdistetuille pinnoille. Laimenna 1-2 korkkillista shampoota 10 litraan vett\u00e4, voit k\u00e4ytt\u00e4\u00e4 my\u00f6s kylm\u00e4\u00e4 vett\u00e4. Levit\u00e4 liuos puhdistettavalle pinnalle pehme\u00e4ll\u00e4 liinalla tai sienell\u00e4, huuhtele sitten puhtaalla vedell\u00e4 ja kuivaa. Ei ole suositeltavaa levitt\u00e4\u00e4 ainetta kuumalle pinnalle, v\u00e4lt\u00e4 suoraa auringonpaistetta k\u00e4ytett\u00e4ess\u00e4<\/p>\t\t\t\t\t\t<\/div>\n\t\t\t\t<\/div>\n\t\t\t\t<\/div>\n\t\t<div class=\"elementor-element elementor-element-ecdea4b e-con-full e-flex e-con e-child\" data-id=\"ecdea4b\" data-element_type=\"container\">\n\t\t\t\t<div class=\"elementor-element elementor-element-e17d52f elementor-widget elementor-widget-image\" data-id=\"e17d52f\" data-element_type=\"widget\" data-widget_type=\"image.default\">\n\t\t\t\t<div class=\"elementor-widget-container\">\n\t\t\t<style>\/*! elementor - v3.22.0 - 26-06-2024 *\/\n.elementor-widget-image{text-align:center}.elementor-widget-image a{display:inline-block}.elementor-widget-image a img[src$=\".svg\"]{width:48px}.elementor-widget-image img{vertical-align:middle;display:inline-block}<\/style>\t\t\t\t\t\t\t\t\t\t<img fetchpriority=\"high\" decoding=\"async\" width=\"828\" height=\"946\" src=\"https:\/\/exim.ee\/wp-content\/uploads\/2024\/07\/Image-15-car-shampoon.jpg\" class=\"attachment-full size-full wp-image-2474\" alt=\"\" srcset=\"https:\/\/exim.ee\/wp-content\/uploads\/2024\/07\/Image-15-car-shampoon-200x229.jpg 200w, https:\/\/exim.ee\/wp-content\/uploads\/2024\/07\/Image-15-car-shampoon-263x300.jpg 263w, https:\/\/exim.ee\/wp-content\/uploads\/2024\/07\/Image-15-car-shampoon-400x457.jpg 400w, https:\/\/exim.ee\/wp-content\/uploads\/2024\/07\/Image-15-car-shampoon-600x686.jpg 600w, https:\/\/exim.ee\/wp-content\/uploads\/2024\/07\/Image-15-car-shampoon-768x877.jpg 768w, https:\/\/exim.ee\/wp-content\/uploads\/2024\/07\/Image-15-car-shampoon-800x914.jpg 800w, https:\/\/exim.ee\/wp-content\/uploads\/2024\/07\/Image-15-car-shampoon.jpg 828w\" sizes=\"(max-width: 828px) 100vw, 828px\" \/>\t\t\t\t\t\t\t\t\t\t\t\t\t<\/div>\n\t\t\t\t<\/div>\n\t\t\t\t<\/div>\n\t\t\t\t\t<\/div>\n\t\t\t\t<\/div>\n\t\t<div class=\"elementor-element elementor-element-54efdec kast e-flex e-con-boxed e-con e-parent\" data-id=\"54efdec\" data-element_type=\"container\">\n\t\t\t\t\t<div class=\"e-con-inner\">\n\t\t\t\t<div class=\"elementor-element elementor-element-1be0593 elementor-widget elementor-widget-text-editor\" data-id=\"1be0593\" data-element_type=\"widget\" data-widget_type=\"text-editor.default\">\n\t\t\t\t<div class=\"elementor-widget-container\">\n\t\t\t\t\t\t\t<table style=\"height: 168px; width: 101.178%; border-collapse: collapse;\" border=\"1px\"><tbody><tr style=\"height: 72px;\"><td style=\"width: 25%; height: 72px; text-align: center;\">Tuote numero<\/td><td style=\"width: 25%; height: 72px; text-align: center;\">Tuote<\/td><td style=\"width: 25%; height: 72px; text-align: center;\">Pakkaus<\/td><td style=\"width: 12.5%; height: 72px; text-align: center;\">Kpl laatikossa<\/td><td style=\"width: 12.5%; height: 72px; text-align: center;\">Kpl lavalla<\/td><\/tr><tr style=\"height: 24px; background-color: #fff;\"><td style=\"width: 25%; height: 24px; text-align: center;\">WKS001<\/td><td style=\"width: 25%; height: 24px; text-align: center;\">Autoshampoo<\/td><td style=\"width: 25%; height: 24px; text-align: center;\">1 L<\/td><td style=\"width: 12.5%; height: 24px; text-align: center;\">12<\/td><td style=\"width: 12.5%; height: 24px; text-align: center;\">480<\/td><\/tr><tr style=\"height: 24px;\"><td style=\"width: 25%; height: 24px; text-align: center;\">WKS005<\/td><td style=\"width: 25%; height: 24px; text-align: center;\">Autoshampoo<\/td><td style=\"width: 25%; height: 24px; text-align: center;\">5 L<\/td><td style=\"width: 12.5%; height: 24px; text-align: center;\">3<\/td><td style=\"width: 12.5%; height: 24px; text-align: center;\">108<\/td><\/tr><tr style=\"background-color: #fff;\"><td style=\"width: 25%; text-align: center;\">WKS200<\/td><td style=\"width: 25%; text-align: center;\">Autoshampoo<\/td><td style=\"width: 25%; text-align: center;\">200 L<\/td><td style=\"width: 12.5%; text-align: center;\">2<\/td><td style=\"width: 12.5%; text-align: center;\">2<\/td><\/tr><tr><td style=\"width: 25%; text-align: center;\">WKS000<\/td><td style=\"width: 25%; text-align: center;\">Autoshampoo<\/td><td style=\"width: 25%; text-align: center;\">1000 L<\/td><td style=\"width: 12.5%; text-align: center;\">1<\/td><td style=\"width: 12.5%; text-align: center;\">1<\/td><\/tr><\/tbody><\/table>\t\t\t\t\t\t<\/div>\n\t\t\t\t<\/div>\n\t\t\t\t\t<\/div>\n\t\t\t\t<\/div>\n\t\t\t\t<\/div>\n\t\t","protected":false},"excerpt":{"rendered":"<p>PESUAINEET AUTOSHAMPOO VAHALLA Autoshampoo vahalla puhdistaa pinnat rasvasta, j\u00e4tt\u00e4\u00e4 suojakalvon puhdistetuille pinnoille. Laimenna 1-2 korkkillista shampoota 10 litraan vett\u00e4, voit k\u00e4ytt\u00e4\u00e4 my\u00f6s kylm\u00e4\u00e4 vett\u00e4. Levit\u00e4 liuos puhdistettavalle pinnalle pehme\u00e4ll\u00e4 liinalla tai sienell\u00e4, huuhtele sitten puhtaalla vedell\u00e4 ja kuivaa. Ei ole suositeltavaa levitt\u00e4\u00e4 ainetta kuumalle pinnalle, v\u00e4lt\u00e4 suoraa auringonpaistetta k\u00e4ytett\u00e4ess\u00e4 Tuote numero Tuote Pakkaus Kpl laatikossa [&hellip;]<\/p>\n","protected":false},"author":2,"featured_media":0,"parent":3786,"menu_order":0,"comment_status":"closed","ping_status":"closed","template":"","meta":{"footnotes":""},"_links":{"self":[{"href":"https:\/\/exim.ee\/fi\/wp-json\/wp\/v2\/pages\/3820"}],"collection":[{"href":"https:\/\/exim.ee\/fi\/wp-json\/wp\/v2\/pages"}],"about":[{"href":"https:\/\/exim.ee\/fi\/wp-json\/wp\/v2\/types\/page"}],"author":[{"embeddable":true,"href":"https:\/\/exim.ee\/fi\/wp-json\/wp\/v2\/users\/2"}],"replies":[{"embeddable":true,"href":"https:\/\/exim.ee\/fi\/wp-json\/wp\/v2\/comments?post=3820"}],"version-history":[{"count":5,"href":"https:\/\/exim.ee\/fi\/wp-json\/wp\/v2\/pages\/3820\/revisions"}],"predecessor-version":[{"id":6075,"href":"https:\/\/exim.ee\/fi\/wp-json\/wp\/v2\/pages\/3820\/revisions\/6075"}],"up":[{"embeddable":true,"href":"https:\/\/exim.ee\/fi\/wp-json\/wp\/v2\/pages\/3786"}],"wp:attachment":[{"href":"https:\/\/exim.ee\/fi\/wp-json\/wp\/v2\/media?parent=3820"}],"curies":[{"name":"wp","href":"https:\/\/api.w.org\/{rel}","templated":true}]}}