{"id":3889,"date":"2024-07-08T15:13:24","date_gmt":"2024-07-08T15:13:24","guid":{"rendered":"https:\/\/exim.ee\/pesuaineet\/textile-cleaner\/"},"modified":"2025-05-05T16:02:55","modified_gmt":"2025-05-05T16:02:55","slug":"tekstiilipesu","status":"publish","type":"page","link":"https:\/\/exim.ee\/fi\/pesuaineet\/tekstiilipesu\/","title":{"rendered":"TEKSTIILIPESU"},"content":{"rendered":"\t\t<div data-elementor-type=\"wp-page\" data-elementor-id=\"3889\" class=\"elementor elementor-3889\" data-elementor-post-type=\"page\">\n\t\t\t\t<div class=\"elementor-element elementor-element-e0841a4 e-flex e-con-boxed e-con e-parent\" data-id=\"e0841a4\" data-element_type=\"container\">\n\t\t\t\t\t<div class=\"e-con-inner\">\n\t\t<div class=\"elementor-element elementor-element-2e0b3df e-con-full e-flex e-con e-child\" data-id=\"2e0b3df\" data-element_type=\"container\" data-settings=\"{&quot;background_background&quot;:&quot;classic&quot;}\">\n\t\t\t\t<div class=\"elementor-element elementor-element-a5cb0ad elementor-widget elementor-widget-heading\" data-id=\"a5cb0ad\" data-element_type=\"widget\" data-widget_type=\"heading.default\">\n\t\t\t\t<div class=\"elementor-widget-container\">\n\t\t\t<style>\/*! elementor - v3.22.0 - 26-06-2024 *\/\n.elementor-heading-title{padding:0;margin:0;line-height:1}.elementor-widget-heading .elementor-heading-title[class*=elementor-size-]>a{color:inherit;font-size:inherit;line-height:inherit}.elementor-widget-heading .elementor-heading-title.elementor-size-small{font-size:15px}.elementor-widget-heading .elementor-heading-title.elementor-size-medium{font-size:19px}.elementor-widget-heading .elementor-heading-title.elementor-size-large{font-size:29px}.elementor-widget-heading .elementor-heading-title.elementor-size-xl{font-size:39px}.elementor-widget-heading .elementor-heading-title.elementor-size-xxl{font-size:59px}<\/style><h1 class=\"elementor-heading-title elementor-size-default\">PESUAINEET<\/h1>\t\t<\/div>\n\t\t\t\t<\/div>\n\t\t\t\t<div class=\"elementor-element elementor-element-c6729e2 elementor-widget elementor-widget-html\" data-id=\"c6729e2\" data-element_type=\"widget\" data-widget_type=\"html.default\">\n\t\t\t\t<div class=\"elementor-widget-container\">\n\t\t\t<style>\n    #main .fusion-row,.e-con>.e-con-inner{\n        max-width: 100vw !important;\n    }\n\n    #main,.e-con{\n        padding-left:0 !important;\n        padding-right:0 !important;\n    }\n    .kast{\n        max-width: 77vw !important;\n        margin-left: auto;\n        margin-right: auto;\n    }\n     @media only screen and (max-width: 768px) {\n              .valik  .elementor-image-box-wrapper {\n                    display: flex;\n                    text-align: left;\n                }\n                   .valik figure {\n                       padding-top:10px;\n                       \n                       \n                   }\n                   .valik .elementor-image-box-title{\n                       padding-left:20px;\n                   }\n                   .valik .elementor-image-box-wrapper{\n                       padding-left:10px;\n                   }\n            }\n<\/style>\t\t<\/div>\n\t\t\t\t<\/div>\n\t\t\t\t<\/div>\n\t\t\t\t\t<\/div>\n\t\t\t\t<\/div>\n\t\t<div class=\"elementor-element elementor-element-29ccbf5 kast e-flex e-con-boxed e-con e-parent\" data-id=\"29ccbf5\" data-element_type=\"container\">\n\t\t\t\t\t<div class=\"e-con-inner\">\n\t\t<div class=\"elementor-element elementor-element-da7b47a e-con-full e-flex e-con e-child\" data-id=\"da7b47a\" data-element_type=\"container\">\n\t\t\t\t<div class=\"elementor-element elementor-element-fdcf261 elementor-widget elementor-widget-text-editor\" data-id=\"fdcf261\" data-element_type=\"widget\" data-widget_type=\"text-editor.default\">\n\t\t\t\t<div class=\"elementor-widget-container\">\n\t\t\t<style>\/*! elementor - v3.22.0 - 26-06-2024 *\/\n.elementor-widget-text-editor.elementor-drop-cap-view-stacked .elementor-drop-cap{background-color:#69727d;color:#fff}.elementor-widget-text-editor.elementor-drop-cap-view-framed .elementor-drop-cap{color:#69727d;border:3px solid;background-color:transparent}.elementor-widget-text-editor:not(.elementor-drop-cap-view-default) .elementor-drop-cap{margin-top:8px}.elementor-widget-text-editor:not(.elementor-drop-cap-view-default) .elementor-drop-cap-letter{width:1em;height:1em}.elementor-widget-text-editor .elementor-drop-cap{float:left;text-align:center;line-height:1;font-size:50px}.elementor-widget-text-editor .elementor-drop-cap-letter{display:inline-block}<\/style>\t\t\t\t<p><strong>TEKSTIILIPESU <\/strong><\/p><p>Soveltuu kaikentyyppisten mattojen, tekstiilipintojen, pehmeiden huonekalujen ja autonistuinten konepesuun<br \/>Tarkista ennen k\u00e4ytt\u00f6\u00e4 materiaalin v\u00e4rinkest\u00e4vyys ja yhteensopivuus tuotteen kanssa. \u00c4l\u00e4 sisusta huonetta ennen kuin matto on t\u00e4ysin kuiva. Peit\u00e4 huonekalujen jalat muovi- tai alumiinifoliolla (est\u00e4\u00e4 ruosteen tai maalipintojen vaurioitumisen). Matonpesu painepesurilla sopii vain sein\u00e4st\u00e4 sein\u00e4\u00e4n ulottuville matoille, jotka on liimattu lattiaan vedenkest\u00e4v\u00e4ll\u00e4 liimalla. Ennen pesua pinnat on puhdistettava p\u00f6lynimurilla. Pitoisuus Mattojen konepesu likaisuudesta riippuen 10-100 ml \/1L (1-10 % liuos) haaleassa vedess\u00e4. Pehmeiden huonekalujen ja turvaistuinten konepesu 10-50 ml \/1L (1-5 % liuos) haaleassa vedess\u00e4. Annostele puhdistusaine suoraan matonpesukoneen vesis\u00e4ili\u00f6\u00f6n. Suihkuta pesuliuosta puhdistettavalle pinnalle, k\u00e4sittele pinta samalla puhdistuskoneella (k\u00e4sittele kerrallaan enint\u00e4\u00e4n 40-50 m alue), anna aineen vaikuttaa n. 10 minuuttia. \u00c4l\u00e4 anna pinnan kuivua. Huuhtele, ime\u00e4 samalla k\u00e4sitelty pinta kuivaksi.<\/p>\t\t\t\t\t\t<\/div>\n\t\t\t\t<\/div>\n\t\t\t\t<\/div>\n\t\t<div class=\"elementor-element elementor-element-969b916 e-con-full e-flex e-con e-child\" data-id=\"969b916\" data-element_type=\"container\">\n\t\t\t\t<div class=\"elementor-element elementor-element-373b48b elementor-widget elementor-widget-image\" data-id=\"373b48b\" data-element_type=\"widget\" data-widget_type=\"image.default\">\n\t\t\t\t<div class=\"elementor-widget-container\">\n\t\t\t<style>\/*! elementor - v3.22.0 - 26-06-2024 *\/\n.elementor-widget-image{text-align:center}.elementor-widget-image a{display:inline-block}.elementor-widget-image a img[src$=\".svg\"]{width:48px}.elementor-widget-image img{vertical-align:middle;display:inline-block}<\/style>\t\t\t\t\t\t\t\t\t\t<img fetchpriority=\"high\" decoding=\"async\" width=\"828\" height=\"946\" src=\"https:\/\/exim.ee\/wp-content\/uploads\/2024\/07\/Image-6-valge-kanster-5L-1-1.jpg\" class=\"attachment-full size-full wp-image-2279\" alt=\"\" srcset=\"https:\/\/exim.ee\/wp-content\/uploads\/2024\/07\/Image-6-valge-kanster-5L-1-1-200x229.jpg 200w, https:\/\/exim.ee\/wp-content\/uploads\/2024\/07\/Image-6-valge-kanster-5L-1-1-263x300.jpg 263w, https:\/\/exim.ee\/wp-content\/uploads\/2024\/07\/Image-6-valge-kanster-5L-1-1-400x457.jpg 400w, https:\/\/exim.ee\/wp-content\/uploads\/2024\/07\/Image-6-valge-kanster-5L-1-1-600x686.jpg 600w, https:\/\/exim.ee\/wp-content\/uploads\/2024\/07\/Image-6-valge-kanster-5L-1-1-768x877.jpg 768w, https:\/\/exim.ee\/wp-content\/uploads\/2024\/07\/Image-6-valge-kanster-5L-1-1-800x914.jpg 800w, https:\/\/exim.ee\/wp-content\/uploads\/2024\/07\/Image-6-valge-kanster-5L-1-1.jpg 828w\" sizes=\"(max-width: 828px) 100vw, 828px\" \/>\t\t\t\t\t\t\t\t\t\t\t\t\t<\/div>\n\t\t\t\t<\/div>\n\t\t\t\t<\/div>\n\t\t\t\t\t<\/div>\n\t\t\t\t<\/div>\n\t\t<div class=\"elementor-element elementor-element-afc5ced kast e-flex e-con-boxed e-con e-parent\" data-id=\"afc5ced\" data-element_type=\"container\">\n\t\t\t\t\t<div class=\"e-con-inner\">\n\t\t\t\t<div class=\"elementor-element elementor-element-f3f0c35 elementor-widget elementor-widget-text-editor\" data-id=\"f3f0c35\" data-element_type=\"widget\" data-widget_type=\"text-editor.default\">\n\t\t\t\t<div class=\"elementor-widget-container\">\n\t\t\t\t\t\t\t<table style=\"height: 168px; width: 101.178%; border-collapse: collapse;\" border=\"1px\"><tbody><tr style=\"height: 72px;\"><td style=\"width: 25%; height: 72px; text-align: center;\">Tuote numero<\/td><td style=\"width: 25%; height: 72px; text-align: center;\">Tuote<\/td><td style=\"width: 25%; height: 72px; text-align: center;\">Pakkaus<\/td><td style=\"width: 12.5%; height: 72px; text-align: center;\">Kpl laatikossa<\/td><td style=\"width: 12.5%; height: 72px; text-align: center;\">Kpl lavalla<\/td><\/tr><tr style=\"height: 24px; background-color: #fff;\"><td style=\"width: 25%; height: 24px; text-align: center;\">TC001<\/td><td style=\"width: 25%; height: 24px; text-align: center;\">Tekstiilipesu<\/td><td style=\"width: 25%; height: 24px; text-align: center;\">1 L<\/td><td style=\"width: 12.5%; height: 24px; text-align: center;\">12<\/td><td style=\"width: 12.5%; height: 24px; text-align: center;\">480<\/td><\/tr><tr style=\"height: 24px;\"><td style=\"width: 25%; height: 24px; text-align: center;\">TC005<\/td><td style=\"width: 25%; height: 24px; text-align: center;\">Tekstiilipesu<\/td><td style=\"width: 25%; height: 24px; text-align: center;\">5 L<\/td><td style=\"width: 12.5%; height: 24px; text-align: center;\">3<\/td><td style=\"width: 12.5%; height: 24px; text-align: center;\">108<\/td><\/tr><\/tbody><\/table>\t\t\t\t\t\t<\/div>\n\t\t\t\t<\/div>\n\t\t\t\t\t<\/div>\n\t\t\t\t<\/div>\n\t\t\t\t<\/div>\n\t\t","protected":false},"excerpt":{"rendered":"<p>PESUAINEET TEKSTIILIPESU Soveltuu kaikentyyppisten mattojen, tekstiilipintojen, pehmeiden huonekalujen ja autonistuinten konepesuunTarkista ennen k\u00e4ytt\u00f6\u00e4 materiaalin v\u00e4rinkest\u00e4vyys ja yhteensopivuus tuotteen kanssa. \u00c4l\u00e4 sisusta huonetta ennen kuin matto on t\u00e4ysin kuiva. Peit\u00e4 huonekalujen jalat muovi- tai alumiinifoliolla (est\u00e4\u00e4 ruosteen tai maalipintojen vaurioitumisen). Matonpesu painepesurilla sopii vain sein\u00e4st\u00e4 sein\u00e4\u00e4n ulottuville matoille, jotka on liimattu lattiaan vedenkest\u00e4v\u00e4ll\u00e4 liimalla. Ennen pesua [&hellip;]<\/p>\n","protected":false},"author":2,"featured_media":0,"parent":3786,"menu_order":0,"comment_status":"closed","ping_status":"closed","template":"","meta":{"footnotes":""},"_links":{"self":[{"href":"https:\/\/exim.ee\/fi\/wp-json\/wp\/v2\/pages\/3889"}],"collection":[{"href":"https:\/\/exim.ee\/fi\/wp-json\/wp\/v2\/pages"}],"about":[{"href":"https:\/\/exim.ee\/fi\/wp-json\/wp\/v2\/types\/page"}],"author":[{"embeddable":true,"href":"https:\/\/exim.ee\/fi\/wp-json\/wp\/v2\/users\/2"}],"replies":[{"embeddable":true,"href":"https:\/\/exim.ee\/fi\/wp-json\/wp\/v2\/comments?post=3889"}],"version-history":[{"count":5,"href":"https:\/\/exim.ee\/fi\/wp-json\/wp\/v2\/pages\/3889\/revisions"}],"predecessor-version":[{"id":6072,"href":"https:\/\/exim.ee\/fi\/wp-json\/wp\/v2\/pages\/3889\/revisions\/6072"}],"up":[{"embeddable":true,"href":"https:\/\/exim.ee\/fi\/wp-json\/wp\/v2\/pages\/3786"}],"wp:attachment":[{"href":"https:\/\/exim.ee\/fi\/wp-json\/wp\/v2\/media?parent=3889"}],"curies":[{"name":"wp","href":"https:\/\/api.w.org\/{rel}","templated":true}]}}