{"id":3906,"date":"2024-07-08T15:09:20","date_gmt":"2024-07-08T15:09:20","guid":{"rendered":"https:\/\/exim.ee\/pesuaineet\/truck-wash\/"},"modified":"2025-05-01T08:04:18","modified_gmt":"2025-05-01T08:04:18","slug":"rekka-pesu","status":"publish","type":"page","link":"https:\/\/exim.ee\/fi\/pesuaineet\/rekka-pesu\/","title":{"rendered":"REKKA PESU"},"content":{"rendered":"\t\t<div data-elementor-type=\"wp-page\" data-elementor-id=\"3906\" class=\"elementor elementor-3906\" data-elementor-post-type=\"page\">\n\t\t\t\t<div class=\"elementor-element elementor-element-a295696 e-flex e-con-boxed e-con e-parent\" data-id=\"a295696\" data-element_type=\"container\">\n\t\t\t\t\t<div class=\"e-con-inner\">\n\t\t<div class=\"elementor-element elementor-element-8cf84e3 e-con-full e-flex e-con e-child\" data-id=\"8cf84e3\" data-element_type=\"container\" data-settings=\"{&quot;background_background&quot;:&quot;classic&quot;}\">\n\t\t\t\t<div class=\"elementor-element elementor-element-df6059e elementor-widget elementor-widget-heading\" data-id=\"df6059e\" data-element_type=\"widget\" data-widget_type=\"heading.default\">\n\t\t\t\t<div class=\"elementor-widget-container\">\n\t\t\t<style>\/*! elementor - v3.22.0 - 26-06-2024 *\/\n.elementor-heading-title{padding:0;margin:0;line-height:1}.elementor-widget-heading .elementor-heading-title[class*=elementor-size-]>a{color:inherit;font-size:inherit;line-height:inherit}.elementor-widget-heading .elementor-heading-title.elementor-size-small{font-size:15px}.elementor-widget-heading .elementor-heading-title.elementor-size-medium{font-size:19px}.elementor-widget-heading .elementor-heading-title.elementor-size-large{font-size:29px}.elementor-widget-heading .elementor-heading-title.elementor-size-xl{font-size:39px}.elementor-widget-heading .elementor-heading-title.elementor-size-xxl{font-size:59px}<\/style><h1 class=\"elementor-heading-title elementor-size-default\">PESUAINEET<\/h1>\t\t<\/div>\n\t\t\t\t<\/div>\n\t\t\t\t<div class=\"elementor-element elementor-element-1751824 elementor-widget elementor-widget-html\" data-id=\"1751824\" data-element_type=\"widget\" data-widget_type=\"html.default\">\n\t\t\t\t<div class=\"elementor-widget-container\">\n\t\t\t<style>\n    #main .fusion-row,.e-con>.e-con-inner{\n        max-width: 100vw !important;\n    }\n\n    #main,.e-con{\n        padding-left:0 !important;\n        padding-right:0 !important;\n    }\n    .kast{\n        max-width: 77vw !important;\n        margin-left: auto;\n        margin-right: auto;\n    }\n     @media only screen and (max-width: 768px) {\n              .valik  .elementor-image-box-wrapper {\n                    display: flex;\n                    text-align: left;\n                }\n                   .valik figure {\n                       padding-top:10px;\n                       \n                       \n                   }\n                   .valik .elementor-image-box-title{\n                       padding-left:20px;\n                   }\n                   .valik .elementor-image-box-wrapper{\n                       padding-left:10px;\n                   }\n            }\n<\/style>\t\t<\/div>\n\t\t\t\t<\/div>\n\t\t\t\t<\/div>\n\t\t\t\t\t<\/div>\n\t\t\t\t<\/div>\n\t\t<div class=\"elementor-element elementor-element-0e05caa kast e-flex e-con-boxed e-con e-parent\" data-id=\"0e05caa\" data-element_type=\"container\">\n\t\t\t\t\t<div class=\"e-con-inner\">\n\t\t<div class=\"elementor-element elementor-element-77f803f e-con-full e-flex e-con e-child\" data-id=\"77f803f\" data-element_type=\"container\">\n\t\t\t\t<div class=\"elementor-element elementor-element-9c6aabc elementor-widget elementor-widget-text-editor\" data-id=\"9c6aabc\" data-element_type=\"widget\" data-widget_type=\"text-editor.default\">\n\t\t\t\t<div class=\"elementor-widget-container\">\n\t\t\t<style>\/*! elementor - v3.22.0 - 26-06-2024 *\/\n.elementor-widget-text-editor.elementor-drop-cap-view-stacked .elementor-drop-cap{background-color:#69727d;color:#fff}.elementor-widget-text-editor.elementor-drop-cap-view-framed .elementor-drop-cap{color:#69727d;border:3px solid;background-color:transparent}.elementor-widget-text-editor:not(.elementor-drop-cap-view-default) .elementor-drop-cap{margin-top:8px}.elementor-widget-text-editor:not(.elementor-drop-cap-view-default) .elementor-drop-cap-letter{width:1em;height:1em}.elementor-widget-text-editor .elementor-drop-cap{float:left;text-align:center;line-height:1;font-size:50px}.elementor-widget-text-editor .elementor-drop-cap-letter{display:inline-block}<\/style>\t\t\t\t<p><strong>REKKA PESU<\/strong><\/p><p>Kuorma-autojen ja muiden raskaan kaluston pesuun. Ominaisuudet: Poistaa tehokkaasti \u00f6ljyn, rasvan, noen, voiteluai- neet sek\u00e4 muun vaikeasti poistettavan lian vett\u00e4 kest\u00e4vilt\u00e4 pinnoilta. Ei vahingoita maalipintoja eik\u00e4 sis\u00e4ll\u00e4 naftatuotteita. Biologisesti hajoava. Vesipohjainen pesuainetiiviste; EI SAA J\u00c4\u00c4TY\u00c4! K\u00e4ytt\u00f6ohje: Levit\u00e4 pest\u00e4v\u00e4lle pinnalle esim. painepesurilla tai pai- nekannulla, anna vaikuttaa 2-5 minuuttia ja huuhtele vedell\u00e4. V\u00e4lt\u00e4 aineen kuivumista pest\u00e4v\u00e4lle pinnalle. Kuivuneelle maantiepielle on pesun tehostamiseksi suositeltavaa ruiskuttaa pien poistoon tarkoitettua pesuainetta ennen Rekkapesun (10%) levitt\u00e4mist\u00e4. Esipesu 5-10%, peruspesu 1-2%. Huomio: Rekkapesu saattaa vaurioittaa ruiskutuslaitetta ja sen tiivisteit\u00e4, joten varmista ruiskutuslaitteen soveltuvuus aineen levitt\u00e4miseen ennen k\u00e4ytt\u00f6\u00e4. pH-arvo: 12,6.<\/p>\t\t\t\t\t\t<\/div>\n\t\t\t\t<\/div>\n\t\t\t\t<\/div>\n\t\t<div class=\"elementor-element elementor-element-af62b48 e-con-full e-flex e-con e-child\" data-id=\"af62b48\" data-element_type=\"container\">\n\t\t\t\t<div class=\"elementor-element elementor-element-39ec5c1 elementor-widget elementor-widget-image\" data-id=\"39ec5c1\" data-element_type=\"widget\" data-widget_type=\"image.default\">\n\t\t\t\t<div class=\"elementor-widget-container\">\n\t\t\t<style>\/*! elementor - v3.22.0 - 26-06-2024 *\/\n.elementor-widget-image{text-align:center}.elementor-widget-image a{display:inline-block}.elementor-widget-image a img[src$=\".svg\"]{width:48px}.elementor-widget-image img{vertical-align:middle;display:inline-block}<\/style>\t\t\t\t\t\t\t\t\t\t<img fetchpriority=\"high\" decoding=\"async\" width=\"828\" height=\"946\" src=\"https:\/\/exim.ee\/wp-content\/uploads\/2024\/07\/Image-7-valge-kanisre-10L-5.jpg\" class=\"attachment-full size-full wp-image-3320\" alt=\"\" srcset=\"https:\/\/exim.ee\/wp-content\/uploads\/2024\/07\/Image-7-valge-kanisre-10L-5-200x229.jpg 200w, https:\/\/exim.ee\/wp-content\/uploads\/2024\/07\/Image-7-valge-kanisre-10L-5-263x300.jpg 263w, https:\/\/exim.ee\/wp-content\/uploads\/2024\/07\/Image-7-valge-kanisre-10L-5-400x457.jpg 400w, https:\/\/exim.ee\/wp-content\/uploads\/2024\/07\/Image-7-valge-kanisre-10L-5-600x686.jpg 600w, https:\/\/exim.ee\/wp-content\/uploads\/2024\/07\/Image-7-valge-kanisre-10L-5-768x877.jpg 768w, https:\/\/exim.ee\/wp-content\/uploads\/2024\/07\/Image-7-valge-kanisre-10L-5-800x914.jpg 800w, https:\/\/exim.ee\/wp-content\/uploads\/2024\/07\/Image-7-valge-kanisre-10L-5.jpg 828w\" sizes=\"(max-width: 828px) 100vw, 828px\" \/>\t\t\t\t\t\t\t\t\t\t\t\t\t<\/div>\n\t\t\t\t<\/div>\n\t\t\t\t<\/div>\n\t\t\t\t\t<\/div>\n\t\t\t\t<\/div>\n\t\t<div class=\"elementor-element elementor-element-38b2079 kast e-flex e-con-boxed e-con e-parent\" data-id=\"38b2079\" data-element_type=\"container\">\n\t\t\t\t\t<div class=\"e-con-inner\">\n\t\t\t\t<div class=\"elementor-element elementor-element-32487b8 elementor-widget elementor-widget-text-editor\" data-id=\"32487b8\" data-element_type=\"widget\" data-widget_type=\"text-editor.default\">\n\t\t\t\t<div class=\"elementor-widget-container\">\n\t\t\t\t\t\t\t<table style=\"height: 168px; width: 101.178%; border-collapse: collapse;\" border=\"1px\"><tbody><tr style=\"height: 72px;\"><td style=\"width: 25%; height: 72px; text-align: center;\">Tuote numero<\/td><td style=\"width: 25%; height: 72px; text-align: center;\">Tuote<\/td><td style=\"width: 25%; height: 72px; text-align: center;\">Pakkaus<\/td><td style=\"width: 12.5%; height: 72px; text-align: center;\">Kpl laatikossa Lavalla<\/td><td style=\"width: 12.5%; height: 72px; text-align: center;\">Lavalla<\/td><\/tr><tr style=\"height: 24px; background-color: #fff;\"><td style=\"width: 25%; height: 24px; text-align: center;\">ESR600<\/td><td style=\"width: 25%; height: 24px; text-align: center;\">Rekka pesu<\/td><td style=\"width: 25%; height: 24px; text-align: center;\">10 L<\/td><td style=\"width: 12.5%; height: 24px; text-align: center;\">&#8211;<\/td><td style=\"width: 12.5%; height: 24px; text-align: center;\">63<\/td><\/tr><\/tbody><\/table>\t\t\t\t\t\t<\/div>\n\t\t\t\t<\/div>\n\t\t\t\t\t<\/div>\n\t\t\t\t<\/div>\n\t\t\t\t<\/div>\n\t\t","protected":false},"excerpt":{"rendered":"<p>PESUAINEET REKKA PESU Kuorma-autojen ja muiden raskaan kaluston pesuun. Ominaisuudet: Poistaa tehokkaasti \u00f6ljyn, rasvan, noen, voiteluai- neet sek\u00e4 muun vaikeasti poistettavan lian vett\u00e4 kest\u00e4vilt\u00e4 pinnoilta. Ei vahingoita maalipintoja eik\u00e4 sis\u00e4ll\u00e4 naftatuotteita. Biologisesti hajoava. Vesipohjainen pesuainetiiviste; EI SAA J\u00c4\u00c4TY\u00c4! K\u00e4ytt\u00f6ohje: Levit\u00e4 pest\u00e4v\u00e4lle pinnalle esim. painepesurilla tai pai- nekannulla, anna vaikuttaa 2-5 minuuttia ja huuhtele vedell\u00e4. V\u00e4lt\u00e4 [&hellip;]<\/p>\n","protected":false},"author":2,"featured_media":0,"parent":3786,"menu_order":0,"comment_status":"closed","ping_status":"closed","template":"100-width.php","meta":{"footnotes":""},"_links":{"self":[{"href":"https:\/\/exim.ee\/fi\/wp-json\/wp\/v2\/pages\/3906"}],"collection":[{"href":"https:\/\/exim.ee\/fi\/wp-json\/wp\/v2\/pages"}],"about":[{"href":"https:\/\/exim.ee\/fi\/wp-json\/wp\/v2\/types\/page"}],"author":[{"embeddable":true,"href":"https:\/\/exim.ee\/fi\/wp-json\/wp\/v2\/users\/2"}],"replies":[{"embeddable":true,"href":"https:\/\/exim.ee\/fi\/wp-json\/wp\/v2\/comments?post=3906"}],"version-history":[{"count":5,"href":"https:\/\/exim.ee\/fi\/wp-json\/wp\/v2\/pages\/3906\/revisions"}],"predecessor-version":[{"id":5957,"href":"https:\/\/exim.ee\/fi\/wp-json\/wp\/v2\/pages\/3906\/revisions\/5957"}],"up":[{"embeddable":true,"href":"https:\/\/exim.ee\/fi\/wp-json\/wp\/v2\/pages\/3786"}],"wp:attachment":[{"href":"https:\/\/exim.ee\/fi\/wp-json\/wp\/v2\/media?parent=3906"}],"curies":[{"name":"wp","href":"https:\/\/api.w.org\/{rel}","templated":true}]}}