{"id":4055,"date":"2024-07-08T15:38:34","date_gmt":"2024-07-08T15:38:34","guid":{"rendered":"https:\/\/exim.ee\/voiteluaineet\/chainsaw-oil\/"},"modified":"2025-03-30T11:55:31","modified_gmt":"2025-03-30T11:55:31","slug":"teraketjuoljy","status":"publish","type":"page","link":"https:\/\/exim.ee\/fi\/voiteluaineet\/teraketjuoljy\/","title":{"rendered":"TER\u00c4KETJU\u00d6LJY"},"content":{"rendered":"\t\t<div data-elementor-type=\"wp-page\" data-elementor-id=\"4055\" class=\"elementor elementor-4055\" data-elementor-post-type=\"page\">\n\t\t\t\t<div class=\"elementor-element elementor-element-a2edefc e-flex e-con-boxed e-con e-parent\" data-id=\"a2edefc\" data-element_type=\"container\">\n\t\t\t\t\t<div class=\"e-con-inner\">\n\t\t<div class=\"elementor-element elementor-element-e4f3071 e-con-full e-flex e-con e-child\" data-id=\"e4f3071\" data-element_type=\"container\" data-settings=\"{&quot;background_background&quot;:&quot;classic&quot;}\">\n\t\t\t\t<div class=\"elementor-element elementor-element-d9389d3 elementor-widget elementor-widget-heading\" data-id=\"d9389d3\" data-element_type=\"widget\" data-widget_type=\"heading.default\">\n\t\t\t\t<div class=\"elementor-widget-container\">\n\t\t\t<style>\/*! elementor - v3.22.0 - 26-06-2024 *\/\n.elementor-heading-title{padding:0;margin:0;line-height:1}.elementor-widget-heading .elementor-heading-title[class*=elementor-size-]>a{color:inherit;font-size:inherit;line-height:inherit}.elementor-widget-heading .elementor-heading-title.elementor-size-small{font-size:15px}.elementor-widget-heading .elementor-heading-title.elementor-size-medium{font-size:19px}.elementor-widget-heading .elementor-heading-title.elementor-size-large{font-size:29px}.elementor-widget-heading .elementor-heading-title.elementor-size-xl{font-size:39px}.elementor-widget-heading .elementor-heading-title.elementor-size-xxl{font-size:59px}<\/style><h1 class=\"elementor-heading-title elementor-size-default\">VOITELUAINEET<\/h1>\t\t<\/div>\n\t\t\t\t<\/div>\n\t\t\t\t<div class=\"elementor-element elementor-element-1ddd180 elementor-widget elementor-widget-html\" data-id=\"1ddd180\" data-element_type=\"widget\" data-widget_type=\"html.default\">\n\t\t\t\t<div class=\"elementor-widget-container\">\n\t\t\t<style>\n    #main .fusion-row,.e-con>.e-con-inner{\n        max-width: 100vw !important;\n    }\n\n    #main,.e-con{\n        padding-left:0 !important;\n        padding-right:0 !important;\n    }\n    .kast{\n        max-width: 77vw !important;\n        margin-left: auto;\n        margin-right: auto;\n    }\n     @media only screen and (max-width: 768px) {\n              .valik  .elementor-image-box-wrapper {\n                    display: flex;\n                    text-align: left;\n                }\n                   .valik figure {\n                       padding-top:10px;\n                       \n                       \n                   }\n                   .valik .elementor-image-box-title{\n                       padding-left:20px;\n                   }\n                   .valik .elementor-image-box-wrapper{\n                       padding-left:10px;\n                   }\n            }\n<\/style>\t\t<\/div>\n\t\t\t\t<\/div>\n\t\t\t\t<\/div>\n\t\t\t\t\t<\/div>\n\t\t\t\t<\/div>\n\t\t<div class=\"elementor-element elementor-element-8286a59 kast e-flex e-con-boxed e-con e-parent\" data-id=\"8286a59\" data-element_type=\"container\">\n\t\t\t\t\t<div class=\"e-con-inner\">\n\t\t<div class=\"elementor-element elementor-element-4827a6b e-con-full e-flex e-con e-child\" data-id=\"4827a6b\" data-element_type=\"container\">\n\t\t\t\t<div class=\"elementor-element elementor-element-aaef1cc elementor-widget elementor-widget-text-editor\" data-id=\"aaef1cc\" data-element_type=\"widget\" data-widget_type=\"text-editor.default\">\n\t\t\t\t<div class=\"elementor-widget-container\">\n\t\t\t<style>\/*! elementor - v3.22.0 - 26-06-2024 *\/\n.elementor-widget-text-editor.elementor-drop-cap-view-stacked .elementor-drop-cap{background-color:#69727d;color:#fff}.elementor-widget-text-editor.elementor-drop-cap-view-framed .elementor-drop-cap{color:#69727d;border:3px solid;background-color:transparent}.elementor-widget-text-editor:not(.elementor-drop-cap-view-default) .elementor-drop-cap{margin-top:8px}.elementor-widget-text-editor:not(.elementor-drop-cap-view-default) .elementor-drop-cap-letter{width:1em;height:1em}.elementor-widget-text-editor .elementor-drop-cap{float:left;text-align:center;line-height:1;font-size:50px}.elementor-widget-text-editor .elementor-drop-cap-letter{display:inline-block}<\/style>\t\t\t\t<p><strong>TER\u00c4KETJU\u00d6LJY<\/strong><\/p><p>Uudesta mineraali\u00f6ljyst\u00e4 valmistettu ter\u00e4ketju\u00f6ljy. Lis\u00e4aineilla varmistetaan tehokas voitelu alhaisissakin l\u00e4mp\u00f6tiloissa, erinomainen korroosion esto ja kiinnitarttuvuus. Voidaan k\u00e4ytt\u00e4\u00e4 my\u00f6s teollisuuden kuljetinketjuissa ja katkaisulaitteissa<\/p>\t\t\t\t\t\t<\/div>\n\t\t\t\t<\/div>\n\t\t\t\t<\/div>\n\t\t<div class=\"elementor-element elementor-element-0e7509d e-con-full e-flex e-con e-child\" data-id=\"0e7509d\" data-element_type=\"container\">\n\t\t\t\t<div class=\"elementor-element elementor-element-5b37cbf elementor-widget elementor-widget-image\" data-id=\"5b37cbf\" data-element_type=\"widget\" data-widget_type=\"image.default\">\n\t\t\t\t<div class=\"elementor-widget-container\">\n\t\t\t<style>\/*! elementor - v3.22.0 - 26-06-2024 *\/\n.elementor-widget-image{text-align:center}.elementor-widget-image a{display:inline-block}.elementor-widget-image a img[src$=\".svg\"]{width:48px}.elementor-widget-image img{vertical-align:middle;display:inline-block}<\/style>\t\t\t\t\t\t\t\t\t\t<img fetchpriority=\"high\" decoding=\"async\" width=\"828\" height=\"946\" src=\"https:\/\/exim.ee\/wp-content\/uploads\/2024\/07\/Image-10-oli-kanister-5L.jpg\" class=\"attachment-full size-full wp-image-2544\" alt=\"\" srcset=\"https:\/\/exim.ee\/wp-content\/uploads\/2024\/07\/Image-10-oli-kanister-5L-200x229.jpg 200w, https:\/\/exim.ee\/wp-content\/uploads\/2024\/07\/Image-10-oli-kanister-5L-263x300.jpg 263w, https:\/\/exim.ee\/wp-content\/uploads\/2024\/07\/Image-10-oli-kanister-5L-400x457.jpg 400w, https:\/\/exim.ee\/wp-content\/uploads\/2024\/07\/Image-10-oli-kanister-5L-600x686.jpg 600w, https:\/\/exim.ee\/wp-content\/uploads\/2024\/07\/Image-10-oli-kanister-5L-768x877.jpg 768w, https:\/\/exim.ee\/wp-content\/uploads\/2024\/07\/Image-10-oli-kanister-5L-800x914.jpg 800w, https:\/\/exim.ee\/wp-content\/uploads\/2024\/07\/Image-10-oli-kanister-5L.jpg 828w\" sizes=\"(max-width: 828px) 100vw, 828px\" \/>\t\t\t\t\t\t\t\t\t\t\t\t\t<\/div>\n\t\t\t\t<\/div>\n\t\t\t\t<\/div>\n\t\t\t\t\t<\/div>\n\t\t\t\t<\/div>\n\t\t<div class=\"elementor-element elementor-element-6ce4f30 kast e-flex e-con-boxed e-con e-parent\" data-id=\"6ce4f30\" data-element_type=\"container\">\n\t\t\t\t\t<div class=\"e-con-inner\">\n\t\t\t\t<div class=\"elementor-element elementor-element-a07208f elementor-widget elementor-widget-text-editor\" data-id=\"a07208f\" data-element_type=\"widget\" data-widget_type=\"text-editor.default\">\n\t\t\t\t<div class=\"elementor-widget-container\">\n\t\t\t\t\t\t\t<table style=\"height: 168px; width: 101.178%; border-collapse: collapse;\" border=\"1px\"><tbody><tr style=\"height: 72px;\"><td style=\"width: 25%; height: 72px; text-align: center;\">Tuote nr<\/td><td style=\"width: 25%; height: 72px; text-align: center;\">Tuote<\/td><td style=\"width: 25%; height: 72px; text-align: center;\">Pakkaus<\/td><td style=\"width: 12.5%; height: 72px; text-align: center;\">Kpl laatikko<\/td><td style=\"width: 12.5%; height: 72px; text-align: center;\">Kpl lavalla<\/td><\/tr><tr style=\"height: 24px; background-color: #fff;\"><td style=\"width: 25%; height: 24px; text-align: center;\">WKM005<\/td><td style=\"width: 25%; height: 24px; text-align: center;\">Terakerju\u00f6ljy<\/td><td style=\"width: 25%; height: 24px; text-align: center;\">5 L<\/td><td style=\"width: 12.5%; height: 24px; text-align: center;\">3<\/td><td style=\"width: 12.5%; height: 24px; text-align: center;\">108<\/td><\/tr><tr><td style=\"width: 25%; text-align: center;\">WKM010<\/td><td style=\"width: 25%; text-align: center;\">Terakerju\u00f6ljy<\/td><td style=\"width: 25%; text-align: center;\">10 L<\/td><td style=\"width: 12.5%; text-align: center;\">\u00a0<\/td><td style=\"width: 12.5%; text-align: center;\">60<\/td><\/tr><tr style=\"background-color: #fff;\"><td style=\"width: 25%; text-align: center;\">WKM200<\/td><td style=\"width: 25%; text-align: center;\">Terakerju\u00f6ljy<\/td><td style=\"width: 25%; text-align: center;\">200 L<\/td><td style=\"width: 12.5%; text-align: center;\">\u00a0<\/td><td style=\"width: 12.5%; text-align: center;\">2<\/td><\/tr><\/tbody><\/table>\t\t\t\t\t\t<\/div>\n\t\t\t\t<\/div>\n\t\t\t\t\t<\/div>\n\t\t\t\t<\/div>\n\t\t\t\t<\/div>\n\t\t","protected":false},"excerpt":{"rendered":"<p>VOITELUAINEET TER\u00c4KETJU\u00d6LJY Uudesta mineraali\u00f6ljyst\u00e4 valmistettu ter\u00e4ketju\u00f6ljy. Lis\u00e4aineilla varmistetaan tehokas voitelu alhaisissakin l\u00e4mp\u00f6tiloissa, erinomainen korroosion esto ja kiinnitarttuvuus. Voidaan k\u00e4ytt\u00e4\u00e4 my\u00f6s teollisuuden kuljetinketjuissa ja katkaisulaitteissa Tuote nr Tuote Pakkaus Kpl laatikko Kpl lavalla WKM005 Terakerju\u00f6ljy 5 L 3 108 WKM010 Terakerju\u00f6ljy 10 L \u00a0 60 WKM200 Terakerju\u00f6ljy 200 L \u00a0 2<\/p>\n","protected":false},"author":2,"featured_media":0,"parent":4022,"menu_order":0,"comment_status":"closed","ping_status":"closed","template":"100-width.php","meta":{"footnotes":""},"_links":{"self":[{"href":"https:\/\/exim.ee\/fi\/wp-json\/wp\/v2\/pages\/4055"}],"collection":[{"href":"https:\/\/exim.ee\/fi\/wp-json\/wp\/v2\/pages"}],"about":[{"href":"https:\/\/exim.ee\/fi\/wp-json\/wp\/v2\/types\/page"}],"author":[{"embeddable":true,"href":"https:\/\/exim.ee\/fi\/wp-json\/wp\/v2\/users\/2"}],"replies":[{"embeddable":true,"href":"https:\/\/exim.ee\/fi\/wp-json\/wp\/v2\/comments?post=4055"}],"version-history":[{"count":5,"href":"https:\/\/exim.ee\/fi\/wp-json\/wp\/v2\/pages\/4055\/revisions"}],"predecessor-version":[{"id":5710,"href":"https:\/\/exim.ee\/fi\/wp-json\/wp\/v2\/pages\/4055\/revisions\/5710"}],"up":[{"embeddable":true,"href":"https:\/\/exim.ee\/fi\/wp-json\/wp\/v2\/pages\/4022"}],"wp:attachment":[{"href":"https:\/\/exim.ee\/fi\/wp-json\/wp\/v2\/media?parent=4055"}],"curies":[{"name":"wp","href":"https:\/\/api.w.org\/{rel}","templated":true}]}}