{"id":4072,"date":"2024-07-08T15:34:32","date_gmt":"2024-07-08T15:34:32","guid":{"rendered":"https:\/\/exim.ee\/voiteluaineet\/hydraulic-oil-32\/"},"modified":"2025-03-30T16:28:21","modified_gmt":"2025-03-30T16:28:21","slug":"hydraulic-oil-32","status":"publish","type":"page","link":"https:\/\/exim.ee\/fi\/voiteluaineet\/hydraulic-oil-32\/","title":{"rendered":"HYDRAULIC OIL 32"},"content":{"rendered":"\t\t<div data-elementor-type=\"wp-page\" data-elementor-id=\"4072\" class=\"elementor elementor-4072\" data-elementor-post-type=\"page\">\n\t\t\t\t<div class=\"elementor-element elementor-element-2012405 e-flex e-con-boxed e-con e-parent\" data-id=\"2012405\" data-element_type=\"container\">\n\t\t\t\t\t<div class=\"e-con-inner\">\n\t\t<div class=\"elementor-element elementor-element-81be3b4 e-con-full e-flex e-con e-child\" data-id=\"81be3b4\" data-element_type=\"container\" data-settings=\"{&quot;background_background&quot;:&quot;classic&quot;}\">\n\t\t\t\t<div class=\"elementor-element elementor-element-6429858 elementor-widget elementor-widget-heading\" data-id=\"6429858\" data-element_type=\"widget\" data-widget_type=\"heading.default\">\n\t\t\t\t<div class=\"elementor-widget-container\">\n\t\t\t<style>\/*! elementor - v3.22.0 - 26-06-2024 *\/\n.elementor-heading-title{padding:0;margin:0;line-height:1}.elementor-widget-heading .elementor-heading-title[class*=elementor-size-]>a{color:inherit;font-size:inherit;line-height:inherit}.elementor-widget-heading .elementor-heading-title.elementor-size-small{font-size:15px}.elementor-widget-heading .elementor-heading-title.elementor-size-medium{font-size:19px}.elementor-widget-heading .elementor-heading-title.elementor-size-large{font-size:29px}.elementor-widget-heading .elementor-heading-title.elementor-size-xl{font-size:39px}.elementor-widget-heading .elementor-heading-title.elementor-size-xxl{font-size:59px}<\/style><h1 class=\"elementor-heading-title elementor-size-default\">VOITELUAINEET<\/h1>\t\t<\/div>\n\t\t\t\t<\/div>\n\t\t\t\t<div class=\"elementor-element elementor-element-c763de4 elementor-widget elementor-widget-html\" data-id=\"c763de4\" data-element_type=\"widget\" data-widget_type=\"html.default\">\n\t\t\t\t<div class=\"elementor-widget-container\">\n\t\t\t<style>\n    #main .fusion-row,.e-con>.e-con-inner{\n        max-width: 100vw !important;\n    }\n\n    #main,.e-con{\n        padding-left:0 !important;\n        padding-right:0 !important;\n    }\n    .kast{\n        max-width: 77vw !important;\n        margin-left: auto;\n        margin-right: auto;\n    }\n     @media only screen and (max-width: 768px) {\n              .valik  .elementor-image-box-wrapper {\n                    display: flex;\n                    text-align: left;\n                }\n                   .valik figure {\n                       padding-top:10px;\n                       \n                       \n                   }\n                   .valik .elementor-image-box-title{\n                       padding-left:20px;\n                   }\n                   .valik .elementor-image-box-wrapper{\n                       padding-left:10px;\n                   }\n            }\n<\/style>\t\t<\/div>\n\t\t\t\t<\/div>\n\t\t\t\t<\/div>\n\t\t\t\t\t<\/div>\n\t\t\t\t<\/div>\n\t\t<div class=\"elementor-element elementor-element-817c18c kast e-flex e-con-boxed e-con e-parent\" data-id=\"817c18c\" data-element_type=\"container\">\n\t\t\t\t\t<div class=\"e-con-inner\">\n\t\t<div class=\"elementor-element elementor-element-8985fb1 e-con-full e-flex e-con e-child\" data-id=\"8985fb1\" data-element_type=\"container\">\n\t\t\t\t<div class=\"elementor-element elementor-element-dccf35a elementor-widget elementor-widget-text-editor\" data-id=\"dccf35a\" data-element_type=\"widget\" data-widget_type=\"text-editor.default\">\n\t\t\t\t<div class=\"elementor-widget-container\">\n\t\t\t<style>\/*! elementor - v3.22.0 - 26-06-2024 *\/\n.elementor-widget-text-editor.elementor-drop-cap-view-stacked .elementor-drop-cap{background-color:#69727d;color:#fff}.elementor-widget-text-editor.elementor-drop-cap-view-framed .elementor-drop-cap{color:#69727d;border:3px solid;background-color:transparent}.elementor-widget-text-editor:not(.elementor-drop-cap-view-default) .elementor-drop-cap{margin-top:8px}.elementor-widget-text-editor:not(.elementor-drop-cap-view-default) .elementor-drop-cap-letter{width:1em;height:1em}.elementor-widget-text-editor .elementor-drop-cap{float:left;text-align:center;line-height:1;font-size:50px}.elementor-widget-text-editor .elementor-drop-cap-letter{display:inline-block}<\/style>\t\t\t\t<p><strong>HYDRAULIC OIL 32<\/strong><\/p><p>Hydrauli\u00f6ljy voiteluyksik\u00f6ille ja hydraulisille ohjausj\u00e4rjestelmille. Soveltuu erityisesti liikkuvan kaluston, traktoreiden, maansiirtokoneiden ja alusten hydraulij\u00e4rjestelmiin. Suunniteltu k\u00e4ytett\u00e4v\u00e4ksi vaihtuvissa k\u00e4ytt\u00f6olosuhteissa ja l\u00e4mp\u00f6tiloissa, jossa vaaditaan tehokasta suojaa kulumiselta<\/p>\t\t\t\t\t\t<\/div>\n\t\t\t\t<\/div>\n\t\t\t\t<\/div>\n\t\t<div class=\"elementor-element elementor-element-b0158bc e-con-full e-flex e-con e-child\" data-id=\"b0158bc\" data-element_type=\"container\">\n\t\t\t\t<div class=\"elementor-element elementor-element-532a4c7 elementor-widget elementor-widget-image\" data-id=\"532a4c7\" data-element_type=\"widget\" data-widget_type=\"image.default\">\n\t\t\t\t<div class=\"elementor-widget-container\">\n\t\t\t<style>\/*! elementor - v3.22.0 - 26-06-2024 *\/\n.elementor-widget-image{text-align:center}.elementor-widget-image a{display:inline-block}.elementor-widget-image a img[src$=\".svg\"]{width:48px}.elementor-widget-image img{vertical-align:middle;display:inline-block}<\/style>\t\t\t\t\t\t\t\t\t\t<img fetchpriority=\"high\" decoding=\"async\" width=\"828\" height=\"946\" src=\"https:\/\/exim.ee\/wp-content\/uploads\/2024\/07\/Image-10-oli-kanister-5L.jpg\" class=\"attachment-full size-full wp-image-2544\" alt=\"\" srcset=\"https:\/\/exim.ee\/wp-content\/uploads\/2024\/07\/Image-10-oli-kanister-5L-200x229.jpg 200w, https:\/\/exim.ee\/wp-content\/uploads\/2024\/07\/Image-10-oli-kanister-5L-263x300.jpg 263w, https:\/\/exim.ee\/wp-content\/uploads\/2024\/07\/Image-10-oli-kanister-5L-400x457.jpg 400w, https:\/\/exim.ee\/wp-content\/uploads\/2024\/07\/Image-10-oli-kanister-5L-600x686.jpg 600w, https:\/\/exim.ee\/wp-content\/uploads\/2024\/07\/Image-10-oli-kanister-5L-768x877.jpg 768w, https:\/\/exim.ee\/wp-content\/uploads\/2024\/07\/Image-10-oli-kanister-5L-800x914.jpg 800w, https:\/\/exim.ee\/wp-content\/uploads\/2024\/07\/Image-10-oli-kanister-5L.jpg 828w\" sizes=\"(max-width: 828px) 100vw, 828px\" \/>\t\t\t\t\t\t\t\t\t\t\t\t\t<\/div>\n\t\t\t\t<\/div>\n\t\t\t\t<\/div>\n\t\t\t\t\t<\/div>\n\t\t\t\t<\/div>\n\t\t<div class=\"elementor-element elementor-element-887645e kast e-flex e-con-boxed e-con e-parent\" data-id=\"887645e\" data-element_type=\"container\">\n\t\t\t\t\t<div class=\"e-con-inner\">\n\t\t\t\t<div class=\"elementor-element elementor-element-a1461e0 elementor-widget elementor-widget-text-editor\" data-id=\"a1461e0\" data-element_type=\"widget\" data-widget_type=\"text-editor.default\">\n\t\t\t\t<div class=\"elementor-widget-container\">\n\t\t\t\t\t\t\t<table style=\"height: 168px; width: 101.178%; border-collapse: collapse;\" border=\"1px\"><tbody><tr style=\"height: 72px;\"><td style=\"width: 25%; height: 72px; text-align: center;\">Product code<\/td><td style=\"width: 25%; height: 72px; text-align: center;\">Description<\/td><td style=\"width: 25%; height: 72px; text-align: center;\">Package<\/td><td style=\"width: 12.5%; height: 72px; text-align: center;\">Qty per box<\/td><td style=\"width: 12.5%; height: 72px; text-align: center;\">Qty per pallet<\/td><\/tr><tr style=\"height: 24px; background-color: #fff;\"><td style=\"width: 25%; height: 24px; text-align: center;\">WKH001<\/td><td style=\"width: 25%; height: 24px; text-align: center;\">Hydraulic oil 32<\/td><td style=\"width: 25%; height: 24px; text-align: center;\">1 L<\/td><td style=\"width: 12.5%; height: 24px; text-align: center;\">12<\/td><td style=\"width: 12.5%; height: 24px; text-align: center;\">540<\/td><\/tr><tr><td style=\"width: 25%; text-align: center;\">WKH004<\/td><td style=\"width: 25%; text-align: center;\">Hydraulic oil 32<\/td><td style=\"width: 25%; text-align: center;\">4 L<\/td><td style=\"width: 12.5%; text-align: center;\">3<\/td><td style=\"width: 12.5%; text-align: center;\">144<\/td><\/tr><tr style=\"background-color: #fff;\"><td style=\"width: 25%; text-align: center;\">WKH010<\/td><td style=\"width: 25%; text-align: center;\">Hydraulic oil 32<\/td><td style=\"width: 25%; text-align: center;\">10 L<\/td><td style=\"width: 12.5%; text-align: center;\">\u00a0<\/td><td style=\"width: 12.5%; text-align: center;\">60<\/td><\/tr><tr><td style=\"width: 25%; text-align: center;\">WKH020<\/td><td style=\"width: 25%; text-align: center;\">Hydraulic oil 32<\/td><td style=\"width: 25%; text-align: center;\">20 L<\/td><td style=\"width: 12.5%; text-align: center;\">\u00a0<\/td><td style=\"width: 12.5%; text-align: center;\">28<\/td><\/tr><tr style=\"background-color: #fff;\"><td style=\"width: 25%; text-align: center;\">WKH200<\/td><td style=\"width: 25%; text-align: center;\">Hydraulic oil 32<\/td><td style=\"width: 25%; text-align: center;\">200 L<\/td><td style=\"width: 12.5%; text-align: center;\">\u00a0<\/td><td style=\"width: 12.5%; text-align: center;\">2<\/td><\/tr><tr><td style=\"width: 25%; text-align: center;\">WKH1000<\/td><td style=\"width: 25%; text-align: center;\">Hydraulic oil 32<\/td><td style=\"width: 25%; text-align: center;\">1000 L<\/td><td style=\"width: 12.5%; text-align: center;\">\u00a0<\/td><td style=\"width: 12.5%; text-align: center;\">1<\/td><\/tr><\/tbody><\/table>\t\t\t\t\t\t<\/div>\n\t\t\t\t<\/div>\n\t\t\t\t\t<\/div>\n\t\t\t\t<\/div>\n\t\t\t\t<\/div>\n\t\t","protected":false},"excerpt":{"rendered":"<p>VOITELUAINEET HYDRAULIC OIL 32 Hydrauli\u00f6ljy voiteluyksik\u00f6ille ja hydraulisille ohjausj\u00e4rjestelmille. Soveltuu erityisesti liikkuvan kaluston, traktoreiden, maansiirtokoneiden ja alusten hydraulij\u00e4rjestelmiin. Suunniteltu k\u00e4ytett\u00e4v\u00e4ksi vaihtuvissa k\u00e4ytt\u00f6olosuhteissa ja l\u00e4mp\u00f6tiloissa, jossa vaaditaan tehokasta suojaa kulumiselta Product code Description Package Qty per box Qty per pallet WKH001 Hydraulic oil 32 1 L 12 540 WKH004 Hydraulic oil 32 4 L 3 144 [&hellip;]<\/p>\n","protected":false},"author":2,"featured_media":0,"parent":4022,"menu_order":0,"comment_status":"closed","ping_status":"closed","template":"100-width.php","meta":{"footnotes":""},"_links":{"self":[{"href":"https:\/\/exim.ee\/fi\/wp-json\/wp\/v2\/pages\/4072"}],"collection":[{"href":"https:\/\/exim.ee\/fi\/wp-json\/wp\/v2\/pages"}],"about":[{"href":"https:\/\/exim.ee\/fi\/wp-json\/wp\/v2\/types\/page"}],"author":[{"embeddable":true,"href":"https:\/\/exim.ee\/fi\/wp-json\/wp\/v2\/users\/2"}],"replies":[{"embeddable":true,"href":"https:\/\/exim.ee\/fi\/wp-json\/wp\/v2\/comments?post=4072"}],"version-history":[{"count":5,"href":"https:\/\/exim.ee\/fi\/wp-json\/wp\/v2\/pages\/4072\/revisions"}],"predecessor-version":[{"id":5719,"href":"https:\/\/exim.ee\/fi\/wp-json\/wp\/v2\/pages\/4072\/revisions\/5719"}],"up":[{"embeddable":true,"href":"https:\/\/exim.ee\/fi\/wp-json\/wp\/v2\/pages\/4022"}],"wp:attachment":[{"href":"https:\/\/exim.ee\/fi\/wp-json\/wp\/v2\/media?parent=4072"}],"curies":[{"name":"wp","href":"https:\/\/api.w.org\/{rel}","templated":true}]}}