{"id":4157,"date":"2024-07-08T15:29:30","date_gmt":"2024-07-08T15:29:30","guid":{"rendered":"https:\/\/exim.ee\/liuottimet\/nitrosolvent\/"},"modified":"2025-05-01T06:51:37","modified_gmt":"2025-05-01T06:51:37","slug":"tinneri","status":"publish","type":"page","link":"https:\/\/exim.ee\/fi\/liuottimet\/tinneri\/","title":{"rendered":"TINNERI"},"content":{"rendered":"\t\t<div data-elementor-type=\"wp-page\" data-elementor-id=\"4157\" class=\"elementor elementor-4157\" data-elementor-post-type=\"page\">\n\t\t\t\t<div class=\"elementor-element elementor-element-ed34307 e-flex e-con-boxed e-con e-parent\" data-id=\"ed34307\" data-element_type=\"container\">\n\t\t\t\t\t<div class=\"e-con-inner\">\n\t\t<div class=\"elementor-element elementor-element-c301c4d e-con-full e-flex e-con e-child\" data-id=\"c301c4d\" data-element_type=\"container\" data-settings=\"{&quot;background_background&quot;:&quot;classic&quot;}\">\n\t\t\t\t<div class=\"elementor-element elementor-element-035cb05 elementor-widget elementor-widget-heading\" data-id=\"035cb05\" data-element_type=\"widget\" data-widget_type=\"heading.default\">\n\t\t\t\t<div class=\"elementor-widget-container\">\n\t\t\t<style>\/*! elementor - v3.22.0 - 26-06-2024 *\/\n.elementor-heading-title{padding:0;margin:0;line-height:1}.elementor-widget-heading .elementor-heading-title[class*=elementor-size-]>a{color:inherit;font-size:inherit;line-height:inherit}.elementor-widget-heading .elementor-heading-title.elementor-size-small{font-size:15px}.elementor-widget-heading .elementor-heading-title.elementor-size-medium{font-size:19px}.elementor-widget-heading .elementor-heading-title.elementor-size-large{font-size:29px}.elementor-widget-heading .elementor-heading-title.elementor-size-xl{font-size:39px}.elementor-widget-heading .elementor-heading-title.elementor-size-xxl{font-size:59px}<\/style><h1 class=\"elementor-heading-title elementor-size-default\">LIUOTTIMET<\/h1>\t\t<\/div>\n\t\t\t\t<\/div>\n\t\t\t\t<div class=\"elementor-element elementor-element-afa5413 elementor-widget elementor-widget-html\" data-id=\"afa5413\" data-element_type=\"widget\" data-widget_type=\"html.default\">\n\t\t\t\t<div class=\"elementor-widget-container\">\n\t\t\t<style>\n    #main .fusion-row,.e-con>.e-con-inner{\n        max-width: 100vw !important;\n    }\n\n    #main,.e-con{\n        padding-left:0 !important;\n        padding-right:0 !important;\n    }\n    .kast{\n        max-width: 77vw !important;\n        margin-left: auto;\n        margin-right: auto;\n    }\n     @media only screen and (max-width: 768px) {\n              .valik  .elementor-image-box-wrapper {\n                    display: flex;\n                    text-align: left;\n                }\n                   .valik figure {\n                       padding-top:10px;\n                       \n                       \n                   }\n                   .valik .elementor-image-box-title{\n                       padding-left:20px;\n                   }\n                   .valik .elementor-image-box-wrapper{\n                       padding-left:10px;\n                   }\n            }\n<\/style>\t\t<\/div>\n\t\t\t\t<\/div>\n\t\t\t\t<\/div>\n\t\t\t\t\t<\/div>\n\t\t\t\t<\/div>\n\t\t<div class=\"elementor-element elementor-element-beb3c8c kast e-flex e-con-boxed e-con e-parent\" data-id=\"beb3c8c\" data-element_type=\"container\">\n\t\t\t\t\t<div class=\"e-con-inner\">\n\t\t<div class=\"elementor-element elementor-element-7fa7d23 e-con-full e-flex e-con e-child\" data-id=\"7fa7d23\" data-element_type=\"container\">\n\t\t\t\t<div class=\"elementor-element elementor-element-143027a elementor-widget elementor-widget-text-editor\" data-id=\"143027a\" data-element_type=\"widget\" data-widget_type=\"text-editor.default\">\n\t\t\t\t<div class=\"elementor-widget-container\">\n\t\t\t<style>\/*! elementor - v3.22.0 - 26-06-2024 *\/\n.elementor-widget-text-editor.elementor-drop-cap-view-stacked .elementor-drop-cap{background-color:#69727d;color:#fff}.elementor-widget-text-editor.elementor-drop-cap-view-framed .elementor-drop-cap{color:#69727d;border:3px solid;background-color:transparent}.elementor-widget-text-editor:not(.elementor-drop-cap-view-default) .elementor-drop-cap{margin-top:8px}.elementor-widget-text-editor:not(.elementor-drop-cap-view-default) .elementor-drop-cap-letter{width:1em;height:1em}.elementor-widget-text-editor .elementor-drop-cap{float:left;text-align:center;line-height:1;font-size:50px}.elementor-widget-text-editor .elementor-drop-cap-letter{display:inline-block}<\/style>\t\t\t\t<p><strong>TINNERI<\/strong><\/p><p>Tinneri sopii nitromaalien ohentamiseen, vanhan nitromaalin ja -kitin poistamiseen, erilaisten pintojen ja ty\u00f6v\u00e4lineiden puhdistamiseen. Voi k\u00e4ytt\u00e4\u00e4 alkydi-, \u00f6ljy- sek\u00e4 uretaanialkydimaaleille ja -lakoille. Ei sovi vesiohenteisille tuotteille.<\/p>\t\t\t\t\t\t<\/div>\n\t\t\t\t<\/div>\n\t\t\t\t<\/div>\n\t\t<div class=\"elementor-element elementor-element-d757337 e-con-full e-flex e-con e-child\" data-id=\"d757337\" data-element_type=\"container\">\n\t\t\t\t<div class=\"elementor-element elementor-element-997ae8b elementor-widget elementor-widget-image\" data-id=\"997ae8b\" data-element_type=\"widget\" data-widget_type=\"image.default\">\n\t\t\t\t<div class=\"elementor-widget-container\">\n\t\t\t<style>\/*! elementor - v3.22.0 - 26-06-2024 *\/\n.elementor-widget-image{text-align:center}.elementor-widget-image a{display:inline-block}.elementor-widget-image a img[src$=\".svg\"]{width:48px}.elementor-widget-image img{vertical-align:middle;display:inline-block}<\/style>\t\t\t\t\t\t\t\t\t\t<img fetchpriority=\"high\" decoding=\"async\" width=\"828\" height=\"946\" src=\"https:\/\/exim.ee\/wp-content\/uploads\/2024\/07\/Image-9-metall-pakend-5L-lahustid-.jpg\" class=\"attachment-full size-full wp-image-2508\" alt=\"\" srcset=\"https:\/\/exim.ee\/wp-content\/uploads\/2024\/07\/Image-9-metall-pakend-5L-lahustid--200x229.jpg 200w, https:\/\/exim.ee\/wp-content\/uploads\/2024\/07\/Image-9-metall-pakend-5L-lahustid--263x300.jpg 263w, https:\/\/exim.ee\/wp-content\/uploads\/2024\/07\/Image-9-metall-pakend-5L-lahustid--400x457.jpg 400w, https:\/\/exim.ee\/wp-content\/uploads\/2024\/07\/Image-9-metall-pakend-5L-lahustid--600x686.jpg 600w, https:\/\/exim.ee\/wp-content\/uploads\/2024\/07\/Image-9-metall-pakend-5L-lahustid--768x877.jpg 768w, https:\/\/exim.ee\/wp-content\/uploads\/2024\/07\/Image-9-metall-pakend-5L-lahustid--800x914.jpg 800w, https:\/\/exim.ee\/wp-content\/uploads\/2024\/07\/Image-9-metall-pakend-5L-lahustid-.jpg 828w\" sizes=\"(max-width: 828px) 100vw, 828px\" \/>\t\t\t\t\t\t\t\t\t\t\t\t\t<\/div>\n\t\t\t\t<\/div>\n\t\t\t\t<\/div>\n\t\t\t\t\t<\/div>\n\t\t\t\t<\/div>\n\t\t<div class=\"elementor-element elementor-element-a245388 kast e-flex e-con-boxed e-con e-parent\" data-id=\"a245388\" data-element_type=\"container\">\n\t\t\t\t\t<div class=\"e-con-inner\">\n\t\t\t\t<div class=\"elementor-element elementor-element-34c2bfd elementor-widget elementor-widget-text-editor\" data-id=\"34c2bfd\" data-element_type=\"widget\" data-widget_type=\"text-editor.default\">\n\t\t\t\t<div class=\"elementor-widget-container\">\n\t\t\t\t\t\t\t<table style=\"height: 168px; width: 101.178%; border-collapse: collapse;\" border=\"1px\"><tbody><tr style=\"height: 72px;\"><td style=\"width: 25%; height: 72px; text-align: center;\">Tuote nr<\/td><td style=\"width: 25%; height: 72px; text-align: center;\">Tuote<\/td><td style=\"width: 25%; height: 72px; text-align: center;\">Pakkaus<\/td><td style=\"width: 12.5%; height: 72px; text-align: center;\">Kpl laatikko<\/td><td style=\"width: 12.5%; height: 72px; text-align: center;\">Kpl lavalla<\/td><\/tr><tr style=\"height: 24px; background-color: #fff;\"><td style=\"width: 25%; height: 24px; text-align: center;\">WKB001<\/td><td style=\"width: 25%; height: 24px; text-align: center;\">Tinneri<\/td><td style=\"width: 25%; height: 24px; text-align: center;\">1 L<\/td><td style=\"width: 12.5%; height: 24px; text-align: center;\">12<\/td><td style=\"width: 12.5%; height: 24px; text-align: center;\">504<\/td><\/tr><tr style=\"height: 24px;\"><td style=\"width: 25%; height: 24px; text-align: center;\">WKB005<\/td><td style=\"width: 25%; height: 24px; text-align: center;\">Tinneri<\/td><td style=\"width: 25%; height: 24px; text-align: center;\">5 L<\/td><td style=\"width: 12.5%; height: 24px; text-align: center;\">\u00a0<\/td><td style=\"width: 12.5%; height: 24px; text-align: center;\">108<\/td><\/tr><tr style=\"background-color: #fff;\"><td style=\"width: 25%; height: 24px; text-align: center;\">WKB010<\/td><td style=\"width: 25%; height: 24px; text-align: center;\">Tinneri<\/td><td style=\"width: 25%; height: 24px; text-align: center;\">10 L<\/td><td style=\"width: 12.5%; height: 24px; text-align: center;\">\u00a0<\/td><td style=\"width: 12.5%; height: 24px; text-align: center;\">75<\/td><\/tr><tr style=\"height: 24px;\"><td style=\"width: 25%; height: 24px; text-align: center;\">WKB200<\/td><td style=\"width: 25%; height: 24px; text-align: center;\">Tinneri<\/td><td style=\"width: 25%; height: 24px; text-align: center;\">200 L<\/td><td style=\"width: 12.5%; height: 24px; text-align: center;\">\u00a0<\/td><td style=\"width: 12.5%; height: 24px; text-align: center;\">2<\/td><\/tr><\/tbody><\/table>\t\t\t\t\t\t<\/div>\n\t\t\t\t<\/div>\n\t\t\t\t\t<\/div>\n\t\t\t\t<\/div>\n\t\t\t\t<\/div>\n\t\t","protected":false},"excerpt":{"rendered":"<p>LIUOTTIMET TINNERI Tinneri sopii nitromaalien ohentamiseen, vanhan nitromaalin ja -kitin poistamiseen, erilaisten pintojen ja ty\u00f6v\u00e4lineiden puhdistamiseen. Voi k\u00e4ytt\u00e4\u00e4 alkydi-, \u00f6ljy- sek\u00e4 uretaanialkydimaaleille ja -lakoille. Ei sovi vesiohenteisille tuotteille. Tuote nr Tuote Pakkaus Kpl laatikko Kpl lavalla WKB001 Tinneri 1 L 12 504 WKB005 Tinneri 5 L \u00a0 108 WKB010 Tinneri 10 L \u00a0 75 WKB200 [&hellip;]<\/p>\n","protected":false},"author":2,"featured_media":0,"parent":4121,"menu_order":0,"comment_status":"closed","ping_status":"closed","template":"100-width.php","meta":{"footnotes":""},"_links":{"self":[{"href":"https:\/\/exim.ee\/fi\/wp-json\/wp\/v2\/pages\/4157"}],"collection":[{"href":"https:\/\/exim.ee\/fi\/wp-json\/wp\/v2\/pages"}],"about":[{"href":"https:\/\/exim.ee\/fi\/wp-json\/wp\/v2\/types\/page"}],"author":[{"embeddable":true,"href":"https:\/\/exim.ee\/fi\/wp-json\/wp\/v2\/users\/2"}],"replies":[{"embeddable":true,"href":"https:\/\/exim.ee\/fi\/wp-json\/wp\/v2\/comments?post=4157"}],"version-history":[{"count":5,"href":"https:\/\/exim.ee\/fi\/wp-json\/wp\/v2\/pages\/4157\/revisions"}],"predecessor-version":[{"id":5912,"href":"https:\/\/exim.ee\/fi\/wp-json\/wp\/v2\/pages\/4157\/revisions\/5912"}],"up":[{"embeddable":true,"href":"https:\/\/exim.ee\/fi\/wp-json\/wp\/v2\/pages\/4121"}],"wp:attachment":[{"href":"https:\/\/exim.ee\/fi\/wp-json\/wp\/v2\/media?parent=4157"}],"curies":[{"name":"wp","href":"https:\/\/api.w.org\/{rel}","templated":true}]}}