{"id":4207,"date":"2016-09-22T09:24:27","date_gmt":"2016-09-22T09:24:27","guid":{"rendered":"https:\/\/exim.ee\/packaging\/"},"modified":"2024-07-22T17:39:59","modified_gmt":"2024-07-22T17:39:59","slug":"pakkaus","status":"publish","type":"page","link":"https:\/\/exim.ee\/fi\/pakkaus\/","title":{"rendered":"PAKKAUS"},"content":{"rendered":"<p><div class=\"fusion-fullwidth fullwidth-box fusion-builder-row-1 fusion-parallax-none nonhundred-percent-fullwidth non-hundred-percent-height-scrolling\" style=\"--awb-border-sizes-top:0px;--awb-border-sizes-bottom:0px;--awb-border-sizes-left:0px;--awb-border-sizes-right:0px;--awb-border-radius-top-left:0px;--awb-border-radius-top-right:0px;--awb-border-radius-bottom-right:0px;--awb-border-radius-bottom-left:0px;--awb-padding-top:110px;--awb-padding-bottom:110px;--awb-background-image:url(&quot;http:\/\/exim.ee\/wp-content\/uploads\/2016\/09\/banner4-1-dark-lr.jpg&quot;);--awb-background-size:cover;--awb-flex-wrap:wrap;\" ><div class=\"fusion-builder-row fusion-row\"><div class=\"fusion-layout-column fusion_builder_column fusion-builder-column-0 fusion_builder_column_1_1 1_1 fusion-one-full fusion-column-first fusion-column-last fusion-column-no-min-height\" style=\"--awb-bg-size:cover;--awb-margin-bottom:0px;\"><div class=\"fusion-column-wrapper fusion-flex-column-wrapper-legacy\"><div class=\"fusion-text fusion-text-1\"><h1 style=\"text-align: center;\"><strong><span style=\"color: #ffffff; font-size: 60px;\">PAKKAUS<\/span><\/strong><\/h1>\n<\/div><div class=\"fusion-clearfix\"><\/div><\/div><\/div><\/div><\/div><div class=\"fusion-fullwidth fullwidth-box fusion-builder-row-2 nonhundred-percent-fullwidth non-hundred-percent-height-scrolling\" style=\"--awb-background-position:left top;--awb-border-sizes-top:0px;--awb-border-sizes-bottom:0px;--awb-border-sizes-left:0px;--awb-border-sizes-right:0px;--awb-border-radius-top-left:0px;--awb-border-radius-top-right:0px;--awb-border-radius-bottom-right:0px;--awb-border-radius-bottom-left:0px;--awb-padding-top:20px;--awb-padding-bottom:20px;--awb-flex-wrap:wrap;\" ><div class=\"fusion-builder-row fusion-row\"><div class=\"fusion-layout-column fusion_builder_column fusion-builder-column-1 fusion_builder_column_1_1 1_1 fusion-one-full fusion-column-first fusion-column-last\" style=\"--awb-padding-top:25px;--awb-padding-right:25px;--awb-padding-bottom:5px;--awb-padding-left:25px;--awb-bg-color:#edecec;--awb-bg-color-hover:#edecec;--awb-bg-size:cover;--awb-border-color:transparent;--awb-border-top:0px;--awb-border-right:0px;--awb-border-bottom:0px;--awb-border-left:0px;--awb-border-style:solid;\"><div class=\"fusion-column-wrapper fusion-flex-column-wrapper-legacy\"><div class=\"fusion-text fusion-text-2\"><p>Pakkaus on t\u00e4rke\u00e4 osa omien merkkien valmistusprosessia. Ajoneuvojen nesteit\u00e4, voiteluaineita, pesuaineita ja liuottimia pakataan moniin eri muotoihin, jotta ne t\u00e4ytt\u00e4v\u00e4t monenlaiset kulutus- ja varastotilat. Tiukkojen teknisten vaatimusten lis\u00e4ksi v\u00e4hitt\u00e4iskaupassa pakkaussuunnittelu m\u00e4\u00e4r\u00e4\u00e4, ostaako kuluttaja tuotteesi vai siirtyyk\u00f6 h\u00e4n eteenp\u00e4in ja etsii jotain muuta. Pakkaus voi tehd\u00e4 tuotteen tai rikkoa sen. Laaja valikoimamme pakkaustyyppej\u00e4 0,5 litrasta aina 1000 litraan IBC-pakkauksiin vastaa kaikkiin asiakkaidemme tarpeisiin edulliseen myyntiin.<\/p>\n<\/div><div class=\"fusion-clearfix\"><\/div><\/div><\/div><\/div><\/div><\/p>\n","protected":false},"excerpt":{"rendered":"","protected":false},"author":2,"featured_media":0,"parent":0,"menu_order":0,"comment_status":"closed","ping_status":"closed","template":"100-width.php","meta":{"footnotes":""},"_links":{"self":[{"href":"https:\/\/exim.ee\/fi\/wp-json\/wp\/v2\/pages\/4207"}],"collection":[{"href":"https:\/\/exim.ee\/fi\/wp-json\/wp\/v2\/pages"}],"about":[{"href":"https:\/\/exim.ee\/fi\/wp-json\/wp\/v2\/types\/page"}],"author":[{"embeddable":true,"href":"https:\/\/exim.ee\/fi\/wp-json\/wp\/v2\/users\/2"}],"replies":[{"embeddable":true,"href":"https:\/\/exim.ee\/fi\/wp-json\/wp\/v2\/comments?post=4207"}],"version-history":[{"count":1,"href":"https:\/\/exim.ee\/fi\/wp-json\/wp\/v2\/pages\/4207\/revisions"}],"predecessor-version":[{"id":4211,"href":"https:\/\/exim.ee\/fi\/wp-json\/wp\/v2\/pages\/4207\/revisions\/4211"}],"wp:attachment":[{"href":"https:\/\/exim.ee\/fi\/wp-json\/wp\/v2\/media?parent=4207"}],"curies":[{"name":"wp","href":"https:\/\/api.w.org\/{rel}","templated":true}]}}