{"id":4232,"date":"2016-09-22T09:33:37","date_gmt":"2016-09-22T09:33:37","guid":{"rendered":"https:\/\/exim.ee\/personnel-training\/"},"modified":"2024-07-22T18:16:11","modified_gmt":"2024-07-22T18:16:11","slug":"henkilokoulutus","status":"publish","type":"page","link":"https:\/\/exim.ee\/fi\/henkilokoulutus\/","title":{"rendered":"HENKIL\u00d6KOULUTUS"},"content":{"rendered":"<p><div class=\"fusion-fullwidth fullwidth-box fusion-builder-row-1 fusion-parallax-none nonhundred-percent-fullwidth non-hundred-percent-height-scrolling\" style=\"--awb-border-sizes-top:0px;--awb-border-sizes-bottom:0px;--awb-border-sizes-left:0px;--awb-border-sizes-right:0px;--awb-border-radius-top-left:0px;--awb-border-radius-top-right:0px;--awb-border-radius-bottom-right:0px;--awb-border-radius-bottom-left:0px;--awb-padding-top:110px;--awb-padding-bottom:110px;--awb-background-image:url(&quot;http:\/\/exim.ee\/wp-content\/uploads\/2016\/09\/banner4-2-dark-lr.jpg&quot;);--awb-background-size:cover;--awb-flex-wrap:wrap;\" ><div class=\"fusion-builder-row fusion-row\"><div class=\"fusion-layout-column fusion_builder_column fusion-builder-column-0 fusion_builder_column_1_1 1_1 fusion-one-full fusion-column-first fusion-column-last fusion-column-no-min-height\" style=\"--awb-bg-size:cover;--awb-margin-bottom:0px;\"><div class=\"fusion-column-wrapper fusion-flex-column-wrapper-legacy\"><div class=\"fusion-text fusion-text-1\"><h1 style=\"text-align: center;\"><strong><span style=\"color: #ffffff; font-size: 60px;\">HENKIL\u00d6KOULUTUS<\/span><\/strong><\/h1>\n<\/div><div class=\"fusion-clearfix\"><\/div><\/div><\/div><\/div><\/div><div class=\"fusion-fullwidth fullwidth-box fusion-builder-row-2 nonhundred-percent-fullwidth non-hundred-percent-height-scrolling\" style=\"--awb-background-position:left top;--awb-border-sizes-top:0px;--awb-border-sizes-bottom:0px;--awb-border-sizes-left:0px;--awb-border-sizes-right:0px;--awb-border-radius-top-left:0px;--awb-border-radius-top-right:0px;--awb-border-radius-bottom-right:0px;--awb-border-radius-bottom-left:0px;--awb-padding-top:20px;--awb-padding-bottom:20px;--awb-flex-wrap:wrap;\" ><div class=\"fusion-builder-row fusion-row\"><div class=\"fusion-layout-column fusion_builder_column fusion-builder-column-1 fusion_builder_column_1_1 1_1 fusion-one-full fusion-column-first fusion-column-last\" style=\"--awb-padding-top:25px;--awb-padding-right:25px;--awb-padding-bottom:5px;--awb-padding-left:25px;--awb-bg-color:#edecec;--awb-bg-color-hover:#edecec;--awb-bg-size:cover;--awb-border-color:transparent;--awb-border-top:0px;--awb-border-right:0px;--awb-border-bottom:0px;--awb-border-left:0px;--awb-border-style:solid;\"><div class=\"fusion-column-wrapper fusion-flex-column-wrapper-legacy\"><div class=\"fusion-text fusion-text-2\"><p>Henkil\u00f6st\u00f6n koulutus on olennaista organisaation kehittymiselle ja menestykselle. Se on kannattavaa sek\u00e4 ty\u00f6nantajille ett\u00e4 organisaation ty\u00f6ntekij\u00f6ille. Henkil\u00f6st\u00f6st\u00e4 tulee tehokkaampaa ja tuottavampaa, jos h\u00e4net koulutetaan hyvin. Koulutus voi antaa todellista kilpailuetua kilpailijoihin n\u00e4hden. Ainoa tapa, jolla voit olla parempi kuin kilpailijasi, on ty\u00f6ntekij\u00e4si olevan muita parempia, ja koulutus on suora tapa saavuttaa t\u00e4m\u00e4. Siksi tarjoamme asiakkaillemme jatkuvaa henkil\u00f6st\u00f6koulutusta ja teknist\u00e4 tukea.<\/p>\n<\/div><div class=\"fusion-clearfix\"><\/div><\/div><\/div><\/div><\/div><\/p>\n","protected":false},"excerpt":{"rendered":"","protected":false},"author":2,"featured_media":0,"parent":0,"menu_order":0,"comment_status":"closed","ping_status":"closed","template":"100-width.php","meta":{"footnotes":""},"_links":{"self":[{"href":"https:\/\/exim.ee\/fi\/wp-json\/wp\/v2\/pages\/4232"}],"collection":[{"href":"https:\/\/exim.ee\/fi\/wp-json\/wp\/v2\/pages"}],"about":[{"href":"https:\/\/exim.ee\/fi\/wp-json\/wp\/v2\/types\/page"}],"author":[{"embeddable":true,"href":"https:\/\/exim.ee\/fi\/wp-json\/wp\/v2\/users\/2"}],"replies":[{"embeddable":true,"href":"https:\/\/exim.ee\/fi\/wp-json\/wp\/v2\/comments?post=4232"}],"version-history":[{"count":1,"href":"https:\/\/exim.ee\/fi\/wp-json\/wp\/v2\/pages\/4232\/revisions"}],"predecessor-version":[{"id":4238,"href":"https:\/\/exim.ee\/fi\/wp-json\/wp\/v2\/pages\/4232\/revisions\/4238"}],"wp:attachment":[{"href":"https:\/\/exim.ee\/fi\/wp-json\/wp\/v2\/media?parent=4232"}],"curies":[{"name":"wp","href":"https:\/\/api.w.org\/{rel}","templated":true}]}}